{"id":15,"date":"2018-02-23T09:28:41","date_gmt":"2018-02-23T12:28:41","guid":{"rendered":"http:\/\/200.164.238.180\/cms\/?page_id=15"},"modified":"2018-05-28T19:47:00","modified_gmt":"2018-05-28T22:47:00","slug":"historico","status":"publish","type":"page","link":"https:\/\/paracambi.rj.gov.br\/cms\/historico\/","title":{"rendered":"Hist\u00f3rico"},"content":{"rendered":"<p style=\"text-align: justify;\">O <strong>Conselho Municipal de Sa\u00fade de Paracamb<\/strong>i\u00a0 (<strong>CMS<\/strong>) foi criado pela <strong>Lei Municipal n\u00ba 305<\/strong>, de 19 de maio de 1994, nos termos das legisla\u00e7\u00f5es que regem o Conselho Municipal de Sa\u00fade de Paracambi \u2013 C.M.S, com fun\u00e7\u00f5es de car\u00e1ter deliberativo, normativo, fiscalizador e consultivo, como \u00f3rg\u00e3o colegiado superior, respons\u00e1vel pelo Sistema \u00danico de Sa\u00fade \u2013 SUS, no Munic\u00edpio, conforme as Leis n\u00ba 8080, de 19 de setembro de 1990,\u00a0 Decreto n\u00ba 7.508, de 28 de junho de 2011, Lei n\u00ba 8142, de 28 de dezembro de 1990, Resolu\u00e7\u00e3o n\u00ba 453, de 10 de maio de 2012, e a Lei Org\u00e2nica Municipal, de 05 de abril de 1990, Cap\u00edtulo IV \u2013 Da Sa\u00fade \u2013 Artigos 155, 156 e 157 com objetivo de estabelecer, acompanhar e avaliar a pol\u00edtica municipal de\u00a0 sa\u00fade e efetivar a participa\u00e7\u00e3o da comunidade na gest\u00e3o do <strong>Sistema \u00danico de Sa\u00fade<\/strong> (<strong>SUS<\/strong>), e Lei n\u00ba 308, de 30 de junho de 1994, que institui o Fundo Municipal de Sa\u00fade e suas altera\u00e7\u00f5es. Em 2014 no dia 08 de maio a Lei Municipal de cria\u00e7\u00e3o do Conselho foi revogada pela nova Lei Municipal de Paracambi 1.123 e publicada no <strong>ZM Not\u00edcias no dia 23 de Maio de 2014<\/strong>.<\/p>\n","protected":false},"excerpt":{"rendered":"<p>O Conselho Municipal de Sa\u00fade de Paracambi\u00a0 (CMS) foi criado pela Lei Municipal n\u00ba 305, de 19 de maio de<\/p>\n","protected":false},"author":1,"featured_media":0,"parent":0,"menu_order":0,"comment_status":"closed","ping_status":"closed","template":"","meta":{"colormag_page_container_layout":"default_layout","colormag_page_sidebar_layout":"default_layout","footnotes":""},"class_list":["post-15","page","type-page","status-publish","hentry"],"jetpack_sharing_enabled":true,"jetpack_shortlink":"https:\/\/wp.me\/PapbWU-f","jetpack-related-posts":[],"_links":{"self":[{"href":"https:\/\/paracambi.rj.gov.br\/cms\/wp-json\/wp\/v2\/pages\/15","targetHints":{"allow":["GET"]}}],"collection":[{"href":"https:\/\/paracambi.rj.gov.br\/cms\/wp-json\/wp\/v2\/pages"}],"about":[{"href":"https:\/\/paracambi.rj.gov.br\/cms\/wp-json\/wp\/v2\/types\/page"}],"author":[{"embeddable":true,"href":"https:\/\/paracambi.rj.gov.br\/cms\/wp-json\/wp\/v2\/users\/1"}],"replies":[{"embeddable":true,"href":"https:\/\/paracambi.rj.gov.br\/cms\/wp-json\/wp\/v2\/comments?post=15"}],"version-history":[{"count":2,"href":"https:\/\/paracambi.rj.gov.br\/cms\/wp-json\/wp\/v2\/pages\/15\/revisions"}],"predecessor-version":[{"id":404,"href":"https:\/\/paracambi.rj.gov.br\/cms\/wp-json\/wp\/v2\/pages\/15\/revisions\/404"}],"wp:attachment":[{"href":"https:\/\/paracambi.rj.gov.br\/cms\/wp-json\/wp\/v2\/media?parent=15"}],"curies":[{"name":"wp","href":"https:\/\/api.w.org\/{rel}","templated":true}]}}