{"id":1644,"date":"2021-09-25T15:19:40","date_gmt":"2021-09-25T18:19:40","guid":{"rendered":"https:\/\/paracambi.rj.gov.br\/cms\/?page_id=1644"},"modified":"2021-09-25T21:23:26","modified_gmt":"2021-09-26T00:23:26","slug":"2012-2","status":"publish","type":"page","link":"https:\/\/paracambi.rj.gov.br\/cms\/2012-2\/","title":{"rendered":"2012"},"content":{"rendered":"<p><a href=\"https:\/\/paracambi.rj.gov.br\/cms\/wp-content\/uploads\/2021\/09\/ATA-REUNIAO-ORDINARIA-03-MARCO-2012.pdf\">ATA REUNI\u00c3O ORDIN\u00c1RIA 03 MAR\u00c7O 2012<\/a><\/p>\n<p><a href=\"https:\/\/paracambi.rj.gov.br\/cms\/wp-content\/uploads\/2021\/09\/ATA-REUNIAO-ORDINARIA-04-ABRIL-2012.pdf\">ATA REUNI\u00c3O ORDIN\u00c1RIA 04 ABRIL 2012<\/a><\/p>\n<p><a href=\"https:\/\/paracambi.rj.gov.br\/cms\/wp-content\/uploads\/2021\/09\/ATA-REUNIAO-ORDINARIA-05-MAIO-2012.pdf\">ATA REUNI\u00c3O ORDIN\u00c1RIA 05 MAIO 2012<\/a><\/p>\n<p><a href=\"https:\/\/paracambi.rj.gov.br\/cms\/wp-content\/uploads\/2021\/09\/ATA-REUNIAO-ORDINARIA-07JULHO-2012.pdf\">ATA REUNI\u00c3O ORDIN\u00c1RIA 07JULHO 2012<\/a><\/p>\n<p><a href=\"https:\/\/paracambi.rj.gov.br\/cms\/wp-content\/uploads\/2021\/09\/ATA-REUNIAO-ORDINARIA-08-AGOSTO-2012.pdf\">ATA REUNI\u00c3O ORDIN\u00c1RIA 08 AGOSTO 2012<\/a><\/p>\n<p><a href=\"https:\/\/paracambi.rj.gov.br\/cms\/wp-content\/uploads\/2021\/09\/ATA-REUNIAO-ORDINARIA-09-SETEMBRO-2012.pdf\">ATA REUNI\u00c3O ORDIN\u00c1RIA 09 SETEMBRO 2012<\/a><\/p>\n<p><a href=\"https:\/\/paracambi.rj.gov.br\/cms\/wp-content\/uploads\/2021\/09\/ATA-REUNIAO-ORDINARIA-10-OUTUBRO-2012.pdf\">ATA REUNI\u00c3O ORDIN\u00c1RIA 10 OUTUBRO 2012<\/a><\/p>\n<p><a href=\"https:\/\/paracambi.rj.gov.br\/cms\/wp-content\/uploads\/2021\/09\/ATA-REUNIAO-ORDINARIA-11-NOVEMBRO-2012.pdf\">ATA REUNI\u00c3O ORDIN\u00c1RIA 11 NOVEMBRO 2012<\/a><\/p>\n<p><a href=\"https:\/\/paracambi.rj.gov.br\/cms\/wp-content\/uploads\/2021\/09\/ATA-REUNIAO-ORDINARIA-12-DEZEMBRO-2012.pdf\">ATA REUNI\u00c3O ORDIN\u00c1RIA 12 DEZEMBRO 2012<\/a><\/p>\n","protected":false},"excerpt":{"rendered":"<p>ATA REUNI\u00c3O ORDIN\u00c1RIA 03 MAR\u00c7O 2012 ATA REUNI\u00c3O ORDIN\u00c1RIA 04 ABRIL 2012 ATA REUNI\u00c3O ORDIN\u00c1RIA 05 MAIO 2012 ATA REUNI\u00c3O<\/p>\n","protected":false},"author":1,"featured_media":0,"parent":0,"menu_order":0,"comment_status":"closed","ping_status":"closed","template":"","meta":{"colormag_page_container_layout":"default_layout","colormag_page_sidebar_layout":"default_layout","footnotes":""},"class_list":["post-1644","page","type-page","status-publish","hentry"],"jetpack_sharing_enabled":true,"jetpack_shortlink":"https:\/\/wp.me\/PapbWU-qw","jetpack-related-posts":[],"_links":{"self":[{"href":"https:\/\/paracambi.rj.gov.br\/cms\/wp-json\/wp\/v2\/pages\/1644","targetHints":{"allow":["GET"]}}],"collection":[{"href":"https:\/\/paracambi.rj.gov.br\/cms\/wp-json\/wp\/v2\/pages"}],"about":[{"href":"https:\/\/paracambi.rj.gov.br\/cms\/wp-json\/wp\/v2\/types\/page"}],"author":[{"embeddable":true,"href":"https:\/\/paracambi.rj.gov.br\/cms\/wp-json\/wp\/v2\/users\/1"}],"replies":[{"embeddable":true,"href":"https:\/\/paracambi.rj.gov.br\/cms\/wp-json\/wp\/v2\/comments?post=1644"}],"version-history":[{"count":2,"href":"https:\/\/paracambi.rj.gov.br\/cms\/wp-json\/wp\/v2\/pages\/1644\/revisions"}],"predecessor-version":[{"id":1746,"href":"https:\/\/paracambi.rj.gov.br\/cms\/wp-json\/wp\/v2\/pages\/1644\/revisions\/1746"}],"wp:attachment":[{"href":"https:\/\/paracambi.rj.gov.br\/cms\/wp-json\/wp\/v2\/media?parent=1644"}],"curies":[{"name":"wp","href":"https:\/\/api.w.org\/{rel}","templated":true}]}}