{"id":1648,"date":"2021-09-25T15:19:58","date_gmt":"2021-09-25T18:19:58","guid":{"rendered":"https:\/\/paracambi.rj.gov.br\/cms\/?page_id=1648"},"modified":"2021-09-25T17:16:44","modified_gmt":"2021-09-25T20:16:44","slug":"2013-2","status":"publish","type":"page","link":"https:\/\/paracambi.rj.gov.br\/cms\/2013-2\/","title":{"rendered":"2013"},"content":{"rendered":"<p><a href=\"https:\/\/paracambi.rj.gov.br\/cms\/wp-content\/uploads\/2021\/09\/ATA-REUNIAO-ORDINARIA-01-JANEIRO-2013.pdf\">ATA REUNI\u00c3O ORDIN\u00c1RIA 01 JANEIRO 2013<\/a><\/p>\n<p><a href=\"https:\/\/paracambi.rj.gov.br\/cms\/wp-content\/uploads\/2021\/09\/ATA-REUNIAO-ORDINARIA-02-FEVEREIRO-2013.pdf\">ATA REUNI\u00c3O ORDIN\u00c1RIA 02 FEVEREIRO 2013<\/a><\/p>\n<p><a href=\"https:\/\/paracambi.rj.gov.br\/cms\/wp-content\/uploads\/2021\/09\/ATA-REUNIAO-ORDINARIA-03-MARCO-2013.pdf\">ATA REUNI\u00c3O ORDIN\u00c1RIA 03 MAR\u00c7O 2013<\/a><\/p>\n<p><a href=\"https:\/\/paracambi.rj.gov.br\/cms\/wp-content\/uploads\/2021\/09\/ATA-REUNIAO-ORDINARIA-04-ABRIL-2013.pdf\">ATA REUNI\u00c3O ORDIN\u00c1RIA 04 ABRIL 2013<\/a><\/p>\n<p><a href=\"https:\/\/paracambi.rj.gov.br\/cms\/wp-content\/uploads\/2021\/09\/ATA-REUNIAO-ORDINARIA-05-MAIO-2013.pdf\">ATA REUNI\u00c3O ORDIN\u00c1RIA 05 MAIO 2013<\/a><\/p>\n<p><a href=\"https:\/\/paracambi.rj.gov.br\/cms\/wp-content\/uploads\/2021\/09\/ATA-REUNIAO-ORDINARIA-06-JUNHO-2013.pdf\">ATA REUNI\u00c3O ORDIN\u00c1RIA 06 JUNHO 2013<\/a><\/p>\n<p><a href=\"https:\/\/paracambi.rj.gov.br\/cms\/wp-content\/uploads\/2021\/09\/ATA-REUNIAO-ORDINARIA-07-JULHO-2013.pdf\">ATA REUNI\u00c3O ORDIN\u00c1RIA 07 JULHO 2013<\/a><\/p>\n<p><a href=\"https:\/\/paracambi.rj.gov.br\/cms\/wp-content\/uploads\/2021\/09\/ATA-REUNIAO-ORDINARIA-08-AGOSTO2013.pdf\">ATA REUNI\u00c3O ORDIN\u00c1RIA 08 AGOSTO2013<\/a><\/p>\n<p><a href=\"https:\/\/paracambi.rj.gov.br\/cms\/wp-content\/uploads\/2021\/09\/ATA-REUNIAO-ORDINARIA-09-SETEMBRO-2013.pdf\">ATA REUNI\u00c3O ORDIN\u00c1RIA 09 SETEMBRO 2013<\/a><\/p>\n<p><a href=\"https:\/\/paracambi.rj.gov.br\/cms\/wp-content\/uploads\/2021\/09\/ATA-REUNIAO-ORDINARIA-10-OUTUBRO-2013.pdf\">ATA REUNI\u00c3O ORDIN\u00c1RIA 10 OUTUBRO 2013<\/a><\/p>\n<p><a href=\"https:\/\/paracambi.rj.gov.br\/cms\/wp-content\/uploads\/2021\/09\/ATA-REUNIAO-ORDINARIA-11-NOVEMBRO2013.pdf\">ATA REUNI\u00c3O ORDIN\u00c1RIA 11 NOVEMBRO2013<\/a><\/p>\n<p><a href=\"https:\/\/paracambi.rj.gov.br\/cms\/wp-content\/uploads\/2021\/09\/ATA-REUNIAO-ORDINARIA-12-DEZEMBRO2013.pdf\">ATA REUNI\u00c3O ORDIN\u00c1RIA 12 DEZEMBRO2013<\/a><\/p>\n","protected":false},"excerpt":{"rendered":"<p>ATA REUNI\u00c3O ORDIN\u00c1RIA 01 JANEIRO 2013 ATA REUNI\u00c3O ORDIN\u00c1RIA 02 FEVEREIRO 2013 ATA REUNI\u00c3O ORDIN\u00c1RIA 03 MAR\u00c7O 2013 ATA REUNI\u00c3O<\/p>\n","protected":false},"author":1,"featured_media":0,"parent":0,"menu_order":0,"comment_status":"closed","ping_status":"closed","template":"","meta":{"colormag_page_container_layout":"default_layout","colormag_page_sidebar_layout":"default_layout","footnotes":""},"class_list":["post-1648","page","type-page","status-publish","hentry"],"jetpack_sharing_enabled":true,"jetpack_shortlink":"https:\/\/wp.me\/PapbWU-qA","jetpack-related-posts":[],"_links":{"self":[{"href":"https:\/\/paracambi.rj.gov.br\/cms\/wp-json\/wp\/v2\/pages\/1648","targetHints":{"allow":["GET"]}}],"collection":[{"href":"https:\/\/paracambi.rj.gov.br\/cms\/wp-json\/wp\/v2\/pages"}],"about":[{"href":"https:\/\/paracambi.rj.gov.br\/cms\/wp-json\/wp\/v2\/types\/page"}],"author":[{"embeddable":true,"href":"https:\/\/paracambi.rj.gov.br\/cms\/wp-json\/wp\/v2\/users\/1"}],"replies":[{"embeddable":true,"href":"https:\/\/paracambi.rj.gov.br\/cms\/wp-json\/wp\/v2\/comments?post=1648"}],"version-history":[{"count":3,"href":"https:\/\/paracambi.rj.gov.br\/cms\/wp-json\/wp\/v2\/pages\/1648\/revisions"}],"predecessor-version":[{"id":1734,"href":"https:\/\/paracambi.rj.gov.br\/cms\/wp-json\/wp\/v2\/pages\/1648\/revisions\/1734"}],"wp:attachment":[{"href":"https:\/\/paracambi.rj.gov.br\/cms\/wp-json\/wp\/v2\/media?parent=1648"}],"curies":[{"name":"wp","href":"https:\/\/api.w.org\/{rel}","templated":true}]}}