{"id":1656,"date":"2021-09-25T15:20:26","date_gmt":"2021-09-25T18:20:26","guid":{"rendered":"https:\/\/paracambi.rj.gov.br\/cms\/?page_id=1656"},"modified":"2021-09-25T15:35:48","modified_gmt":"2021-09-25T18:35:48","slug":"2015-2","status":"publish","type":"page","link":"https:\/\/paracambi.rj.gov.br\/cms\/2015-2\/","title":{"rendered":"2015"},"content":{"rendered":"<p><a href=\"https:\/\/paracambi.rj.gov.br\/cms\/wp-content\/uploads\/2021\/09\/ATA-REUNIAO-ORDINARIA-01-JANEIRO-2015.pdf\">ATA REUNI\u00c3O ORDIN\u00c1RIA 01 JANEIRO 2015<\/a><\/p>\n<p><a href=\"https:\/\/paracambi.rj.gov.br\/cms\/wp-content\/uploads\/2021\/09\/ATA-REUNIAO-ORDINARIA-02-FEVEREIRO-2015.pdf\">ATA REUNI\u00c3O ORDIN\u00c1RIA 02 FEVEREIRO 2015<\/a><\/p>\n<p><a href=\"https:\/\/paracambi.rj.gov.br\/cms\/wp-content\/uploads\/2021\/09\/ATA-REUNIAO-ORDINARIA-03-MARCO2015.pdf\">ATA REUNI\u00c3O ORDIN\u00c1RIA 03 MAR\u00c7O2015<\/a><\/p>\n<p><a href=\"https:\/\/paracambi.rj.gov.br\/cms\/wp-content\/uploads\/2021\/09\/ATA-REUNIAO-ORDINARIA-04ABRIL-2015.pdf\">ATA REUNI\u00c3O ORDIN\u00c1RIA 04ABRIL 2015<\/a><\/p>\n<p><a href=\"https:\/\/paracambi.rj.gov.br\/cms\/wp-content\/uploads\/2021\/09\/ATA-REUNIAO-ORDINARIA-05-MAIO-2015.pdf\">ATA REUNI\u00c3O ORDIN\u00c1RIA 05 MAIO 2015<\/a><\/p>\n<p><a href=\"https:\/\/paracambi.rj.gov.br\/cms\/wp-content\/uploads\/2021\/09\/ATA-REUNIAO-ORDINARIA-06-JUNHO-2015.pdf\">ATA REUNI\u00c3O ORDIN\u00c1RIA 06 JUNHO 2015<\/a><\/p>\n<p><a href=\"https:\/\/paracambi.rj.gov.br\/cms\/wp-content\/uploads\/2021\/09\/ATA-REUNIAO-ORDINARIA-07-JULHO-2015.pdf\">ATA REUNI\u00c3O ORDIN\u00c1RIA 07 JULHO 2015<\/a><\/p>\n<p><a href=\"https:\/\/paracambi.rj.gov.br\/cms\/wp-content\/uploads\/2021\/09\/ATA-REUNIAO-ORDINARIA-08-AGOSTO-2015.pdf\">ATA REUNI\u00c3O ORDIN\u00c1RIA 08 AGOSTO 2015<\/a><\/p>\n<p><a href=\"https:\/\/paracambi.rj.gov.br\/cms\/wp-content\/uploads\/2021\/09\/ATA-REUNIAO-ORDINARIA-09-SETEMBRO-2015.pdf\">ATA REUNI\u00c3O ORDIN\u00c1RIA 09 SETEMBRO 2015<\/a><\/p>\n<p><a href=\"https:\/\/paracambi.rj.gov.br\/cms\/wp-content\/uploads\/2021\/09\/ATA-REUNIAO-ORDINARIA-10-OUTUBRO2015.pdf\">ATA REUNI\u00c3O ORDIN\u00c1RIA 10 OUTUBRO2015<\/a><\/p>\n<p><a href=\"https:\/\/paracambi.rj.gov.br\/cms\/wp-content\/uploads\/2021\/09\/ATA-REUNIAO-ORDINARIA-11-NOVEMBRO2015.pdf\">ATA REUNI\u00c3O ORDIN\u00c1RIA 11 NOVEMBRO2015<\/a><\/p>\n","protected":false},"excerpt":{"rendered":"<p>ATA REUNI\u00c3O ORDIN\u00c1RIA 01 JANEIRO 2015 ATA REUNI\u00c3O ORDIN\u00c1RIA 02 FEVEREIRO 2015 ATA REUNI\u00c3O ORDIN\u00c1RIA 03 MAR\u00c7O2015 ATA REUNI\u00c3O ORDIN\u00c1RIA<\/p>\n","protected":false},"author":1,"featured_media":0,"parent":0,"menu_order":0,"comment_status":"closed","ping_status":"closed","template":"","meta":{"colormag_page_container_layout":"default_layout","colormag_page_sidebar_layout":"default_layout","footnotes":""},"class_list":["post-1656","page","type-page","status-publish","hentry"],"jetpack_sharing_enabled":true,"jetpack_shortlink":"https:\/\/wp.me\/PapbWU-qI","jetpack-related-posts":[],"_links":{"self":[{"href":"https:\/\/paracambi.rj.gov.br\/cms\/wp-json\/wp\/v2\/pages\/1656","targetHints":{"allow":["GET"]}}],"collection":[{"href":"https:\/\/paracambi.rj.gov.br\/cms\/wp-json\/wp\/v2\/pages"}],"about":[{"href":"https:\/\/paracambi.rj.gov.br\/cms\/wp-json\/wp\/v2\/types\/page"}],"author":[{"embeddable":true,"href":"https:\/\/paracambi.rj.gov.br\/cms\/wp-json\/wp\/v2\/users\/1"}],"replies":[{"embeddable":true,"href":"https:\/\/paracambi.rj.gov.br\/cms\/wp-json\/wp\/v2\/comments?post=1656"}],"version-history":[{"count":3,"href":"https:\/\/paracambi.rj.gov.br\/cms\/wp-json\/wp\/v2\/pages\/1656\/revisions"}],"predecessor-version":[{"id":1706,"href":"https:\/\/paracambi.rj.gov.br\/cms\/wp-json\/wp\/v2\/pages\/1656\/revisions\/1706"}],"wp:attachment":[{"href":"https:\/\/paracambi.rj.gov.br\/cms\/wp-json\/wp\/v2\/media?parent=1656"}],"curies":[{"name":"wp","href":"https:\/\/api.w.org\/{rel}","templated":true}]}}