{"id":17,"date":"2018-02-23T10:15:36","date_gmt":"2018-02-23T13:15:36","guid":{"rendered":"http:\/\/200.164.238.180\/cms\/?page_id=17"},"modified":"2018-05-29T15:35:07","modified_gmt":"2018-05-29T18:35:07","slug":"composicao","status":"publish","type":"page","link":"https:\/\/paracambi.rj.gov.br\/cms\/composicao\/","title":{"rendered":"Composi\u00e7\u00e3o"},"content":{"rendered":"<p style=\"text-align: justify;\">O Conselho Municipal de Sa\u00fade de Paracambi \u00a0\u00e9 formado por 12 conselheiros titulares e seus respectivos suplentes, representantes de entidades e movimentos sociais de usu\u00e1rios do Sistema \u00danico de Sa\u00fade (SUS), entidades de profissionais de sa\u00fade, inclu\u00edda a comunidade cient\u00edfica, entidades de prestadores de servi\u00e7o, entidades empresariais da \u00e1rea da sa\u00fade e governo municipal.<\/p>\n<p style=\"text-align: justify;\">De acordo com o Regimento Interno do CMS, a composi\u00e7\u00e3o do Conselho \u00e9 definida da seguinte forma:<\/p>\n<p style=\"text-align: justify;\">I &#8211; cinquenta por cento dos membros representantes de entidades e dos movimentos sociais de usu\u00e1rios do SUS, escolhidos em processo eleitoral direto; e<\/p>\n<p style=\"text-align: justify;\">II &#8211; cinquenta por cento dos membros representantes de entidades de profissionais de sa\u00fade, inclu\u00edda a comunidade cient\u00edfica da \u00e1rea de sa\u00fade, entidades de prestadores de servi\u00e7os de sa\u00fade, entidades empresariais com atividade na \u00e1rea de sa\u00fade, todas eleitas em processo eleitoral direto; os representantes do governo s\u00e3o indicados pelos seus respectivos dirigentes.<\/p>\n<p style=\"text-align: justify;\">A fim de manter equil\u00edbrio dos interesses envolvidos, a distribui\u00e7\u00e3o das vagas \u00e9 parit\u00e1ria, ou seja, 50% de usu\u00e1rios, 25% de trabalhadores e 25% de prestadores de servi\u00e7o e gestores.<\/p>\n<p style=\"text-align: justify;\">O \u00faltimo processo eleitoral do Conselho Municipal de Sa\u00fade de Paracambi foi elaborado para o mandato de dois anos para adequa\u00e7\u00e3o a lei e Regimento Interno, foi realizado em 12 de Maio de 2017, quando foram eleitas as entidades para compor o CMS. Ap\u00f3s, a publica\u00e7\u00e3o dia 28 de Junho de 2017, no ZM Not\u00edcias, DECRETO N\u00ba 4.536 de 27 de Junho de 2017, que designou os membros titulares e suplentes para o bi\u00eanio 2017\/2017.<\/p>\n<p>&nbsp;<\/p>\n<p style=\"text-align: justify;\">\n","protected":false},"excerpt":{"rendered":"<p>O Conselho Municipal de Sa\u00fade de Paracambi \u00a0\u00e9 formado por 12 conselheiros titulares e seus respectivos suplentes, representantes de entidades<\/p>\n","protected":false},"author":1,"featured_media":0,"parent":0,"menu_order":0,"comment_status":"closed","ping_status":"closed","template":"","meta":{"colormag_page_container_layout":"default_layout","colormag_page_sidebar_layout":"default_layout","footnotes":""},"class_list":["post-17","page","type-page","status-publish","hentry"],"jetpack_sharing_enabled":true,"jetpack_shortlink":"https:\/\/wp.me\/PapbWU-h","jetpack-related-posts":[],"_links":{"self":[{"href":"https:\/\/paracambi.rj.gov.br\/cms\/wp-json\/wp\/v2\/pages\/17","targetHints":{"allow":["GET"]}}],"collection":[{"href":"https:\/\/paracambi.rj.gov.br\/cms\/wp-json\/wp\/v2\/pages"}],"about":[{"href":"https:\/\/paracambi.rj.gov.br\/cms\/wp-json\/wp\/v2\/types\/page"}],"author":[{"embeddable":true,"href":"https:\/\/paracambi.rj.gov.br\/cms\/wp-json\/wp\/v2\/users\/1"}],"replies":[{"embeddable":true,"href":"https:\/\/paracambi.rj.gov.br\/cms\/wp-json\/wp\/v2\/comments?post=17"}],"version-history":[{"count":14,"href":"https:\/\/paracambi.rj.gov.br\/cms\/wp-json\/wp\/v2\/pages\/17\/revisions"}],"predecessor-version":[{"id":429,"href":"https:\/\/paracambi.rj.gov.br\/cms\/wp-json\/wp\/v2\/pages\/17\/revisions\/429"}],"wp:attachment":[{"href":"https:\/\/paracambi.rj.gov.br\/cms\/wp-json\/wp\/v2\/media?parent=17"}],"curies":[{"name":"wp","href":"https:\/\/api.w.org\/{rel}","templated":true}]}}