{"id":1778,"date":"2021-09-26T20:23:13","date_gmt":"2021-09-26T23:23:13","guid":{"rendered":"https:\/\/paracambi.rj.gov.br\/cms\/?page_id=1778"},"modified":"2026-03-18T15:09:02","modified_gmt":"2026-03-18T18:09:02","slug":"resolucoes","status":"publish","type":"page","link":"https:\/\/paracambi.rj.gov.br\/cms\/resolucoes\/","title":{"rendered":"RESOLU\u00c7\u00d5ES"},"content":{"rendered":"<p><a href=\"https:\/\/paracambi.rj.gov.br\/cms\/wp-content\/uploads\/2021\/10\/RESOLUCAO-MUNICIPAL-Na-050-APROVACAO-DO-2\u00b0-RDQA-2021.pdf\">RDQA 2021<\/a><a href=\"https:\/\/paracambi.rj.gov.br\/cms\/wp-content\/uploads\/2018\/12\/RESOLU\u00c7\u00c3O-001-1.pdf\">RESOLU\u00c7\u00c3O 001<\/a><\/p>\n<p><a href=\"https:\/\/paracambi.rj.gov.br\/cms\/wp-content\/uploads\/2018\/12\/RESOLU\u00c7\u00c3O-001.pdf\">RESOLU\u00c7\u00c3O 001<\/a><\/p>\n<p><a href=\"https:\/\/paracambi.rj.gov.br\/cms\/wp-content\/uploads\/2018\/12\/RESOLU\u00c7\u00c3O-002.pdf\">RESOLU\u00c7\u00c3O 002<\/a><\/p>\n<p><a href=\"https:\/\/paracambi.rj.gov.br\/cms\/wp-content\/uploads\/2018\/12\/RESOLU\u00c7\u00c3O-002-1.pdf\">RESOLU\u00c7\u00c3O 002<\/a><\/p>\n<p><a href=\"https:\/\/paracambi.rj.gov.br\/cms\/wp-content\/uploads\/2018\/12\/RESOLU\u00c7\u00c3O-003.pdf\">RESOLU\u00c7\u00c3O 003<\/a><\/p>\n<p><a href=\"https:\/\/paracambi.rj.gov.br\/cms\/wp-content\/uploads\/2018\/12\/RESOLU\u00c7\u00c3O-004.pdf\">RESOLU\u00c7\u00c3O 004<\/a><\/p>\n<p><a href=\"https:\/\/paracambi.rj.gov.br\/cms\/wp-content\/uploads\/2018\/12\/RESOLU\u00c7\u00c3O-005.pdf\">RESOLU\u00c7\u00c3O 005<\/a><\/p>\n<p><a href=\"https:\/\/paracambi.rj.gov.br\/cms\/wp-content\/uploads\/2018\/12\/RESOLU\u00c7\u00c3O-006.pdf\">RESOLU\u00c7\u00c3O 006<\/a><\/p>\n<p><a href=\"https:\/\/paracambi.rj.gov.br\/cms\/wp-content\/uploads\/2018\/12\/RESOLU\u00c7\u00c3O-007.pdf\">RESOLU\u00c7\u00c3O 007<\/a><\/p>\n<p><a href=\"https:\/\/paracambi.rj.gov.br\/cms\/wp-content\/uploads\/2018\/12\/RESOLU\u00c7\u00c3O-008.pdf\">RESOLU\u00c7\u00c3O 008<\/a><\/p>\n<p><a href=\"https:\/\/paracambi.rj.gov.br\/cms\/wp-content\/uploads\/2018\/12\/RESOLU\u00c7\u00c3O-010.pdf\">RESOLU\u00c7\u00c3O 010<\/a><\/p>\n<p><a href=\"https:\/\/paracambi.rj.gov.br\/cms\/wp-content\/uploads\/2018\/12\/RESOLU\u00c7\u00c3O-014.pdf\">RESOLU\u00c7\u00c3O 014<\/a><\/p>\n<p><a href=\"https:\/\/paracambi.rj.gov.br\/cms\/wp-content\/uploads\/2018\/12\/RESOLU\u00c7\u00c3O-015.pdf\">RESOLU\u00c7\u00c3O 015<\/a><\/p>\n<p><a href=\"https:\/\/paracambi.rj.gov.br\/cms\/wp-content\/uploads\/2018\/12\/RESOLU\u00c7\u00c3O-016.pdf\">RESOLU\u00c7\u00c3O 016<\/a><\/p>\n<p><a href=\"https:\/\/paracambi.rj.gov.br\/cms\/wp-content\/uploads\/2018\/12\/RESOLU\u00c7\u00c3O-017.pdf\">RESOLU\u00c7\u00c3O 017<\/a><\/p>\n<p><a href=\"https:\/\/paracambi.rj.gov.br\/cms\/wp-content\/uploads\/2018\/12\/Resolu\u00e7\u00e3o-018.pdf\">Resolu\u00e7\u00e3o <\/a><a href=\"https:\/\/paracambi.rj.gov.br\/cms\/wp-content\/uploads\/2018\/12\/Resolu\u00e7\u00e3o-018.pdf\">018<\/a><\/p>\n<p><a href=\"https:\/\/paracambi.rj.gov.br\/cms\/wp-content\/uploads\/2018\/12\/Resolu\u00e7\u00e3o-019-2017-Uso-de-edentifica\u00e7\u00f5es.pdf\">Resolu\u00e7\u00e3o 019-2017 &#8211; Uso de edentifica\u00e7\u00f5es<\/a><\/p>\n<p><a href=\"https:\/\/paracambi.rj.gov.br\/cms\/wp-content\/uploads\/2018\/12\/Resolu\u00e7\u00e3o-020.pdf\">Resolu\u00e7\u00e3o 020<\/a><\/p>\n<p><a href=\"https:\/\/paracambi.rj.gov.br\/cms\/wp-content\/uploads\/2018\/12\/Resolu\u00e7\u00e3o-021-2017-APROVA\u00c7\u00c3O-LOA-e-PMS-2018-2021....doc.pdf\">Resolu\u00e7\u00e3o 021-2017 &#8211; APROVA\u00c7\u00c3O LOA e PMS 2018-2021&#8230;.doc<\/a><\/p>\n<p><a href=\"https:\/\/paracambi.rj.gov.br\/cms\/wp-content\/uploads\/2018\/12\/RESOLU\u00c7\u00c3O-022.pdf\">RESOLU\u00c7\u00c3O 022<\/a><\/p>\n<p><a href=\"https:\/\/paracambi.rj.gov.br\/cms\/wp-content\/uploads\/2018\/12\/RESOLU\u00c7\u00c3O-023.pdf\">RESOLU\u00c7\u00c3O 023<\/a><\/p>\n<p><a href=\"https:\/\/paracambi.rj.gov.br\/cms\/wp-content\/uploads\/2018\/12\/RESOLU\u00c7\u00c3O-024.pdf\">RESOLU\u00c7\u00c3O 024<\/a><\/p>\n<p><a href=\"https:\/\/paracambi.rj.gov.br\/cms\/wp-content\/uploads\/2018\/12\/RESOLU\u00c7\u00c3O-025.pdf\">RESOLU\u00c7\u00c3O 025<\/a><\/p>\n<p><a href=\"https:\/\/paracambi.rj.gov.br\/cms\/wp-content\/uploads\/2018\/12\/RESOLU\u00c7\u00c3O-026.pdf\">RESOLU\u00c7\u00c3O 026<\/a><\/p>\n<p><a href=\"https:\/\/paracambi.rj.gov.br\/cms\/wp-content\/uploads\/2018\/12\/RESOLU\u00c7\u00c3O-027.pdf\">RESOLU\u00c7\u00c3O 027<\/a><\/p>\n<p><a href=\"https:\/\/paracambi.rj.gov.br\/cms\/wp-content\/uploads\/2021\/09\/RESOLUCAO-MUNICIPAL-No-028-2018-RAG-2o-Quadreimestre-e-SISPCT.pdf\">RESOLU\u00c7\u00c3O MUNICIPAL N\u00ba 028 &#8211; 2018 RAG 2\u00ba Quadreimestre e SISPCT<\/a><\/p>\n<p><a href=\"https:\/\/paracambi.rj.gov.br\/cms\/wp-content\/uploads\/2021\/09\/RESOLUCAO-MUNICIPAL-No-029-2019-RAG-2018-3o-QUADRIMESTRE-2018.pdf\">RESOLU\u00c7\u00c3O MUNICIPAL N\u00ba 029 &#8211; 2019 <\/a><a href=\"https:\/\/paracambi.rj.gov.br\/cms\/wp-content\/uploads\/2021\/09\/RESOLUCAO-MUNICIPAL-No-029-2019-RAG-2018-3o-QUADRIMESTRE-2018.pdf\">RAG 2018 3\u00ba QUADRIMESTRE 2018<\/a><\/p>\n<p><a href=\"https:\/\/paracambi.rj.gov.br\/cms\/wp-content\/uploads\/2021\/09\/RESOLUCAO-MUNICIPAL-No-030-MARCO-2019.pdf\">RESOLU\u00c7\u00c3O MUNICIPAL N\u00ba 030 MAR\u00c7O 2019<\/a><\/p>\n<p><a href=\"https:\/\/paracambi.rj.gov.br\/cms\/wp-content\/uploads\/2021\/09\/RESOLUCAO-MUNICIPAL-No-031-2019-ABRIL.pdf\">RESOLU\u00c7\u00c3O MUNICIPAL N\u00ba 031 &#8211; 2019 ABRIL<\/a><\/p>\n<p><a href=\"https:\/\/paracambi.rj.gov.br\/cms\/wp-content\/uploads\/2021\/09\/RESOLUCAO-MUNICIPAL-No-035-2019-JULHO.pdf\">RESOLU\u00c7\u00c3O MUNICIPAL N\u00ba 035 &#8211; 2019 JULHO<\/a><\/p>\n<p><a href=\"https:\/\/paracambi.rj.gov.br\/cms\/wp-content\/uploads\/2021\/09\/RESOLUCAO-MUNICIPAL-No-036-2019-SETEMBRO.pdf\">RESOLU\u00c7\u00c3O MUNICIPAL N\u00ba 036 &#8211; 2019 SETEMBRO<\/a><\/p>\n<p><a href=\"https:\/\/paracambi.rj.gov.br\/cms\/wp-content\/uploads\/2021\/09\/RESOLUCAO-MUNICIPAL-No-037-2019-NOVEMBRO.pdf\">RESOLU\u00c7\u00c3O MUNICIPAL N\u00ba 037 &#8211; 2019 NOVEMBRO<\/a><\/p>\n<p><a href=\"https:\/\/paracambi.rj.gov.br\/cms\/wp-content\/uploads\/2021\/09\/RESOLUCAO-MUNICIPAL-No-038-2019-DEZEMBRO.pdf\">RESOLU\u00c7\u00c3O MUNICIPAL N\u00ba 038 &#8211; 2019 DEZEMBRO<\/a><\/p>\n<p><a href=\"https:\/\/paracambi.rj.gov.br\/cms\/wp-content\/uploads\/2021\/09\/RESOLUCAO-MUNICIPAL-No-039-2020-JANEIRO.pdf\">RESOLU\u00c7\u00c3O MUNICIPAL N\u00ba 039 &#8211; 2020 JANEIRO<\/a><\/p>\n<p><a href=\"https:\/\/paracambi.rj.gov.br\/cms\/wp-content\/uploads\/2021\/09\/RESOLUCAO-MUNICIPAL-No-040-2020-FEVEREIRO.pdf\">RESOLU\u00c7\u00c3O MUNICIPAL N\u00ba 040 &#8211; 2020 FEVEREIRO<\/a><\/p>\n<p><a href=\"https:\/\/paracambi.rj.gov.br\/cms\/wp-content\/uploads\/2021\/09\/RESOLUCAO-MUNICIPAL-No-042-2020-RDQA-1o-Quad.-2020.pdf\">RESOLU\u00c7\u00c3O MUNICIPAL N\u00ba 042 &#8211; 2020 &#8211; RDQA 1\u00ba Quad. 2020<\/a><\/p>\n<p><a href=\"https:\/\/paracambi.rj.gov.br\/cms\/wp-content\/uploads\/2021\/09\/RESOLUCAO-MUNICIPAL-No-043-2020-RDQA-2o-Quad.-2020.pdf\">RESOLU\u00c7\u00c3O MUNICIPAL N\u00ba 043 &#8211; 2020 &#8211; RDQA 2\u00ba Quad. 2020<\/a><\/p>\n<p><a href=\"https:\/\/paracambi.rj.gov.br\/cms\/wp-content\/uploads\/2021\/09\/RESOLUCAO-MUNICIPAL-No-044-2020.pdf\">RESOLU\u00c7\u00c3O MUNICIPAL N\u00ba 044 &#8211; 2020<\/a><\/p>\n<p><a href=\"https:\/\/paracambi.rj.gov.br\/cms\/wp-content\/uploads\/2021\/09\/RESOLUCAO-MUNICIPAL-No-045-2020.pdf\">RESOLU\u00c7\u00c3O MUNICIPAL N\u00ba 045 &#8211; 2020<\/a><\/p>\n<p><a href=\"https:\/\/paracambi.rj.gov.br\/cms\/wp-content\/uploads\/2021\/09\/RESOLUCAO-MUNICIPAL-No-046-2021.pdf\">RESOLU\u00c7\u00c3O MUNICIPAL N\u00ba 046 &#8211; 2021<\/a><\/p>\n<p><a href=\"https:\/\/paracambi.rj.gov.br\/cms\/wp-content\/uploads\/2021\/09\/RESOLUCAO-MUNICIPAL-No-047-2021-MARCO-PAS-2021.pdf\">RESOLU\u00c7\u00c3O MUNICIPAL N\u00ba 047 &#8211; 2021 MAR\u00c7O PAS 2021<\/a><\/p>\n<p><a href=\"https:\/\/paracambi.rj.gov.br\/cms\/wp-content\/uploads\/2021\/09\/RESOLUCAO-MUNICIPAL-No-048-2021-MAIO.pdf\">RESOLU\u00c7\u00c3O MUNICIPAL N\u00ba 048 &#8211; 2021 MAIO<\/a><\/p>\n<p><a href=\"https:\/\/paracambi.rj.gov.br\/cms\/wp-content\/uploads\/2021\/09\/RESOLUCAO-MUNICIPAL-No-049-2021-Implantacao-da-ESF-PAS.pdf\">RESOLU\u00c7\u00c3O MUNICIPAL N\u00ba 049 &#8211; 2021 Implanta\u00e7\u00e3o da ESF &#8211; PAS<\/a><\/p>\n<p><a href=\"https:\/\/paracambi.rj.gov.br\/cms\/wp-content\/uploads\/2021\/10\/RESOLUCAO-MUNICIPAL-Na-050-APROVACAO-DO-2\u00b0-RDQA-2021.pdf\">RESOLU\u00c7\u00c3O MUNICIPAL N\u00aa 050 APROVA\u00c7\u00c3O DO 2\u00b0<\/a><\/p>\n<p><a href=\"https:\/\/paracambi.rj.gov.br\/cms\/wp-content\/uploads\/2025\/01\/RESOLUCAO-MUNICIPAL-No-051-2022-PAS-2022-PMS-2022-a-2025.-2.pdf\">RESOLU\u00c7\u00c3O MUNICIPAL N\u00ba 051 &#8211; 2022 PAS 2022 &#8211; PMS 2022 a 2025. (2)<\/a><\/p>\n<p><a href=\"https:\/\/paracambi.rj.gov.br\/cms\/wp-content\/uploads\/2025\/01\/RESOLUCAO-MUNICIPAL-No-051-2022-PAS-2022-PMS-2022-a-2025.-2-1.pdf\">RESOLU\u00c7\u00c3O MUNICIPAL N\u00ba 051 &#8211; 2022 PAS 2022 &#8211; PMS 2022 a 2025. (2)<\/a><\/p>\n<p><a href=\"https:\/\/paracambi.rj.gov.br\/cms\/wp-content\/uploads\/2025\/01\/RESOLUCAO-MUNICIPAL-No-051-2022-PAS-2022-PMS-2022-a-2025.pdf\">RESOLU\u00c7\u00c3O MUNICIPAL N\u00ba 051 &#8211; 2022 PAS 2022 &#8211; PMS 2022 a 2025.<\/a><\/p>\n<p><a href=\"https:\/\/paracambi.rj.gov.br\/cms\/wp-content\/uploads\/2025\/01\/RESOLUCAO-MUNICIPAL-No-055-2023-Aprovacao-da-PAS-2023.pdf\">RESOLU\u00c7\u00c3O MUNICIPAL N\u00ba 055 &#8211; 2023 Aprova\u00e7\u00e3o da PAS 2023<\/a><\/p>\n<p><a href=\"https:\/\/paracambi.rj.gov.br\/cms\/wp-content\/uploads\/2025\/01\/RESOLUCAO-MUNICIPAL-No-056-PRIMEIRO-QUADRIMESTRE-2022.pdf\">RESOLU\u00c7\u00c3O MUNICIPAL N\u00ba 056 &#8211; PRIMEIRO QUADRIMESTRE 2022<\/a><\/p>\n<p><a href=\"https:\/\/paracambi.rj.gov.br\/cms\/wp-content\/uploads\/2025\/01\/RESOLUCAO-MUNICIPAL-No-059-PAS-E-RAG-DE-2023.pdf\">RESOLU\u00c7\u00c3O MUNICIPAL N\u00ba 059 &#8211; PAS E RAG DE 2023<\/a><\/p>\n<p><a href=\"https:\/\/paracambi.rj.gov.br\/cms\/wp-content\/uploads\/2025\/01\/RESOLUCAO-MUNICIPAL-No-060-Primeiro-quadrimestre-de-2024.pdf\">RESOLU\u00c7\u00c3O MUNICIPAL N\u00ba 060 &#8211; Primeiro quadrimestre de 2024<\/a><\/p>\n<p><a href=\"https:\/\/paracambi.rj.gov.br\/cms\/wp-content\/uploads\/2025\/01\/RESOLUCAO-MUNICIPAL-No-061-PACTUACAO-E-METAS-2024.pdf\">RESOLU\u00c7\u00c3O MUNICIPAL N\u00ba 061 &#8211; PACTUA\u00c7\u00c3O E METAS 2024<\/a><\/p>\n<p><a href=\"https:\/\/paracambi.rj.gov.br\/cms\/wp-content\/uploads\/2025\/01\/RESOLUCAO-MUNICIPAL-No-062-SEGUNDO-QUADRIMESTRE-DE-2024.pdf\">RESOLU\u00c7\u00c3O MUNICIPAL N\u00ba 062 &#8211; SEGUNDO QUADRIMESTRE DE 2024<\/a><\/p>\n<p><\/p>\n<p><a href=\"https:\/\/paracambi.rj.gov.br\/cms\/wp-content\/uploads\/2026\/03\/RESOLUCAO-MUNICIPAL-No-076-Dispoe-Olano-Municipal-Saude-2026-2029.pdf\">\u00a0 <\/a><a href=\"https:\/\/paracambi.rj.gov.br\/cms\/wp-content\/uploads\/2026\/03\/RESOLUCAO-MUNICIPAL-No-063-Placas-de-Inauguracoes-Logomarca.pdf\">RESOLU\u00c7\u00c3O MUNICIPAL N\u00ba 063 &#8211; Placas de Inaugura\u00e7\u00f5es &#8211; Logomarca<\/a>\u00a0 \u00a0 \u00a0 \u00a0 \u00a0 \u00a0 \u00a0 \u00a0 \u00a0 \u00a0 \u00a0 \u00a0 \u00a0 \u00a0 \u00a0 \u00a0 \u00a0 \u00a0 \u00a0 \u00a0 \u00a0 \u00a0 \u00a0 <a href=\"https:\/\/paracambi.rj.gov.br\/cms\/wp-content\/uploads\/2026\/03\/RESOLUCAO-MUNICIPAL-No-064-PMCD-2024-2026-RDQA-TERCEIRO-QUADRIMESTRE-2024-E-RAG-2024.pdf\">RESOLU\u00c7\u00c3O MUNICIPAL N\u00ba 064 &#8211; PMCD 2024-2026 RDQA TERCEIRO QUADRIMESTRE 2024 E RAG 2024\u00a0\u00a0\u00a0\u00a0\u00a0\u00a0\u00a0\u00a0\u00a0\u00a0\u00a0\u00a0\u00a0\u00a0\u00a0\u00a0\u00a0\u00a0\u00a0\u00a0\u00a0\u00a0\u00a0\u00a0\u00a0\u00a0\u00a0\u00a0\u00a0\u00a0\u00a0\u00a0\u00a0\u00a0\u00a0\u00a0\u00a0\u00a0\u00a0\u00a0\u00a0\u00a0\u00a0\u00a0\u00a0\u00a0\u00a0\u00a0\u00a0\u00a0\u00a0\u00a0\u00a0\u00a0\u00a0\u00a0\u00a0\u00a0\u00a0\u00a0\u00a0\u00a0\u00a0\u00a0\u00a0\u00a0\u00a0\u00a0\u00a0\u00a0\u00a0\u00a0\u00a0\u00a0\u00a0\u00a0\u00a0\u00a0\u00a0\u00a0\u00a0\u00a0\u00a0\u00a0\u00a0\u00a0\u00a0\u00a0\u00a0\u00a0\u00a0\u00a0\u00a0\u00a0\u00a0\u00a0\u00a0\u00a0\u00a0\u00a0\u00a0\u00a0\u00a0\u00a0\u00a0\u00a0\u00a0\u00a0\u00a0\u00a0\u00a0\u00a0\u00a0\u00a0\u00a0\u00a0\u00a0\u00a0\u00a0\u00a0\u00a0\u00a0\u00a0\u00a0\u00a0\u00a0\u00a0\u00a0\u00a0\u00a0\u00a0\u00a0\u00a0\u00a0<\/a> \u00a0\u00a0 \u00a0\u00a0 \u00a0\u00a0 \u00a0\u00a0 \u00a0\u00a0 \u00a0\u00a0 \u00a0\u00a0 \u00a0\u00a0 \u00a0\u00a0 \u00a0\u00a0<a href=\"https:\/\/paracambi.rj.gov.br\/cms\/wp-content\/uploads\/2026\/03\/RESOLUCAO-MUNICIPAL-No-065-CREDECIAMENTO-PAC-2025.pdf\">RESOLU\u00c7\u00c3O MUNICIPAL N\u00ba 065 &#8211; CREDECIAMENTO PAC 2025<\/a><img data-recalc-dims=\"1\" loading=\"lazy\" decoding=\"async\" data-attachment-id=\"2630\" data-permalink=\"https:\/\/paracambi.rj.gov.br\/cms\/resolucoes\/resolucao-municipal-no-066-programacao-anual-de-saude-25\/\" data-orig-file=\"https:\/\/i0.wp.com\/paracambi.rj.gov.br\/cms\/wp-content\/uploads\/2026\/03\/RESOLUCAO-MUNICIPAL-No-066-PROGRAMACAO-ANUAL-DE-SAUDE-25.jpeg?fit=970%2C1600&amp;ssl=1\" data-orig-size=\"970,1600\" data-comments-opened=\"1\" data-image-meta=\"{&quot;aperture&quot;:&quot;0&quot;,&quot;credit&quot;:&quot;&quot;,&quot;camera&quot;:&quot;&quot;,&quot;caption&quot;:&quot;&quot;,&quot;created_timestamp&quot;:&quot;0&quot;,&quot;copyright&quot;:&quot;&quot;,&quot;focal_length&quot;:&quot;0&quot;,&quot;iso&quot;:&quot;0&quot;,&quot;shutter_speed&quot;:&quot;0&quot;,&quot;title&quot;:&quot;&quot;,&quot;orientation&quot;:&quot;0&quot;}\" data-image-title=\"RESOLU\u00c7\u00c3O MUNICIPAL N\u00ba 066 &amp;#8211; PROGRAMA\u00c7\u00c3O ANUAL DE SA\u00daDE 25\" data-image-description=\"\" data-image-caption=\"\" data-large-file=\"https:\/\/i0.wp.com\/paracambi.rj.gov.br\/cms\/wp-content\/uploads\/2026\/03\/RESOLUCAO-MUNICIPAL-No-066-PROGRAMACAO-ANUAL-DE-SAUDE-25.jpeg?fit=621%2C1024&amp;ssl=1\" class=\"aligncenter size-medium wp-image-2630\" src=\"https:\/\/i0.wp.com\/paracambi.rj.gov.br\/cms\/wp-content\/uploads\/2026\/03\/RESOLUCAO-MUNICIPAL-No-066-PROGRAMACAO-ANUAL-DE-SAUDE-25.jpeg?resize=182%2C300&#038;ssl=1\" alt=\"\" width=\"182\" height=\"300\" srcset=\"https:\/\/i0.wp.com\/paracambi.rj.gov.br\/cms\/wp-content\/uploads\/2026\/03\/RESOLUCAO-MUNICIPAL-No-066-PROGRAMACAO-ANUAL-DE-SAUDE-25.jpeg?resize=182%2C300&amp;ssl=1 182w, https:\/\/i0.wp.com\/paracambi.rj.gov.br\/cms\/wp-content\/uploads\/2026\/03\/RESOLUCAO-MUNICIPAL-No-066-PROGRAMACAO-ANUAL-DE-SAUDE-25.jpeg?resize=621%2C1024&amp;ssl=1 621w, https:\/\/i0.wp.com\/paracambi.rj.gov.br\/cms\/wp-content\/uploads\/2026\/03\/RESOLUCAO-MUNICIPAL-No-066-PROGRAMACAO-ANUAL-DE-SAUDE-25.jpeg?resize=768%2C1267&amp;ssl=1 768w, https:\/\/i0.wp.com\/paracambi.rj.gov.br\/cms\/wp-content\/uploads\/2026\/03\/RESOLUCAO-MUNICIPAL-No-066-PROGRAMACAO-ANUAL-DE-SAUDE-25.jpeg?resize=931%2C1536&amp;ssl=1 931w, https:\/\/i0.wp.com\/paracambi.rj.gov.br\/cms\/wp-content\/uploads\/2026\/03\/RESOLUCAO-MUNICIPAL-No-066-PROGRAMACAO-ANUAL-DE-SAUDE-25.jpeg?w=970&amp;ssl=1 970w\" sizes=\"auto, (max-width: 182px) 100vw, 182px\" \/> <img data-recalc-dims=\"1\" loading=\"lazy\" decoding=\"async\" data-attachment-id=\"2631\" data-permalink=\"https:\/\/paracambi.rj.gov.br\/cms\/resolucoes\/resolucao-municipal-no-067-1o-rdqa-25\/\" data-orig-file=\"https:\/\/i0.wp.com\/paracambi.rj.gov.br\/cms\/wp-content\/uploads\/2026\/03\/RESOLUCAO-MUNICIPAL-No-067-1o-RDQA-25.jpeg?fit=500%2C1544&amp;ssl=1\" data-orig-size=\"500,1544\" data-comments-opened=\"1\" data-image-meta=\"{&quot;aperture&quot;:&quot;0&quot;,&quot;credit&quot;:&quot;&quot;,&quot;camera&quot;:&quot;&quot;,&quot;caption&quot;:&quot;&quot;,&quot;created_timestamp&quot;:&quot;0&quot;,&quot;copyright&quot;:&quot;&quot;,&quot;focal_length&quot;:&quot;0&quot;,&quot;iso&quot;:&quot;0&quot;,&quot;shutter_speed&quot;:&quot;0&quot;,&quot;title&quot;:&quot;&quot;,&quot;orientation&quot;:&quot;0&quot;}\" data-image-title=\"RESOLU\u00c7\u00c3O MUNICIPAL N\u00ba 067 &amp;#8211; 1\u00ba RDQA 25\" data-image-description=\"\" data-image-caption=\"\" data-large-file=\"https:\/\/i0.wp.com\/paracambi.rj.gov.br\/cms\/wp-content\/uploads\/2026\/03\/RESOLUCAO-MUNICIPAL-No-067-1o-RDQA-25.jpeg?fit=332%2C1024&amp;ssl=1\" class=\"aligncenter size-medium wp-image-2631\" src=\"https:\/\/i0.wp.com\/paracambi.rj.gov.br\/cms\/wp-content\/uploads\/2026\/03\/RESOLUCAO-MUNICIPAL-No-067-1o-RDQA-25.jpeg?resize=97%2C300&#038;ssl=1\" alt=\"\" width=\"97\" height=\"300\" srcset=\"https:\/\/i0.wp.com\/paracambi.rj.gov.br\/cms\/wp-content\/uploads\/2026\/03\/RESOLUCAO-MUNICIPAL-No-067-1o-RDQA-25.jpeg?resize=97%2C300&amp;ssl=1 97w, https:\/\/i0.wp.com\/paracambi.rj.gov.br\/cms\/wp-content\/uploads\/2026\/03\/RESOLUCAO-MUNICIPAL-No-067-1o-RDQA-25.jpeg?resize=332%2C1024&amp;ssl=1 332w, https:\/\/i0.wp.com\/paracambi.rj.gov.br\/cms\/wp-content\/uploads\/2026\/03\/RESOLUCAO-MUNICIPAL-No-067-1o-RDQA-25.jpeg?resize=497%2C1536&amp;ssl=1 497w, https:\/\/i0.wp.com\/paracambi.rj.gov.br\/cms\/wp-content\/uploads\/2026\/03\/RESOLUCAO-MUNICIPAL-No-067-1o-RDQA-25.jpeg?w=500&amp;ssl=1 500w\" sizes=\"auto, (max-width: 97px) 100vw, 97px\" \/> <a href=\"https:\/\/paracambi.rj.gov.br\/cms\/wp-content\/uploads\/2026\/03\/RESOLUCAO-MUNICIPAL-No-069-EMENDA-PARLAMENTAR.pdf\">RESOLU\u00c7\u00c3O MUNICIPAL N\u00ba 069 &#8211; EMENDA PARLAMENTAR \u00a0 \u00a0 \u00a0 \u00a0 \u00a0 \u00a0 \u00a0 \u00a0 \u00a0 \u00a0 \u00a0<\/a>\u00a0 \u00a0 \u00a0 \u00a0 \u00a0 \u00a0 \u00a0 \u00a0 \u00a0 \u00a0 \u00a0 \u00a0 \u00a0 \u00a0 \u00a0 \u00a0 \u00a0 \u00a0 \u00a0 \u00a0 \u00a0 \u00a0 \u00a0 \u00a0 <a href=\"https:\/\/paracambi.rj.gov.br\/cms\/wp-content\/uploads\/2026\/03\/RESOLUCAO-MUNICIPAL-No-070-EMENDA-PARLAMENTAR.pdf\">RESOLU\u00c7\u00c3O MUNICIPAL N\u00ba 070 &#8211; EMENDA PARLAMENTAR<\/a>\u00a0 \u00a0 \u00a0 \u00a0 \u00a0 \u00a0 \u00a0 \u00a0 \u00a0 \u00a0 \u00a0 \u00a0 \u00a0 \u00a0 \u00a0 \u00a0 \u00a0 \u00a0 \u00a0 \u00a0 \u00a0 \u00a0 \u00a0 \u00a0 \u00a0 \u00a0 \u00a0 \u00a0 \u00a0 \u00a0 \u00a0 \u00a0 \u00a0 \u00a0 \u00a0 \u00a0 \u00a0 \u00a0 \u00a0 <a href=\"https:\/\/paracambi.rj.gov.br\/cms\/wp-content\/uploads\/2026\/03\/RESOLUCAO-MUNICIPAL-No-071-RDQA-2o-QUADRIMESTRE-2025.pdf\">RESOLU\u00c7\u00c3O MUNICIPAL N\u00ba 071 &#8211; RDQA 2\u00ba QUADRIMESTRE 2025<\/a>\u00a0 \u00a0 \u00a0 \u00a0 \u00a0 \u00a0 \u00a0 \u00a0 \u00a0 \u00a0 \u00a0 \u00a0 \u00a0 \u00a0 \u00a0 \u00a0 \u00a0 \u00a0 \u00a0 <a href=\"https:\/\/paracambi.rj.gov.br\/cms\/wp-content\/uploads\/2026\/03\/RESOLUCAO-MUNICIPAL-No-072-PPA-2026-2029.pdf\">\u00a0 \u00a0 \u00a0 \u00a0 \u00a0 \u00a0 \u00a0 \u00a0 \u00a0 \u00a0 \u00a0 \u00a0 \u00a0 \u00a0 \u00a0 RESOLU\u00c7\u00c3O MUNICIPAL N\u00ba 072 &#8211; PPA 2026-2029\u00a0\u00a0\u00a0\u00a0\u00a0\u00a0\u00a0\u00a0\u00a0\u00a0\u00a0\u00a0\u00a0\u00a0\u00a0\u00a0\u00a0\u00a0\u00a0\u00a0\u00a0\u00a0\u00a0\u00a0\u00a0\u00a0\u00a0\u00a0\u00a0\u00a0\u00a0\u00a0\u00a0\u00a0\u00a0\u00a0\u00a0\u00a0\u00a0\u00a0\u00a0\u00a0\u00a0\u00a0\u00a0\u00a0\u00a0\u00a0\u00a0\u00a0\u00a0\u00a0\u00a0\u00a0\u00a0\u00a0\u00a0\u00a0\u00a0\u00a0\u00a0\u00a0\u00a0\u00a0\u00a0\u00a0<\/a>\u00a0 \u00a0 \u00a0 \u00a0 \u00a0 \u00a0 \u00a0 \u00a0 \u00a0 \u00a0 \u00a0 \u00a0<a href=\"https:\/\/paracambi.rj.gov.br\/cms\/wp-content\/uploads\/2026\/03\/RESOLUCAO-MUNICIPAL-No-073-BIPARTITE-2026.pdf\">RESOLU\u00c7\u00c3O MUNICIPAL N\u00ba 073 &#8211; BIPARTITE 202<\/a>\u00a0 \u00a0 \u00a0 \u00a0 \u00a0 \u00a0 \u00a0 \u00a0 \u00a0 \u00a0 \u00a0 \u00a0 \u00a0 \u00a0 \u00a0 \u00a0 \u00a0 \u00a0 \u00a0 \u00a0 \u00a0 \u00a0 \u00a0 \u00a0 \u00a0 \u00a0 \u00a0 \u00a0 \u00a0 \u00a0 \u00a0 \u00a0 \u00a0 \u00a0 \u00a0 \u00a0 \u00a0 \u00a0 \u00a0 \u00a0 \u00a0 \u00a0 \u00a0 \u00a0 <a href=\"https:\/\/paracambi.rj.gov.br\/cms\/wp-content\/uploads\/2026\/03\/RESOLUCAO-MUNICIPAL-No-074-DISPOE-TABELA-SUS-PARACAMBI.pdf\">RESOLU\u00c7\u00c3O MUNICIPAL N\u00ba 074 &#8211; DISP\u00d5E TABELA SUS PARACAMBI\u00a0 \u00a0 \u00a0 \u00a0 \u00a0 \u00a0 \u00a0 \u00a0 \u00a0 \u00a0 \u00a0 \u00a0 \u00a0 \u00a0 \u00a0 \u00a0 \u00a0 \u00a0 \u00a0 \u00a0 \u00a0 \u00a0 \u00a0 \u00a0 \u00a0 \u00a0 \u00a0 \u00a0 \u00a0 \u00a0 \u00a0 \u00a0 \u00a0 \u00a0 \u00a0 \u00a0 \u00a0 \u00a0 <\/a><a href=\"https:\/\/paracambi.rj.gov.br\/cms\/wp-content\/uploads\/2026\/03\/RESOLUCAO-MUNICIPAL-No-075-Credenciamento-Consultoriode-Rua.pdf\">RESOLU\u00c7\u00c3O MUNICIPAL N\u00ba 075 &#8211; Credenciamento Consult\u00f3riode Rua<\/a><\/p>\n<p><\/p>\n\n\n\n\n\n\n\n","protected":false},"excerpt":{"rendered":"<p>RDQA 2021RESOLU\u00c7\u00c3O 001 RESOLU\u00c7\u00c3O 001 RESOLU\u00c7\u00c3O 002 RESOLU\u00c7\u00c3O 002 RESOLU\u00c7\u00c3O 003 RESOLU\u00c7\u00c3O 004 RESOLU\u00c7\u00c3O 005 RESOLU\u00c7\u00c3O 006 RESOLU\u00c7\u00c3O 007 RESOLU\u00c7\u00c3O<\/p>\n","protected":false},"author":1,"featured_media":0,"parent":0,"menu_order":0,"comment_status":"closed","ping_status":"closed","template":"","meta":{"colormag_page_container_layout":"no_sidebar_full_width","colormag_page_sidebar_layout":"right_sidebar","footnotes":""},"class_list":["post-1778","page","type-page","status-publish","hentry"],"jetpack_sharing_enabled":true,"jetpack_shortlink":"https:\/\/wp.me\/PapbWU-sG","jetpack-related-posts":[],"_links":{"self":[{"href":"https:\/\/paracambi.rj.gov.br\/cms\/wp-json\/wp\/v2\/pages\/1778","targetHints":{"allow":["GET"]}}],"collection":[{"href":"https:\/\/paracambi.rj.gov.br\/cms\/wp-json\/wp\/v2\/pages"}],"about":[{"href":"https:\/\/paracambi.rj.gov.br\/cms\/wp-json\/wp\/v2\/types\/page"}],"author":[{"embeddable":true,"href":"https:\/\/paracambi.rj.gov.br\/cms\/wp-json\/wp\/v2\/users\/1"}],"replies":[{"embeddable":true,"href":"https:\/\/paracambi.rj.gov.br\/cms\/wp-json\/wp\/v2\/comments?post=1778"}],"version-history":[{"count":19,"href":"https:\/\/paracambi.rj.gov.br\/cms\/wp-json\/wp\/v2\/pages\/1778\/revisions"}],"predecessor-version":[{"id":2656,"href":"https:\/\/paracambi.rj.gov.br\/cms\/wp-json\/wp\/v2\/pages\/1778\/revisions\/2656"}],"wp:attachment":[{"href":"https:\/\/paracambi.rj.gov.br\/cms\/wp-json\/wp\/v2\/media?parent=1778"}],"curies":[{"name":"wp","href":"https:\/\/api.w.org\/{rel}","templated":true}]}}