{"id":1840,"date":"2021-09-29T21:00:19","date_gmt":"2021-09-30T00:00:19","guid":{"rendered":"https:\/\/paracambi.rj.gov.br\/cms\/?page_id=1840"},"modified":"2021-09-29T21:01:03","modified_gmt":"2021-09-30T00:01:03","slug":"conferencias","status":"publish","type":"page","link":"https:\/\/paracambi.rj.gov.br\/cms\/conferencias\/","title":{"rendered":"Confer\u00eancias"},"content":{"rendered":"<p>Aqui voc\u00ea acessa o conte\u00fado de todas as Confer\u00eancias realizadas em Paracambi:<\/p>\n<p><a href=\"https:\/\/paracambi.rj.gov.br\/cms\/wp-content\/uploads\/2021\/09\/Relatorio-Final-IXa-Conferencia-Municipal-de-Saude-Paracambi.pdf\">Relat\u00f3rio Final IX\u00aa Confer\u00eancia Municipal de Sa\u00fade Paracambi<\/a><\/p>\n<p><a href=\"https:\/\/paracambi.rj.gov.br\/cms\/wp-content\/uploads\/2021\/09\/Relatorio-I-Conferencia-Municipal-de-Vigilancia-em-Saude-de-Paracambi.pdf\">Relat\u00f3rio I Confer\u00eancia Municipal de Vigil\u00e2ncia em Sa\u00fade de Paracambi<\/a><\/p>\n","protected":false},"excerpt":{"rendered":"<p>Aqui voc\u00ea acessa o conte\u00fado de todas as Confer\u00eancias realizadas em Paracambi: Relat\u00f3rio Final IX\u00aa Confer\u00eancia Municipal de Sa\u00fade Paracambi<\/p>\n","protected":false},"author":1,"featured_media":0,"parent":0,"menu_order":0,"comment_status":"closed","ping_status":"closed","template":"","meta":{"colormag_page_container_layout":"default_layout","colormag_page_sidebar_layout":"default_layout","footnotes":""},"class_list":["post-1840","page","type-page","status-publish","hentry"],"jetpack_sharing_enabled":true,"jetpack_shortlink":"https:\/\/wp.me\/PapbWU-tG","jetpack-related-posts":[],"_links":{"self":[{"href":"https:\/\/paracambi.rj.gov.br\/cms\/wp-json\/wp\/v2\/pages\/1840","targetHints":{"allow":["GET"]}}],"collection":[{"href":"https:\/\/paracambi.rj.gov.br\/cms\/wp-json\/wp\/v2\/pages"}],"about":[{"href":"https:\/\/paracambi.rj.gov.br\/cms\/wp-json\/wp\/v2\/types\/page"}],"author":[{"embeddable":true,"href":"https:\/\/paracambi.rj.gov.br\/cms\/wp-json\/wp\/v2\/users\/1"}],"replies":[{"embeddable":true,"href":"https:\/\/paracambi.rj.gov.br\/cms\/wp-json\/wp\/v2\/comments?post=1840"}],"version-history":[{"count":2,"href":"https:\/\/paracambi.rj.gov.br\/cms\/wp-json\/wp\/v2\/pages\/1840\/revisions"}],"predecessor-version":[{"id":1843,"href":"https:\/\/paracambi.rj.gov.br\/cms\/wp-json\/wp\/v2\/pages\/1840\/revisions\/1843"}],"wp:attachment":[{"href":"https:\/\/paracambi.rj.gov.br\/cms\/wp-json\/wp\/v2\/media?parent=1840"}],"curies":[{"name":"wp","href":"https:\/\/api.w.org\/{rel}","templated":true}]}}