{"id":1880,"date":"2021-10-01T17:47:32","date_gmt":"2021-10-01T20:47:32","guid":{"rendered":"https:\/\/paracambi.rj.gov.br\/cms\/?page_id=1880"},"modified":"2021-10-01T17:54:19","modified_gmt":"2021-10-01T20:54:19","slug":"2020-3","status":"publish","type":"page","link":"https:\/\/paracambi.rj.gov.br\/cms\/2020-3\/","title":{"rendered":"2020"},"content":{"rendered":"<p><a href=\"https:\/\/paracambi.rj.gov.br\/cms\/wp-content\/uploads\/2021\/10\/OFICIO-01-CMS-PBI-2018-Designacao-de-servidores-para-o-CMS.pdf\">OF\u00cdCIO 01 &#8211; CMS &#8211; PBI 2018 &#8211; Designa\u00e7\u00e3o de servidores para o CMS<\/a><\/p>\n<p><a href=\"https:\/\/paracambi.rj.gov.br\/cms\/wp-content\/uploads\/2021\/10\/OFICIO-01-CMS-PBI-2018-Nomeacoes-e-exoneracao-Conselheiros-2018.pdf\">OF\u00cdCIO 01 &#8211; CMS &#8211; PBI 2018 &#8211; Nomea\u00e7oes e exonera\u00e7\u00e3o Conselheiros &#8211; 2018<\/a><\/p>\n<p><a href=\"https:\/\/paracambi.rj.gov.br\/cms\/wp-content\/uploads\/2021\/10\/OFICIO-02-Encaminhamento-de-atas-das-audiencias-2018.pdf\">OF\u00cdCIO 02-Encaminhamento de atas das audi\u00eancias &#8211; 2018<\/a><\/p>\n<p><a href=\"https:\/\/paracambi.rj.gov.br\/cms\/wp-content\/uploads\/2021\/10\/OFICIO-02-Manutencao-da-Impressora-2018.pdf\">OF\u00cdCIO 02-Manuten\u00e7\u00e3o da Impressora &#8211; 2018<\/a><\/p>\n<p><a href=\"https:\/\/paracambi.rj.gov.br\/cms\/wp-content\/uploads\/2021\/10\/OFICIO-03-Compra-de-uma-impressora-caixa-som-2018.pdf\">OF\u00cdCIO 03-Compra de uma impressora, caixa som &#8211; 2018<\/a><\/p>\n<p><a href=\"https:\/\/paracambi.rj.gov.br\/cms\/wp-content\/uploads\/2021\/10\/OFICIO-04-CMS-2018-Mastros-ponteiras-e-Base.pdf\">OF\u00cdCIO 04-CMS &#8211; 2018 -Mastros, ponteiras e Base<\/a><\/p>\n<p><a href=\"https:\/\/paracambi.rj.gov.br\/cms\/wp-content\/uploads\/2021\/10\/OFICIO-05-CMS-PBI-2018-Publicacao-Resolucao-020.pdf\">OF\u00cdCIO 05 &#8211; CMS &#8211; PBI 2018 &#8211; Publica\u00e7\u00e3o Resolu\u00e7\u00e3o 020<\/a><\/p>\n<p><a href=\"https:\/\/paracambi.rj.gov.br\/cms\/wp-content\/uploads\/2021\/10\/OFICIO-06-CMS-PBI-2018-Convite-participcao-reunao-Programa-Saude-mental.pdf\">OF\u00cdCIO 06 &#8211; CMS &#8211; PBI 2018 &#8211; Convite particip\u00e7\u00e3o reun\u00e3o Programa Sa\u00fade mental<\/a><\/p>\n<p><a href=\"https:\/\/paracambi.rj.gov.br\/cms\/wp-content\/uploads\/2021\/10\/OFICIO-07-Troca-Conselheiro-para-Associacao-Paraiso.pdf\">OF\u00cdCIO 07-Troca Conselheiro para Associa\u00e7\u00e3o Para\u00edso<\/a><\/p>\n<p><a href=\"https:\/\/paracambi.rj.gov.br\/cms\/wp-content\/uploads\/2021\/10\/OFICIO-08-Viagem-Brasilia-Plenaraia-Nacional-Conselho-Saude-Diaria.pdf\">OF\u00cdCIO 08-Viagem Bras\u00edlia &#8211; Plenaraia Nacional Conselho Sa\u00fade &#8211; Diaria<\/a><\/p>\n<p><a href=\"https:\/\/paracambi.rj.gov.br\/cms\/wp-content\/uploads\/2021\/10\/OFICIO-09-Viagem-Brasilia-Plenaraia-Nacional-Conselho-Saude.pdf\">OF\u00cdCIO 09-Viagem Bras\u00edlia &#8211; Plenaraia Nacional Conselho Sa\u00fade<\/a><\/p>\n<p><a href=\"https:\/\/paracambi.rj.gov.br\/cms\/wp-content\/uploads\/2021\/10\/OFICIO-010-Viagem-Brasilia-Plenaraia-Nacional-Conselho-Saude.pdf\">OF\u00cdCIO 010-Viagem Bras\u00edlia &#8211; Plenaraia Nacional Conselho Sa\u00fade<\/a><\/p>\n<p><a href=\"https:\/\/paracambi.rj.gov.br\/cms\/wp-content\/uploads\/2021\/10\/OFICIO-011-Solicitacao-substituicao-Conselheiro-Chacrinha.pdf\">OF\u00cdCIO 011-Solicita\u00e7\u00e3o substitui\u00e7\u00e3o Conselheiro Chacrinha<\/a><\/p>\n<p><a href=\"https:\/\/paracambi.rj.gov.br\/cms\/wp-content\/uploads\/2021\/10\/OFICIO-011-Viagem-Brasilia-Plenaraia-Nacional-Conselho-Saude.pdf\">OF\u00cdCIO 011-Viagem Bras\u00edlia &#8211; Plenaraia Nacional Conselho Sa\u00fade<\/a><\/p>\n<p><a href=\"https:\/\/paracambi.rj.gov.br\/cms\/wp-content\/uploads\/2021\/10\/OFICIO-012-Solicitacao-de-veiculo-para-transporte-Conselheiros.pdf\">OF\u00cdCIO 012-Solicita\u00e7\u00e3o de veiculo para transporte Conselheiros<\/a><\/p>\n<p><a href=\"https:\/\/paracambi.rj.gov.br\/cms\/wp-content\/uploads\/2021\/10\/OFICIO-013-Exoneracao-Patricia-e-Nomeacao-Juliana.pdf\">OF\u00cdCIO 013-Exonera\u00e7\u00e3o Patr\u00edcia e Nomea\u00e7\u00e3o Juliana<\/a><\/p>\n<p><a href=\"https:\/\/paracambi.rj.gov.br\/cms\/wp-content\/uploads\/2021\/10\/OFICIO-014-Compra-impressora-mastros-base.pdf\">OF\u00cdCIO 014-Compra, impressora, mastros, base<\/a><\/p>\n<p><a href=\"https:\/\/paracambi.rj.gov.br\/cms\/wp-content\/uploads\/2021\/10\/OFICIO-015-Encaminhamento-Relatoria-No-001-CMS.pdf\">OF\u00cdCIO 015-Encaminhamento Relatoria N\u00ba 001 CMS<\/a><\/p>\n<p><a href=\"https:\/\/paracambi.rj.gov.br\/cms\/wp-content\/uploads\/2021\/10\/OFICIO-016-Publicacao-Resolucao-22.pdf\">OF\u00cdCIO 016 &#8211; Publica\u00e7\u00e3o Resolu\u00e7\u00e3o 22<\/a> <a href=\"https:\/\/paracambi.rj.gov.br\/cms\/wp-content\/uploads\/2021\/10\/OFICIO-017-CMS-PBI-2018-Mastrosbaseimpressoraestante-aco-cadeiras-mesa.pdf\">OF\u00cdCIO 017 &#8211; CMS &#8211; PBI 2018 &#8211; Mastros,base,impressora,estante a\u00e7o, cadeiras mesa<\/a> <a href=\"https:\/\/paracambi.rj.gov.br\/cms\/wp-content\/uploads\/2021\/10\/OFICIO-018-CMS-PBI-2018-Adiantamento-para-consumo-e-servicos-CMS.pdf.pdf\">OF\u00cdCIO 018 &#8211; CMS &#8211; PBI 2018 &#8211; Adiantamento para consumo e servi\u00e7os CMS.pdf<\/a> <a href=\"https:\/\/paracambi.rj.gov.br\/cms\/wp-content\/uploads\/2021\/10\/OFICIO-No-066-CMS-PBI-2018.pdf\">OF\u00cdCIO N\u00ba 066 &#8211; CMS &#8211; PBI 2018<\/a><\/p>\n","protected":false},"excerpt":{"rendered":"<p>OF\u00cdCIO 01 &#8211; CMS &#8211; PBI 2018 &#8211; Designa\u00e7\u00e3o de servidores para o CMS OF\u00cdCIO 01 &#8211; CMS &#8211; PBI<\/p>\n","protected":false},"author":1,"featured_media":0,"parent":0,"menu_order":0,"comment_status":"closed","ping_status":"closed","template":"","meta":{"colormag_page_container_layout":"default_layout","colormag_page_sidebar_layout":"default_layout","footnotes":""},"class_list":["post-1880","page","type-page","status-publish","hentry"],"jetpack_sharing_enabled":true,"jetpack_shortlink":"https:\/\/wp.me\/PapbWU-uk","jetpack-related-posts":[],"_links":{"self":[{"href":"https:\/\/paracambi.rj.gov.br\/cms\/wp-json\/wp\/v2\/pages\/1880","targetHints":{"allow":["GET"]}}],"collection":[{"href":"https:\/\/paracambi.rj.gov.br\/cms\/wp-json\/wp\/v2\/pages"}],"about":[{"href":"https:\/\/paracambi.rj.gov.br\/cms\/wp-json\/wp\/v2\/types\/page"}],"author":[{"embeddable":true,"href":"https:\/\/paracambi.rj.gov.br\/cms\/wp-json\/wp\/v2\/users\/1"}],"replies":[{"embeddable":true,"href":"https:\/\/paracambi.rj.gov.br\/cms\/wp-json\/wp\/v2\/comments?post=1880"}],"version-history":[{"count":3,"href":"https:\/\/paracambi.rj.gov.br\/cms\/wp-json\/wp\/v2\/pages\/1880\/revisions"}],"predecessor-version":[{"id":1914,"href":"https:\/\/paracambi.rj.gov.br\/cms\/wp-json\/wp\/v2\/pages\/1880\/revisions\/1914"}],"wp:attachment":[{"href":"https:\/\/paracambi.rj.gov.br\/cms\/wp-json\/wp\/v2\/media?parent=1880"}],"curies":[{"name":"wp","href":"https:\/\/api.w.org\/{rel}","templated":true}]}}