{"id":2014,"date":"2021-10-29T21:14:09","date_gmt":"2021-10-30T00:14:09","guid":{"rendered":"https:\/\/paracambi.rj.gov.br\/cms\/?page_id=2014"},"modified":"2021-10-29T21:31:13","modified_gmt":"2021-10-30T00:31:13","slug":"eleicao-complementar-usuarios-2021","status":"publish","type":"page","link":"https:\/\/paracambi.rj.gov.br\/cms\/eleicao-complementar-usuarios-2021\/","title":{"rendered":"ELEI\u00c7\u00c3O COMPLEMENTAR USU\u00c1RIOS 2021"},"content":{"rendered":"<p><a href=\"https:\/\/paracambi.rj.gov.br\/cms\/wp-content\/uploads\/2021\/10\/Edital-Eleicao-Complementar-2021-Final.pdf\">Edital Elei\u00e7\u00e3o Complementar 2021 &#8211; Final<\/a><\/p>\n","protected":false},"excerpt":{"rendered":"<p>Edital Elei\u00e7\u00e3o Complementar 2021 &#8211; Final<\/p>\n","protected":false},"author":1,"featured_media":0,"parent":0,"menu_order":0,"comment_status":"closed","ping_status":"closed","template":"","meta":{"colormag_page_container_layout":"default_layout","colormag_page_sidebar_layout":"default_layout","footnotes":""},"class_list":["post-2014","page","type-page","status-publish","hentry"],"jetpack_sharing_enabled":true,"jetpack_shortlink":"https:\/\/wp.me\/PapbWU-wu","jetpack-related-posts":[],"_links":{"self":[{"href":"https:\/\/paracambi.rj.gov.br\/cms\/wp-json\/wp\/v2\/pages\/2014","targetHints":{"allow":["GET"]}}],"collection":[{"href":"https:\/\/paracambi.rj.gov.br\/cms\/wp-json\/wp\/v2\/pages"}],"about":[{"href":"https:\/\/paracambi.rj.gov.br\/cms\/wp-json\/wp\/v2\/types\/page"}],"author":[{"embeddable":true,"href":"https:\/\/paracambi.rj.gov.br\/cms\/wp-json\/wp\/v2\/users\/1"}],"replies":[{"embeddable":true,"href":"https:\/\/paracambi.rj.gov.br\/cms\/wp-json\/wp\/v2\/comments?post=2014"}],"version-history":[{"count":2,"href":"https:\/\/paracambi.rj.gov.br\/cms\/wp-json\/wp\/v2\/pages\/2014\/revisions"}],"predecessor-version":[{"id":2032,"href":"https:\/\/paracambi.rj.gov.br\/cms\/wp-json\/wp\/v2\/pages\/2014\/revisions\/2032"}],"wp:attachment":[{"href":"https:\/\/paracambi.rj.gov.br\/cms\/wp-json\/wp\/v2\/media?parent=2014"}],"curies":[{"name":"wp","href":"https:\/\/api.w.org\/{rel}","templated":true}]}}