{"id":33,"date":"2018-02-23T10:48:01","date_gmt":"2018-02-23T13:48:01","guid":{"rendered":"http:\/\/200.164.238.180\/cms\/?page_id=33"},"modified":"2026-03-17T13:10:24","modified_gmt":"2026-03-17T16:10:24","slug":"comissoes","status":"publish","type":"page","link":"https:\/\/paracambi.rj.gov.br\/cms\/comissoes\/","title":{"rendered":"Comiss\u00f5es"},"content":{"rendered":"<p style=\"text-align: justify;\">O Conselho Municipal de Sa\u00fade possui, de acordo com as regras regimentais, comiss\u00f5es permanentes\u00a0com finalidades espec\u00edficas direcionadas aos temas de interesse para sua melhor organiza\u00e7\u00e3o. Estas comiss\u00f5es realizam estudos, apresentam proposi\u00e7\u00f5es e produtos como relat\u00f3rios, capacita\u00e7\u00f5es, material educativo e ou de divulga\u00e7\u00e3o e outros, de acordo com a necessidade de\u00a0alcan\u00e7ar suas finalidades.<\/p>\n<p style=\"text-align: justify;\">Elas podem ser compostas por no m\u00e1ximo 05 (cinco) integrantes, ou em n\u00famero diferente, mediante justificativa fundamentada. S\u00e3o tripartite, agregando usu\u00e1rios (as), trabalhadores (as) e gestores (as), titulares e suplentes, como tamb\u00e9m especialistas, representantes de institui\u00e7\u00f5es\/entidades, movimentos sociais.<\/p>\n<p>Seu calend\u00e1rio de reuni\u00f5es \u00e9 combinado entre seus (suas) integrantes, sendo geralmente com periodicidade mensal.<\/p>\n<p>Voc\u00ea pode obter mais informa\u00e7\u00f5es sobre integrantes\u00a0e documentos publicados acessando cada uma das comiss\u00f5es nos links a seguir:<\/p>\n<p style=\"text-align: justify;\"><span style=\"font-size: 12pt;\"><strong>Comiss\u00f5es do Conselho Municipal de Sa\u00fade de Paracambi<\/strong><\/span><\/p>\n<p style=\"text-align: center;\"><strong><u>COMISS\u00c3O DE OR\u00c7AMENTO E FINAN\u00c7AS<\/u><\/strong><\/p>\n<p style=\"text-align: justify;\"><strong>COORDENADOR<\/strong> &#8211; Paulo Cesar da Rocha (Usu\u00e1rio)<\/p>\n<p style=\"text-align: justify;\"><strong>VICE-COORDENADOR<\/strong> &#8211;\u00a0<span style=\"font-family: Calibri, sans-serif;\"><span style=\"font-size: small;\"><span style=\"color: #000000;\"><span style=\"font-family: Arial, sans-serif;\">Marcos Vin\u00edcius Leal D\u2019Amato\u00a0 \u00a0 \u00a0<\/span><\/span><\/span><\/span>(Segmento Gestor)<\/p>\n<p style=\"text-align: justify;\"><strong>MEMBROS:<\/strong><\/p>\n<p>\u00a0 &#8211; Segmento Usu\u00e1rio<\/p>\n<p style=\"text-align: justify;\">Luiz Felipe Rezende (Segmento Usu\u00e1rio)<\/p>\n<p>Tha\u00eds Moraes da Silva Reis &#8211; (Segmento Trabalhador)<\/p>\n<p style=\"text-align: center;\"><strong><u>COMISS\u00c3O DE MONITORAMENTO DE REDE DA SA\u00daDE<\/u><\/strong><\/p>\n<p style=\"text-align: justify;\"><strong>\u00a0<\/strong><strong>COORDENADORA<\/strong>\u00a0(Segmento Gestor)<\/p>\n<p style=\"text-align: justify;\"><strong>MEMBROS:<\/strong><\/p>\n<p style=\"text-align: justify;\">Tha\u00eds Moraes da Silva Reis &#8211; (Segmento Trabalhador)<\/p>\n<p>\u00a0Francisca Fagundes Soares &#8211; (Segmento USU\u00c1RIO)<\/p>\n","protected":false},"excerpt":{"rendered":"<p>O Conselho Municipal de Sa\u00fade possui, de acordo com as regras regimentais, comiss\u00f5es permanentes\u00a0com finalidades espec\u00edficas direcionadas aos temas de<\/p>\n","protected":false},"author":1,"featured_media":0,"parent":0,"menu_order":0,"comment_status":"closed","ping_status":"closed","template":"","meta":{"colormag_page_container_layout":"default_layout","colormag_page_sidebar_layout":"default_layout","footnotes":""},"class_list":["post-33","page","type-page","status-publish","hentry"],"jetpack_sharing_enabled":true,"jetpack_shortlink":"https:\/\/wp.me\/PapbWU-x","jetpack-related-posts":[],"_links":{"self":[{"href":"https:\/\/paracambi.rj.gov.br\/cms\/wp-json\/wp\/v2\/pages\/33","targetHints":{"allow":["GET"]}}],"collection":[{"href":"https:\/\/paracambi.rj.gov.br\/cms\/wp-json\/wp\/v2\/pages"}],"about":[{"href":"https:\/\/paracambi.rj.gov.br\/cms\/wp-json\/wp\/v2\/types\/page"}],"author":[{"embeddable":true,"href":"https:\/\/paracambi.rj.gov.br\/cms\/wp-json\/wp\/v2\/users\/1"}],"replies":[{"embeddable":true,"href":"https:\/\/paracambi.rj.gov.br\/cms\/wp-json\/wp\/v2\/comments?post=33"}],"version-history":[{"count":12,"href":"https:\/\/paracambi.rj.gov.br\/cms\/wp-json\/wp\/v2\/pages\/33\/revisions"}],"predecessor-version":[{"id":2609,"href":"https:\/\/paracambi.rj.gov.br\/cms\/wp-json\/wp\/v2\/pages\/33\/revisions\/2609"}],"wp:attachment":[{"href":"https:\/\/paracambi.rj.gov.br\/cms\/wp-json\/wp\/v2\/media?parent=33"}],"curies":[{"name":"wp","href":"https:\/\/api.w.org\/{rel}","templated":true}]}}