{"id":570,"date":"2018-10-26T12:45:46","date_gmt":"2018-10-26T14:45:46","guid":{"rendered":"http:\/\/200.164.238.180\/cms\/?page_id=570"},"modified":"2021-10-08T18:52:28","modified_gmt":"2021-10-08T21:52:28","slug":"planos-aprovados-pelo-colegiado","status":"publish","type":"page","link":"https:\/\/paracambi.rj.gov.br\/cms\/planos-aprovados-pelo-colegiado\/","title":{"rendered":"PLANOS APROVADOS PELO COLEGIADO"},"content":{"rendered":"<p><a href=\"https:\/\/paracambi.rj.gov.br\/cms\/wp-content\/uploads\/2021\/10\/PLANO-MUNICIPAL-DA-PMS-PARACAMBI-VERSAO-FINAL-2018-2021-29112017.pdf\">PLANO MUNICIPAL DA PMS PARACAMBI VERS\u00c3O FINAL 2018 &#8211; 2021 29112017<\/a><\/p>\n<p><a href=\"https:\/\/paracambi.rj.gov.br\/cms\/wp-content\/uploads\/2018\/12\/PROGRAMA\u00c7\u00c3O-ANUAL-DE-SA\u00daDE-PARACAMBI-2018-e-2019.pdf\">PROGRAMA\u00c7\u00c3O ANUAL DE SA\u00daDE PARACAMBI 2018 e 2019<\/a><\/p>\n<p><em><a href=\"https:\/\/paracambi.rj.gov.br\/cms\/wp-content\/uploads\/2018\/10\/RAG-PARACAMBI-2\u00ba-QUAD-2018-FINAL-3.pdf\">RAG PARACAMBI 2\u00ba QUAD 2018 FINAL (3)<\/a><\/em><\/p>\n<p><a href=\"https:\/\/paracambi.rj.gov.br\/cms\/wp-content\/uploads\/2021\/10\/RELATORIO-PARACAMBI-1o-QUAD-2021-FINAL.pdf\">RELAT\u00d3RIO PARACAMBI 1\u00ba QUAD 2021 FINAL<\/a><\/p>\n<p><a href=\"https:\/\/paracambi.rj.gov.br\/cms\/wp-content\/uploads\/2021\/10\/RELATORIO-2o-RDQA-FINAL-2021.pdf\">RELAT\u00d3RIO 2\u00ba RDQA FINAL 2021<\/a><\/p>\n<p><a href=\"https:\/\/paracambi.rj.gov.br\/cms\/wp-content\/uploads\/2021\/10\/Plano-Municipal-de-Saude-Paracambi_23_09-1.pdf\">Plano Municipal de Sa\u00fade Paracambi_23_09 (1)<\/a><\/p>\n<p><a href=\"https:\/\/paracambi.rj.gov.br\/cms\/wp-content\/uploads\/2021\/10\/PROGRAMACAO-ANUAL-DE-SAUDE-PARACAMBI-2018-e-2019.pdf\">PROGRAMA\u00c7\u00c3O ANUAL DE SA\u00daDE PARACAMBI 2018 e 2019<\/a><\/p>\n<p><a href=\"https:\/\/paracambi.rj.gov.br\/cms\/wp-content\/uploads\/2021\/10\/PROPOSTA-DE-NORMATIZACAO-E-ESTABELECIMENTO-DE-FLUXO-E-PROTOCOLO-MUNICIPAL-PARA-UTILIZACAO-DE-TRANSPORTE-SANITARIO.pdf\">PROPOSTA DE NORMATIZA\u00c7\u00c3O E ESTABELECIMENTO DE FLUXO E PROTOCOLO MUNICIPAL PARA UTILIZA\u00c7\u00c3O DE TRANSPORTE SANIT\u00c1RIO<\/a><\/p>\n<p>&nbsp;<\/p>\n<p><a href=\"https:\/\/paracambi.rj.gov.br\/cms\/wp-content\/uploads\/2021\/10\/PROPOSTA-PAS-PARACAMBI-2018-E-2019.xls\">PROPOSTA PAS PARACAMBI 2018 E 2019<\/a><\/p>\n<p>&nbsp;<\/p>\n<p>&nbsp;<\/p>\n","protected":false},"excerpt":{"rendered":"<p>PLANO MUNICIPAL DA PMS PARACAMBI VERS\u00c3O FINAL 2018 &#8211; 2021 29112017 PROGRAMA\u00c7\u00c3O ANUAL DE SA\u00daDE PARACAMBI 2018 e 2019 RAG<\/p>\n","protected":false},"author":1,"featured_media":0,"parent":0,"menu_order":0,"comment_status":"closed","ping_status":"closed","template":"","meta":{"colormag_page_container_layout":"default_layout","colormag_page_sidebar_layout":"default_layout","footnotes":""},"class_list":["post-570","page","type-page","status-publish","hentry"],"jetpack_sharing_enabled":true,"jetpack_shortlink":"https:\/\/wp.me\/PapbWU-9c","jetpack-related-posts":[],"_links":{"self":[{"href":"https:\/\/paracambi.rj.gov.br\/cms\/wp-json\/wp\/v2\/pages\/570","targetHints":{"allow":["GET"]}}],"collection":[{"href":"https:\/\/paracambi.rj.gov.br\/cms\/wp-json\/wp\/v2\/pages"}],"about":[{"href":"https:\/\/paracambi.rj.gov.br\/cms\/wp-json\/wp\/v2\/types\/page"}],"author":[{"embeddable":true,"href":"https:\/\/paracambi.rj.gov.br\/cms\/wp-json\/wp\/v2\/users\/1"}],"replies":[{"embeddable":true,"href":"https:\/\/paracambi.rj.gov.br\/cms\/wp-json\/wp\/v2\/comments?post=570"}],"version-history":[{"count":14,"href":"https:\/\/paracambi.rj.gov.br\/cms\/wp-json\/wp\/v2\/pages\/570\/revisions"}],"predecessor-version":[{"id":1937,"href":"https:\/\/paracambi.rj.gov.br\/cms\/wp-json\/wp\/v2\/pages\/570\/revisions\/1937"}],"wp:attachment":[{"href":"https:\/\/paracambi.rj.gov.br\/cms\/wp-json\/wp\/v2\/media?parent=570"}],"curies":[{"name":"wp","href":"https:\/\/api.w.org\/{rel}","templated":true}]}}