{"id":61,"date":"2018-02-23T19:12:07","date_gmt":"2018-02-23T22:12:07","guid":{"rendered":"http:\/\/200.164.238.180\/cms\/?page_id=61"},"modified":"2018-05-28T19:45:58","modified_gmt":"2018-05-28T22:45:58","slug":"o-conselho","status":"publish","type":"page","link":"https:\/\/paracambi.rj.gov.br\/cms\/o-conselho\/","title":{"rendered":"O CONSELHO"},"content":{"rendered":"<div id=\"coluna_1\">\n<p class=\"lead\" style=\"text-align: justify;\">O Conselho Municipal de Sa\u00fade de Paracambi (CMS\/Pbi) atua no Controle social do SUS h\u00e1 24 anos. Criado oficialmente no dia 05 de maio de 1994, o CMS\/Pbi desenvolve sua fun\u00e7\u00e3o na forma\u00e7\u00e3o e controle de estrat\u00e9gias de pol\u00edticas de sa\u00fade, inclusive nos aspectos econ\u00f4micos e financeiros, em car\u00e1ter permanente e deliberativo. Em nosso site voc\u00ea encontra agendas de reuni\u00f5es, documentos e um pouco da hist\u00f3ria destes 24 anos de lutas e realiza\u00e7\u00f5es que desempenhamos na busca por uma sa\u00fade p\u00fablica com equidade, universalidade, integralidade e de forma igualit\u00e1ria como determina os princ\u00edpios do SUS.<\/p>\n<\/div>\n<div class=\"box_noticias\">\n<h2><\/h2>\n<\/div>\n","protected":false},"excerpt":{"rendered":"<p>O Conselho Municipal de Sa\u00fade de Paracambi (CMS\/Pbi) atua no Controle social do SUS h\u00e1 24 anos. Criado oficialmente no<\/p>\n","protected":false},"author":1,"featured_media":0,"parent":0,"menu_order":0,"comment_status":"closed","ping_status":"closed","template":"","meta":{"colormag_page_container_layout":"default_layout","colormag_page_sidebar_layout":"default_layout","footnotes":""},"class_list":["post-61","page","type-page","status-publish","hentry"],"jetpack_sharing_enabled":true,"jetpack_shortlink":"https:\/\/wp.me\/PapbWU-Z","jetpack-related-posts":[],"_links":{"self":[{"href":"https:\/\/paracambi.rj.gov.br\/cms\/wp-json\/wp\/v2\/pages\/61","targetHints":{"allow":["GET"]}}],"collection":[{"href":"https:\/\/paracambi.rj.gov.br\/cms\/wp-json\/wp\/v2\/pages"}],"about":[{"href":"https:\/\/paracambi.rj.gov.br\/cms\/wp-json\/wp\/v2\/types\/page"}],"author":[{"embeddable":true,"href":"https:\/\/paracambi.rj.gov.br\/cms\/wp-json\/wp\/v2\/users\/1"}],"replies":[{"embeddable":true,"href":"https:\/\/paracambi.rj.gov.br\/cms\/wp-json\/wp\/v2\/comments?post=61"}],"version-history":[{"count":5,"href":"https:\/\/paracambi.rj.gov.br\/cms\/wp-json\/wp\/v2\/pages\/61\/revisions"}],"predecessor-version":[{"id":403,"href":"https:\/\/paracambi.rj.gov.br\/cms\/wp-json\/wp\/v2\/pages\/61\/revisions\/403"}],"wp:attachment":[{"href":"https:\/\/paracambi.rj.gov.br\/cms\/wp-json\/wp\/v2\/media?parent=61"}],"curies":[{"name":"wp","href":"https:\/\/api.w.org\/{rel}","templated":true}]}}