{"id":27,"date":"2023-01-23T14:37:38","date_gmt":"2023-01-23T17:37:38","guid":{"rendered":"https:\/\/paracambi.rj.gov.br\/sites\/cacs\/?page_id=27"},"modified":"2024-10-21T16:09:36","modified_gmt":"2024-10-21T19:09:36","slug":"repasses","status":"publish","type":"page","link":"https:\/\/paracambi.rj.gov.br\/sites\/cacs\/repasses\/","title":{"rendered":"REPASSES"},"content":{"rendered":"\n<p>Para consultar as verbas relacionadas ao FUNDEB, voc\u00ea poder\u00e1 utilizar do link abaixo, lembrando de preencher na 1\u00ba tela a cidade de PARACAMBI, clicar no bot\u00e3o continuar. Na 2\u00ba tela voc\u00ea precisa escolher as op\u00e7\u00f5es do per\u00edodo desejado a consultar e na op\u00e7\u00e3o FUNDO, selecionar o item FEB &#8211; FUNDEB-FNDO MANUT DES EDUC BASICA E VAL PROF<\/p>\n\n\n\n<p><a href=\"https:\/\/demonstrativos.apps.bb.com.br\/arrecadacao-federal\" target=\"_blank\" rel=\"noreferrer noopener\">https:\/\/demonstrativos.apps.bb.com.br\/arrecadacao-federal<\/a><\/p>\n\n\n\n<hr class=\"wp-block-separator has-alpha-channel-opacity is-style-wide\" \/>\n\n\n\n<p><a rel=\"noreferrer noopener\" href=\"https:\/\/www.fnde.gov.br\/pls\/simad\/internet_fnde.liberacoes_result_pc?p_ano=2021&amp;p_programa=D8&amp;p_uf=RJ&amp;p_municipio=330360&amp;p_tp_entidade=&amp;p_cgc=29138294000102\" target=\"_blank\">Repasse de 2021 do PNATE (Transporte do Escolar)<\/a><br><br><a rel=\"noreferrer noopener\" href=\"https:\/\/www.fnde.gov.br\/pls\/simad\/internet_fnde.liberacoes_result_pc?p_ano=2022&amp;p_programa=D8&amp;p_uf=RJ&amp;p_municipio=330360&amp;p_tp_entidade=&amp;p_cgc=29138294000102\" target=\"_blank\">Repasse de 2022 do PNATE (Transporte do Escolar)<\/a><\/p>\n\n\n\n<p><a href=\"https:\/\/www.fnde.gov.br\/pls\/simad\/internet_fnde.liberacoes_result_pc?p_ano=2023&amp;p_programa=D8&amp;p_uf=RJ&amp;p_municipio=330360&amp;p_tp_entidade=&amp;p_cgc=29138294000102\" target=\"_blank\" rel=\"noreferrer noopener\">Repasse de 2023 do PNATE (Transporte do Escolar)<\/a><\/p>\n\n\n\n<p><\/p>\n","protected":false},"excerpt":{"rendered":"<p>Para consultar as verbas relacionadas ao FUNDEB, voc\u00ea poder\u00e1 utilizar do link abaixo, lembrando de preencher na 1\u00ba tela a<\/p>\n","protected":false},"author":9,"featured_media":0,"parent":0,"menu_order":0,"comment_status":"closed","ping_status":"closed","template":"","meta":{"colormag_page_container_layout":"default_layout","colormag_page_sidebar_layout":"default_layout","footnotes":""},"class_list":["post-27","page","type-page","status-publish","hentry"],"_links":{"self":[{"href":"https:\/\/paracambi.rj.gov.br\/sites\/cacs\/wp-json\/wp\/v2\/pages\/27","targetHints":{"allow":["GET"]}}],"collection":[{"href":"https:\/\/paracambi.rj.gov.br\/sites\/cacs\/wp-json\/wp\/v2\/pages"}],"about":[{"href":"https:\/\/paracambi.rj.gov.br\/sites\/cacs\/wp-json\/wp\/v2\/types\/page"}],"author":[{"embeddable":true,"href":"https:\/\/paracambi.rj.gov.br\/sites\/cacs\/wp-json\/wp\/v2\/users\/9"}],"replies":[{"embeddable":true,"href":"https:\/\/paracambi.rj.gov.br\/sites\/cacs\/wp-json\/wp\/v2\/comments?post=27"}],"version-history":[{"count":9,"href":"https:\/\/paracambi.rj.gov.br\/sites\/cacs\/wp-json\/wp\/v2\/pages\/27\/revisions"}],"predecessor-version":[{"id":94,"href":"https:\/\/paracambi.rj.gov.br\/sites\/cacs\/wp-json\/wp\/v2\/pages\/27\/revisions\/94"}],"wp:attachment":[{"href":"https:\/\/paracambi.rj.gov.br\/sites\/cacs\/wp-json\/wp\/v2\/media?parent=27"}],"curies":[{"name":"wp","href":"https:\/\/api.w.org\/{rel}","templated":true}]}}