{"id":37,"date":"2023-01-23T14:41:29","date_gmt":"2023-01-23T17:41:29","guid":{"rendered":"https:\/\/paracambi.rj.gov.br\/sites\/cacs\/?page_id=37"},"modified":"2023-01-23T14:42:58","modified_gmt":"2023-01-23T17:42:58","slug":"sobre-o-cacs","status":"publish","type":"page","link":"https:\/\/paracambi.rj.gov.br\/sites\/cacs\/sobre-o-cacs\/","title":{"rendered":"SOBRE O CACS"},"content":{"rendered":"\n<p>O Fundo de Manuten\u00e7\u00e3o e Desenvolvimento da Educa\u00e7\u00e3o B\u00e1sica e de Valoriza\u00e7\u00e3o dos Profissionais da Educa\u00e7\u00e3o (Fundeb) foi criado pela Emenda Constitucional n\u00ba 53\/2006 e regulamentado pela Lei n\u00ba 11.494\/2007 e pelo Decreto n\u00ba 6.253\/2007, em substitui\u00e7\u00e3o ao Fundo de Manuten\u00e7\u00e3o e Desenvolvimento do Ensino Fundamental e de Valoriza\u00e7\u00e3o do Magist\u00e9rio (Fundef), que vigorou de 1998 a 2006.<\/p>\n\n\n\n<p>\u00c9 um fundo especial, de natureza cont\u00e1bil e de \u00e2mbito estadual (um fundo por estado e Distrito Federal, num total de vinte e sete fundos), formado, na quase totalidade, por recursos provenientes dos impostos e transfer\u00eancias dos estados, do Distrito Federal e dos munic\u00edpios, vinculados \u00e0 educa\u00e7\u00e3o por for\u00e7a do disposto no Art. 212 da Constitui\u00e7\u00e3o Federal. Al\u00e9m desses recursos, ainda comp\u00f5e o Fundeb, a t\u00edtulo de complementa\u00e7\u00e3o, uma parcela de recursos federais, sempre que, no \u00e2mbito de cada estado, seu valor por aluno n\u00e3o alcan\u00e7ar o m\u00ednimo definido nacionalmente. Independentemente da origem, todo o recurso gerado \u00e9 redistribu\u00eddo para aplica\u00e7\u00e3o exclusiva na educa\u00e7\u00e3o b\u00e1sica.<\/p>\n\n\n\n<p><strong>Em 25 de dezembro de 2020 foi criada a nova Lei Federal N\u00ba 14.113\/2020.<\/strong><\/p>\n\n\n\n<p>Transformado em fundo permanente de apoio ao desenvolvimento da educa\u00e7\u00e3o brasileira pela Emenda Constitucional n\u00b0 108\/2020, o novo Fundeb foi regulamentado na \u00faltima semana, com a san\u00e7\u00e3o da <a href=\"http:\/\/www.planalto.gov.br\/ccivil_03\/_ato2019-2022\/2020\/lei\/L14113.htm\" target=\"_blank\" rel=\"noreferrer noopener\">Lei n\u00b0 14.113\/2020<\/a>. Uma das maiores modifica\u00e7\u00f5es \u00e9 o aumento previsto na complementa\u00e7\u00e3o da Uni\u00e3o, um refor\u00e7o importante para aprimorar a educa\u00e7\u00e3o b\u00e1sica p\u00fablica brasileira.<\/p>\n\n\n\n<p>A contribui\u00e7\u00e3o da Uni\u00e3o neste novo Fundeb vai aumentar gradativamente at\u00e9 atingir o percentual de 23% dos recursos que formar\u00e3o o fundo em 2026. Passar\u00e1 de 10%, do modelo atual do Fundeb, vigente at\u00e9 o fim deste ano, para 12% em 2021; em seguida, para 15% em 2022; 17% em 2023; 19% em 2024; 21% em 2025; at\u00e9 alcan\u00e7ar 23% em 2026.<\/p>\n\n\n\n<p><em>\u201cCom esse aporte maior de recursos do governo federal e uma nova sistem\u00e1tica de distribui\u00e7\u00e3o, que vai alcan\u00e7ar munic\u00edpios que atualmente n\u00e3o recebem a complementa\u00e7\u00e3o da Uni\u00e3o, a expectativa \u00e9 que possamos diminuir as desigualdades regionais e melhorar, efetivamente, a qualidade da educa\u00e7\u00e3o em todo o pa\u00eds\u201d, afirmou o presidente do Fundo Nacional de Desenvolvimento da Educa\u00e7\u00e3o (FNDE), Marcelo Ponte.\u201d<\/em><\/p>\n","protected":false},"excerpt":{"rendered":"<p>O Fundo de Manuten\u00e7\u00e3o e Desenvolvimento da Educa\u00e7\u00e3o B\u00e1sica e de Valoriza\u00e7\u00e3o dos Profissionais da Educa\u00e7\u00e3o (Fundeb) foi criado pela<\/p>\n","protected":false},"author":9,"featured_media":0,"parent":0,"menu_order":0,"comment_status":"closed","ping_status":"closed","template":"","meta":{"colormag_page_container_layout":"default_layout","colormag_page_sidebar_layout":"default_layout","footnotes":""},"class_list":["post-37","page","type-page","status-publish","hentry"],"_links":{"self":[{"href":"https:\/\/paracambi.rj.gov.br\/sites\/cacs\/wp-json\/wp\/v2\/pages\/37","targetHints":{"allow":["GET"]}}],"collection":[{"href":"https:\/\/paracambi.rj.gov.br\/sites\/cacs\/wp-json\/wp\/v2\/pages"}],"about":[{"href":"https:\/\/paracambi.rj.gov.br\/sites\/cacs\/wp-json\/wp\/v2\/types\/page"}],"author":[{"embeddable":true,"href":"https:\/\/paracambi.rj.gov.br\/sites\/cacs\/wp-json\/wp\/v2\/users\/9"}],"replies":[{"embeddable":true,"href":"https:\/\/paracambi.rj.gov.br\/sites\/cacs\/wp-json\/wp\/v2\/comments?post=37"}],"version-history":[{"count":2,"href":"https:\/\/paracambi.rj.gov.br\/sites\/cacs\/wp-json\/wp\/v2\/pages\/37\/revisions"}],"predecessor-version":[{"id":44,"href":"https:\/\/paracambi.rj.gov.br\/sites\/cacs\/wp-json\/wp\/v2\/pages\/37\/revisions\/44"}],"wp:attachment":[{"href":"https:\/\/paracambi.rj.gov.br\/sites\/cacs\/wp-json\/wp\/v2\/media?parent=37"}],"curies":[{"name":"wp","href":"https:\/\/api.w.org\/{rel}","templated":true}]}}