{"id":45,"date":"2023-01-23T14:45:24","date_gmt":"2023-01-23T17:45:24","guid":{"rendered":"https:\/\/paracambi.rj.gov.br\/sites\/cacs\/?page_id=45"},"modified":"2023-01-23T14:48:16","modified_gmt":"2023-01-23T17:48:16","slug":"estrutura-organizacional","status":"publish","type":"page","link":"https:\/\/paracambi.rj.gov.br\/sites\/cacs\/estrutura-organizacional\/","title":{"rendered":"ESTRUTURA ORGANIZACIONAL"},"content":{"rendered":"\n<p>O Conselho do CACS\/FUNDEB \u00e9 organizado em Plen\u00e1rio, Presid\u00eancia e Secret\u00e1ria, composta por 13 membros Titulares e seus Suplentes.<\/p>\n\n\n\n<p>O Conselho \u00e9 composto das seguintes representatividades:<\/p>\n\n\n\n<div class=\"wp-block-group is-vertical is-layout-flex wp-container-core-group-is-layout-fe9cc265 wp-block-group-is-layout-flex\">\n<p><strong>Poder Executivo<\/strong><\/p>\n\n\n\n<p><strong>Professores da Educa\u00e7\u00e3o B\u00e1sica.<\/strong><\/p>\n\n\n\n<p><strong>Diretores da Educa\u00e7\u00e3o B\u00e1sica.<\/strong><\/p>\n\n\n\n<p><strong>Servidores t\u00e9cnico-administrativos das Escolas da Educa\u00e7\u00e3o B\u00e1sica.<\/strong><\/p>\n\n\n\n<p><strong>Pais de Alunos da Educa\u00e7\u00e3o B\u00e1sica.<\/strong><\/p>\n\n\n\n<p><strong>Estudantes da Educa\u00e7\u00e3o B\u00e1sica.<\/strong><\/p>\n\n\n\n<p><strong>Estudantes da Educa\u00e7\u00e3o B\u00e1sica \u2013 Secundaristas.<\/strong><\/p>\n\n\n\n<p><strong>Conselho Municipal de Educa\u00e7\u00e3o.<\/strong><\/p>\n\n\n\n<p><strong>Conselho Tutelar.<\/strong><\/p>\n\n\n\n<p><strong>Sociedade Civil.<\/strong><\/p>\n<\/div>\n\n\n\n<p>A Presid\u00eancia do Conselho do FUNDEB \u00e9 eleita no ato da posse pelos membros titulares.<\/p>\n\n\n\n<p>Tamb\u00e9m compete ao conselho a fiscaliza\u00e7\u00e3o da verba do Programa Nacional de Apoio ao Transporte do Escolar (PNATE).<\/p>\n","protected":false},"excerpt":{"rendered":"<p>O Conselho do CACS\/FUNDEB \u00e9 organizado em Plen\u00e1rio, Presid\u00eancia e Secret\u00e1ria, composta por 13 membros Titulares e seus Suplentes. O<\/p>\n","protected":false},"author":9,"featured_media":0,"parent":0,"menu_order":0,"comment_status":"closed","ping_status":"closed","template":"","meta":{"colormag_page_container_layout":"default_layout","colormag_page_sidebar_layout":"default_layout","footnotes":""},"class_list":["post-45","page","type-page","status-publish","hentry"],"_links":{"self":[{"href":"https:\/\/paracambi.rj.gov.br\/sites\/cacs\/wp-json\/wp\/v2\/pages\/45","targetHints":{"allow":["GET"]}}],"collection":[{"href":"https:\/\/paracambi.rj.gov.br\/sites\/cacs\/wp-json\/wp\/v2\/pages"}],"about":[{"href":"https:\/\/paracambi.rj.gov.br\/sites\/cacs\/wp-json\/wp\/v2\/types\/page"}],"author":[{"embeddable":true,"href":"https:\/\/paracambi.rj.gov.br\/sites\/cacs\/wp-json\/wp\/v2\/users\/9"}],"replies":[{"embeddable":true,"href":"https:\/\/paracambi.rj.gov.br\/sites\/cacs\/wp-json\/wp\/v2\/comments?post=45"}],"version-history":[{"count":2,"href":"https:\/\/paracambi.rj.gov.br\/sites\/cacs\/wp-json\/wp\/v2\/pages\/45\/revisions"}],"predecessor-version":[{"id":50,"href":"https:\/\/paracambi.rj.gov.br\/sites\/cacs\/wp-json\/wp\/v2\/pages\/45\/revisions\/50"}],"wp:attachment":[{"href":"https:\/\/paracambi.rj.gov.br\/sites\/cacs\/wp-json\/wp\/v2\/media?parent=45"}],"curies":[{"name":"wp","href":"https:\/\/api.w.org\/{rel}","templated":true}]}}