{"id":29,"date":"2022-12-11T23:54:41","date_gmt":"2022-12-12T02:54:41","guid":{"rendered":"https:\/\/paracambi.rj.gov.br\/sites\/cmae\/?page_id=29"},"modified":"2022-12-20T13:49:28","modified_gmt":"2022-12-20T16:49:28","slug":"sobre","status":"publish","type":"page","link":"https:\/\/paracambi.rj.gov.br\/sites\/cmae\/sobre\/","title":{"rendered":"SOBRE O CMAE"},"content":{"rendered":"\n<p>O Conselho Municipal de Alimenta\u00e7\u00e3o Escolar foi criado pela Lei Municipal n\u00ba 360 de 26\/12\/1995.<\/p>\n\n\n\n<p>Lei Municipal de revis\u00e3o da Lei \u00ba 360 de 26\/12\/95 &#8211; N\u00ba 1.377, de 23 DE maio de 2019.<\/p>\n\n\n\n<p>Lei de altera\u00e7\u00e3o do art.2\u00ba N\u00ba 991\/2011 de 12\/05\/21.<\/p>\n\n\n\n<p>O Conselho Municipal de Alimenta\u00e7\u00e3o Escolar tem como normas: Acompanhar e fiscalizar o cumprimento das diretrizes do Programa Nacional de Alimenta\u00e7\u00e3o Escolar, bem como controlar a aplica\u00e7\u00e3o dos recursos destinados \u00e0 alimenta\u00e7\u00e3o escolar, estabelecidas na forma o art. 2\u00ba da Lei n\u00ba11947 de 16 de junho de 2009 entre outras a\u00e7\u00f5es. O CMAE \u00e9 composto por sete membros titulares e seus pares, seu mandato \u00e9 de 4 anos, eleitos por suas representatividades e indicado pela prefeita, conforme Decreto n 5.280 de 22 de abril de 2021.<\/p>\n\n\n\n<p><\/p>\n\n\n\n<h4 class=\"wp-block-heading\">ESTRUTURA ORGANIZACIONAL:<\/h4>\n\n\n\n<p>&nbsp;O Conselho Municipal de Alimenta\u00e7\u00e3o escolar de Paracambi \u00e9 organizado em Plen\u00e1rio, Presid\u00eancia e Secret\u00e1ria Executiva.<\/p>\n\n\n\n<p>A Presid\u00eancia do Conselho Municipal de Alimenta\u00e7\u00e3o Escola \u00e9 eleita pelo Plen\u00e1rio composta de 7 membros Titulares.<\/p>\n\n\n\n<p><\/p>\n\n\n\n<h4 class=\"wp-block-heading\">GRUPO DE TRABALHO:<\/h4>\n\n\n\n<p>Composto pelos 14 membros entre titulares e suplentes Esse grupo faz visitas in loco para verificar se os recursos est\u00e3o sendo utilizados conforme determinado pelo FNDE, com relat\u00f3rio preenchido e assinado pelos membros presentes apontando poss\u00edveis irregularidades e encaminhado ao Secret\u00e1rio de Educa\u00e7\u00e3o para as devidas provid\u00eancias. Todos os membros deliberam sobre os assuntos em reuni\u00e3o e visitas, contudo apenas os titulares votam.<\/p>\n\n\n\n<p><\/p>\n\n\n\n<h4 class=\"wp-block-heading\">REGIMENTO INTERNO<\/h4>\n\n\n\n<p>Acesse <a href=\"http:\/\/paracambi.rj.gov.br\/sites\/cmae\/wp-content\/uploads\/sites\/9\/2022\/12\/agendaSMEE2023_interna.pdf\" data-type=\"URL\" data-id=\"http:\/\/paracambi.rj.gov.br\/sites\/cmae\/wp-content\/uploads\/sites\/9\/2022\/12\/agendaSMEE2023_interna.pdf\">aqui<\/a> o Regimento Interno.<\/p>\n","protected":false},"excerpt":{"rendered":"<p>O Conselho Municipal de Alimenta\u00e7\u00e3o Escolar foi criado pela Lei Municipal n\u00ba 360 de 26\/12\/1995. Lei Municipal de revis\u00e3o da<\/p>\n","protected":false},"author":9,"featured_media":0,"parent":0,"menu_order":1,"comment_status":"closed","ping_status":"closed","template":"","meta":{"colormag_page_container_layout":"default_layout","colormag_page_sidebar_layout":"default_layout","footnotes":""},"class_list":["post-29","page","type-page","status-publish","hentry"],"_links":{"self":[{"href":"https:\/\/paracambi.rj.gov.br\/sites\/cmae\/wp-json\/wp\/v2\/pages\/29","targetHints":{"allow":["GET"]}}],"collection":[{"href":"https:\/\/paracambi.rj.gov.br\/sites\/cmae\/wp-json\/wp\/v2\/pages"}],"about":[{"href":"https:\/\/paracambi.rj.gov.br\/sites\/cmae\/wp-json\/wp\/v2\/types\/page"}],"author":[{"embeddable":true,"href":"https:\/\/paracambi.rj.gov.br\/sites\/cmae\/wp-json\/wp\/v2\/users\/9"}],"replies":[{"embeddable":true,"href":"https:\/\/paracambi.rj.gov.br\/sites\/cmae\/wp-json\/wp\/v2\/comments?post=29"}],"version-history":[{"count":7,"href":"https:\/\/paracambi.rj.gov.br\/sites\/cmae\/wp-json\/wp\/v2\/pages\/29\/revisions"}],"predecessor-version":[{"id":145,"href":"https:\/\/paracambi.rj.gov.br\/sites\/cmae\/wp-json\/wp\/v2\/pages\/29\/revisions\/145"}],"wp:attachment":[{"href":"https:\/\/paracambi.rj.gov.br\/sites\/cmae\/wp-json\/wp\/v2\/media?parent=29"}],"curies":[{"name":"wp","href":"https:\/\/api.w.org\/{rel}","templated":true}]}}