{"id":38,"date":"2022-12-12T00:05:20","date_gmt":"2022-12-12T03:05:20","guid":{"rendered":"https:\/\/paracambi.rj.gov.br\/sites\/cmae\/?page_id=38"},"modified":"2022-12-12T01:22:42","modified_gmt":"2022-12-12T04:22:42","slug":"leis","status":"publish","type":"page","link":"https:\/\/paracambi.rj.gov.br\/sites\/cmae\/leis\/","title":{"rendered":"LEIS"},"content":{"rendered":"\n<p><a href=\"http:\/\/paracambi.rj.gov.br\/sites\/cmae\/wp-content\/uploads\/sites\/9\/2022\/12\/Lei-360-26-12-1995-Cria-o-conselho-de-alimentacao-escolar.pdf-.pdf\" data-type=\"URL\" data-id=\"http:\/\/paracambi.rj.gov.br\/sites\/cmae\/wp-content\/uploads\/sites\/9\/2022\/12\/Lei-360-26-12-1995-Cria-o-conselho-de-alimentacao-escolar.pdf-.pdf\">Lei Municipal n\u00ba 360\/1995, de 26 de dezembro de 1995<\/a> &#8211; Cria o Conselho de Alimenta\u00e7\u00e3o Escolar e d\u00e1 outras provid\u00eancias<\/p>\n\n\n\n<p><a href=\"http:\/\/paracambi.rj.gov.br\/sites\/cmae\/wp-content\/uploads\/sites\/9\/2022\/12\/LEI-991-DE-12-05-2011.pdf\" data-type=\"URL\" data-id=\"http:\/\/paracambi.rj.gov.br\/sites\/cmae\/wp-content\/uploads\/sites\/9\/2022\/12\/LEI-991-DE-12-05-2011.pdf\">Lei Municipal n\u00ba 991\/2011, de 12 de maio de 2011<\/a> &#8211; Altera o Art. 2\u00ba da Lei Municipal n\u00ba 360\/1995<\/p>\n\n\n\n<p><a href=\"http:\/\/paracambi.rj.gov.br\/sites\/cmae\/wp-content\/uploads\/sites\/9\/2022\/12\/LEI-1377-23-05-2019-Revisao-da-Lei-Municipal.pdf-.pdf\" data-type=\"URL\" data-id=\"http:\/\/paracambi.rj.gov.br\/sites\/cmae\/wp-content\/uploads\/sites\/9\/2022\/12\/LEI-1377-23-05-2019-Revisao-da-Lei-Municipal.pdf-.pdf\">Lei Municipal n\u00ba 1.377\/2019, de 23 de maio de 2019<\/a> &#8211; Disp\u00f5e sobre a revis\u00e3o da Lei Municipal n\u00ba 360\/1995 e d\u00e1 outras provid\u00eancias<\/p>\n\n\n\n<p><\/p>\n","protected":false},"excerpt":{"rendered":"<p>Lei Municipal n\u00ba 360\/1995, de 26 de dezembro de 1995 &#8211; Cria o Conselho de Alimenta\u00e7\u00e3o Escolar e d\u00e1 outras<\/p>\n","protected":false},"author":9,"featured_media":0,"parent":0,"menu_order":2,"comment_status":"closed","ping_status":"closed","template":"","meta":{"colormag_page_container_layout":"default_layout","colormag_page_sidebar_layout":"default_layout","footnotes":""},"class_list":["post-38","page","type-page","status-publish","hentry"],"_links":{"self":[{"href":"https:\/\/paracambi.rj.gov.br\/sites\/cmae\/wp-json\/wp\/v2\/pages\/38","targetHints":{"allow":["GET"]}}],"collection":[{"href":"https:\/\/paracambi.rj.gov.br\/sites\/cmae\/wp-json\/wp\/v2\/pages"}],"about":[{"href":"https:\/\/paracambi.rj.gov.br\/sites\/cmae\/wp-json\/wp\/v2\/types\/page"}],"author":[{"embeddable":true,"href":"https:\/\/paracambi.rj.gov.br\/sites\/cmae\/wp-json\/wp\/v2\/users\/9"}],"replies":[{"embeddable":true,"href":"https:\/\/paracambi.rj.gov.br\/sites\/cmae\/wp-json\/wp\/v2\/comments?post=38"}],"version-history":[{"count":2,"href":"https:\/\/paracambi.rj.gov.br\/sites\/cmae\/wp-json\/wp\/v2\/pages\/38\/revisions"}],"predecessor-version":[{"id":45,"href":"https:\/\/paracambi.rj.gov.br\/sites\/cmae\/wp-json\/wp\/v2\/pages\/38\/revisions\/45"}],"wp:attachment":[{"href":"https:\/\/paracambi.rj.gov.br\/sites\/cmae\/wp-json\/wp\/v2\/media?parent=38"}],"curies":[{"name":"wp","href":"https:\/\/api.w.org\/{rel}","templated":true}]}}