{"id":80,"date":"2022-12-12T16:07:31","date_gmt":"2022-12-12T19:07:31","guid":{"rendered":"https:\/\/paracambi.rj.gov.br\/sites\/cmae\/?page_id=80"},"modified":"2026-03-18T15:23:24","modified_gmt":"2026-03-18T18:23:24","slug":"repasses","status":"publish","type":"page","link":"https:\/\/paracambi.rj.gov.br\/sites\/cmae\/repasses\/","title":{"rendered":"REPASSES"},"content":{"rendered":"\n<p>O Programa Nacional de Alimenta\u00e7\u00e3o Escolar (PNAE) oferece alimenta\u00e7\u00e3o escolar e a\u00e7\u00f5es de educa\u00e7\u00e3o alimentar e nutricional a estudantes de todas as etapas da educa\u00e7\u00e3o b\u00e1sica p\u00fablica. O governo federal repassa, a estados, munic\u00edpios e escolas federais, valores financeiros de car\u00e1ter suplementar efetuados em 10 parcelas mensais (de fevereiro a novembro) para a cobertura de 200 dias letivos, conforme o n\u00famero de matriculados em cada rede de ensino.<br><br>Acesse os repasses atrav\u00e9s dos links abaixo: <\/p>\n\n\n\n<div class=\"wp-block-group is-nowrap is-layout-flex wp-container-core-group-is-layout-6c531013 wp-block-group-is-layout-flex\">\n<div class=\"wp-block-buttons is-layout-flex wp-block-buttons-is-layout-flex\">\n<div class=\"wp-block-button\"><a class=\"wp-block-button__link wp-element-button\" href=\"https:\/\/www.fnde.gov.br\/pls\/simad\/internet_fnde.liberacoes_result_pc?p_ano=2026&amp;p_programa=C7&amp;p_uf=RJ&amp;p_municipio=330360&amp;p_tp_entidade=&amp;p_cgc=29138294000102\" target=\"_blank\" rel=\"noreferrer noopener\">2026<\/a><\/div>\n\n\n\n<div class=\"wp-block-button\"><a class=\"wp-block-button__link wp-element-button\" href=\"https:\/\/www.fnde.gov.br\/pls\/simad\/internet_fnde.liberacoes_result_pc?p_ano=2025&amp;p_programa=C7&amp;p_uf=RJ&amp;p_municipio=330360&amp;p_tp_entidade=&amp;p_cgc=29138294000102\" target=\"_blank\" rel=\"noreferrer noopener\">2025<\/a><\/div>\n\n\n\n<div class=\"wp-block-button\"><a class=\"wp-block-button__link wp-element-button\" href=\"https:\/\/www.fnde.gov.br\/pls\/simad\/internet_fnde.liberacoes_result_pc?p_ano=2024&amp;p_programa=C7&amp;p_uf=RJ&amp;p_municipio=330360&amp;p_tp_entidade=&amp;p_cgc=29138294000102\" target=\"_blank\" rel=\"noreferrer noopener\">2024<\/a><\/div>\n\n\n\n<div class=\"wp-block-button\"><a class=\"wp-block-button__link wp-element-button\" href=\"https:\/\/www.fnde.gov.br\/pls\/simad\/internet_fnde.liberacoes_result_pc?p_ano=2023&amp;p_programa=C7&amp;p_uf=RJ&amp;p_municipio=330360&amp;p_tp_entidade=&amp;p_cgc=29138294000102\" target=\"_blank\" rel=\"noreferrer noopener\">2023<\/a><\/div>\n\n\n\n<div class=\"wp-block-button\"><a class=\"wp-block-button__link wp-element-button\" href=\"https:\/\/www.fnde.gov.br\/pls\/simad\/internet_fnde.liberacoes_result_pc?p_ano=2022&amp;p_programa=C7&amp;p_uf=RJ&amp;p_municipio=330360&amp;p_tp_entidade=&amp;p_cgc=29138294000102\" target=\"_blank\" rel=\"noreferrer noopener\">2022<\/a><\/div>\n\n\n\n<div class=\"wp-block-button\"><a class=\"wp-block-button__link wp-element-button\" href=\"https:\/\/www.fnde.gov.br\/pls\/simad\/internet_fnde.liberacoes_result_pc?p_ano=2021&amp;p_programa=C7&amp;p_uf=RJ&amp;p_municipio=330360&amp;p_tp_entidade=&amp;p_cgc=29138294000102\" target=\"_blank\" rel=\"noreferrer noopener\">2021<\/a><\/div>\n\n\n\n<div class=\"wp-block-button\"><a class=\"wp-block-button__link wp-element-button\" href=\"https:\/\/www.fnde.gov.br\/pls\/simad\/internet_fnde.liberacoes_result_pc?p_ano=2021&amp;p_programa=C7&amp;p_uf=RJ&amp;p_municipio=330360&amp;p_tp_entidade=&amp;p_cgc=29138294000102\" target=\"_blank\" rel=\"noreferrer noopener\">2020<\/a><\/div>\n\n\n\n<div class=\"wp-block-button\"><a class=\"wp-block-button__link wp-element-button\" href=\"https:\/\/www.fnde.gov.br\/pls\/simad\/internet_fnde.liberacoes_result_pc?p_ano=2019&amp;p_programa=C7&amp;p_uf=RJ&amp;p_municipio=330360&amp;p_tp_entidade=&amp;p_cgc=29138294000102\" target=\"_blank\" rel=\"noreferrer noopener\">2019<\/a><\/div>\n\n\n\n<div class=\"wp-block-button\"><a class=\"wp-block-button__link wp-element-button\" href=\"https:\/\/www.fnde.gov.br\/pls\/simad\/internet_fnde.liberacoes_result_pc?p_ano=2018&amp;p_programa=C7&amp;p_uf=RJ&amp;p_municipio=330360&amp;p_tp_entidade=&amp;p_cgc=29138294000102\" target=\"_blank\" rel=\"noreferrer noopener\">2018<\/a><\/div>\n\n\n\n<div class=\"wp-block-button\"><a class=\"wp-block-button__link wp-element-button\" href=\"https:\/\/www.fnde.gov.br\/pls\/simad\/internet_fnde.liberacoes_result_pc?p_ano=2017&amp;p_programa=C7&amp;p_uf=RJ&amp;p_municipio=330360&amp;p_tp_entidade=&amp;p_cgc=29138294000102\" target=\"_blank\" rel=\"noreferrer noopener\">2017<\/a><\/div>\n<\/div>\n\n\n\n<div class=\"wp-block-buttons is-layout-flex wp-block-buttons-is-layout-flex\"><\/div>\n<\/div>\n\n\n\n<p><\/p>\n","protected":false},"excerpt":{"rendered":"<p>O Programa Nacional de Alimenta\u00e7\u00e3o Escolar (PNAE) oferece alimenta\u00e7\u00e3o escolar e a\u00e7\u00f5es de educa\u00e7\u00e3o alimentar e nutricional a estudantes de<\/p>\n","protected":false},"author":9,"featured_media":0,"parent":0,"menu_order":3,"comment_status":"closed","ping_status":"closed","template":"","meta":{"colormag_page_container_layout":"default_layout","colormag_page_sidebar_layout":"default_layout","footnotes":""},"class_list":["post-80","page","type-page","status-publish","hentry"],"_links":{"self":[{"href":"https:\/\/paracambi.rj.gov.br\/sites\/cmae\/wp-json\/wp\/v2\/pages\/80","targetHints":{"allow":["GET"]}}],"collection":[{"href":"https:\/\/paracambi.rj.gov.br\/sites\/cmae\/wp-json\/wp\/v2\/pages"}],"about":[{"href":"https:\/\/paracambi.rj.gov.br\/sites\/cmae\/wp-json\/wp\/v2\/types\/page"}],"author":[{"embeddable":true,"href":"https:\/\/paracambi.rj.gov.br\/sites\/cmae\/wp-json\/wp\/v2\/users\/9"}],"replies":[{"embeddable":true,"href":"https:\/\/paracambi.rj.gov.br\/sites\/cmae\/wp-json\/wp\/v2\/comments?post=80"}],"version-history":[{"count":9,"href":"https:\/\/paracambi.rj.gov.br\/sites\/cmae\/wp-json\/wp\/v2\/pages\/80\/revisions"}],"predecessor-version":[{"id":212,"href":"https:\/\/paracambi.rj.gov.br\/sites\/cmae\/wp-json\/wp\/v2\/pages\/80\/revisions\/212"}],"wp:attachment":[{"href":"https:\/\/paracambi.rj.gov.br\/sites\/cmae\/wp-json\/wp\/v2\/media?parent=80"}],"curies":[{"name":"wp","href":"https:\/\/api.w.org\/{rel}","templated":true}]}}