{"id":11,"date":"2024-10-21T16:21:06","date_gmt":"2024-10-21T19:21:06","guid":{"rendered":"https:\/\/paracambi.rj.gov.br\/sites\/cme\/?page_id=11"},"modified":"2024-10-21T16:21:40","modified_gmt":"2024-10-21T19:21:40","slug":"sobre-o-cme","status":"publish","type":"page","link":"https:\/\/paracambi.rj.gov.br\/sites\/cme\/sobre-o-cme\/","title":{"rendered":"SOBRE O CME"},"content":{"rendered":"\n<p>O Conselho Municipal de Educa\u00e7\u00e3o (CME)\u00a0\u00e9 um \u00f3rg\u00e3o que tem como objetivo acompanhar e fiscalizar as pol\u00edticas educacionais de um munic\u00edpio.\u00a0O CME \u00e9 vinculado \u00e0 Secretaria Municipal de Educa\u00e7\u00e3o e tem fun\u00e7\u00f5es consultivas, mobilizadoras, deliberativas e fiscalizadoras.\u00a0<\/p>\n\n\n\n<p>Algumas das fun\u00e7\u00f5es do CME s\u00e3o:&nbsp;<\/p>\n\n\n\n<ul class=\"wp-block-list\">\n<li>Assessorar o Executivo Municipal na formula\u00e7\u00e3o, implementa\u00e7\u00e3o e avalia\u00e7\u00e3o de pol\u00edticas p\u00fablicas educacionais&nbsp;<\/li>\n\n\n\n<li>Elabora\u00e7\u00e3o de normas complementares para o sistema de ensino&nbsp;<\/li>\n\n\n\n<li>Proposi\u00e7\u00e3o de medidas para melhoria das pol\u00edticas educacionais&nbsp;<\/li>\n\n\n\n<li>Acompanhamento da transfer\u00eancia e controle da aplica\u00e7\u00e3o de recursos para a educa\u00e7\u00e3o no Munic\u00edpio&nbsp;<\/li>\n\n\n\n<li>Cria\u00e7\u00e3o, amplia\u00e7\u00e3o, desativa\u00e7\u00e3o e localiza\u00e7\u00e3o de escolas municipais&nbsp;<\/li>\n<\/ul>\n\n\n\n<p>A cria\u00e7\u00e3o do CME deve ser prevista em Lei Municipal, que tamb\u00e9m define a sua composi\u00e7\u00e3o, mandatos e estrutura de funcionamento.<\/p>\n","protected":false},"excerpt":{"rendered":"<p>O Conselho Municipal de Educa\u00e7\u00e3o (CME)\u00a0\u00e9 um \u00f3rg\u00e3o que tem como objetivo acompanhar e fiscalizar as pol\u00edticas educacionais de um<\/p>\n","protected":false},"author":9,"featured_media":0,"parent":0,"menu_order":0,"comment_status":"closed","ping_status":"closed","template":"","meta":{"colormag_page_container_layout":"default_layout","colormag_page_sidebar_layout":"default_layout","footnotes":""},"class_list":["post-11","page","type-page","status-publish","hentry"],"_links":{"self":[{"href":"https:\/\/paracambi.rj.gov.br\/sites\/cme\/wp-json\/wp\/v2\/pages\/11","targetHints":{"allow":["GET"]}}],"collection":[{"href":"https:\/\/paracambi.rj.gov.br\/sites\/cme\/wp-json\/wp\/v2\/pages"}],"about":[{"href":"https:\/\/paracambi.rj.gov.br\/sites\/cme\/wp-json\/wp\/v2\/types\/page"}],"author":[{"embeddable":true,"href":"https:\/\/paracambi.rj.gov.br\/sites\/cme\/wp-json\/wp\/v2\/users\/9"}],"replies":[{"embeddable":true,"href":"https:\/\/paracambi.rj.gov.br\/sites\/cme\/wp-json\/wp\/v2\/comments?post=11"}],"version-history":[{"count":2,"href":"https:\/\/paracambi.rj.gov.br\/sites\/cme\/wp-json\/wp\/v2\/pages\/11\/revisions"}],"predecessor-version":[{"id":13,"href":"https:\/\/paracambi.rj.gov.br\/sites\/cme\/wp-json\/wp\/v2\/pages\/11\/revisions\/13"}],"wp:attachment":[{"href":"https:\/\/paracambi.rj.gov.br\/sites\/cme\/wp-json\/wp\/v2\/media?parent=11"}],"curies":[{"name":"wp","href":"https:\/\/api.w.org\/{rel}","templated":true}]}}