{"id":16,"date":"2024-10-21T16:24:16","date_gmt":"2024-10-21T19:24:16","guid":{"rendered":"https:\/\/paracambi.rj.gov.br\/sites\/cme\/?page_id=16"},"modified":"2024-10-22T14:12:37","modified_gmt":"2024-10-22T17:12:37","slug":"leis","status":"publish","type":"page","link":"https:\/\/paracambi.rj.gov.br\/sites\/cme\/leis\/","title":{"rendered":"LEIS"},"content":{"rendered":"\n<p><a href=\"https:\/\/drive.google.com\/file\/d\/1Px3Y2omoPxm3spnwsZ47A-F6NxVcA7TN\/view?usp=drive_link\" target=\"_blank\" rel=\"noreferrer noopener\">ANO 1997 LEI 399 17 JUNHO 97  Lei de Cria\u00e7\u00e3o CME<\/a><\/p>\n\n\n\n<hr class=\"wp-block-separator has-alpha-channel-opacity is-style-wide\" \/>\n\n\n\n<p><a href=\"https:\/\/drive.google.com\/file\/d\/1_eDO4K3kSzckIIbe6UlevLojcumMFqp6\/view?usp=drive_link\" target=\"_blank\" rel=\"noreferrer noopener\">ANO 2008 LEI 874 26 02 2008 ALTERA ARTIGO 3<\/a><\/p>\n\n\n\n<p><a href=\"https:\/\/drive.google.com\/file\/d\/1ZSCJswFous8fnW2BVw-xqPB97kjP3oL3\/view?usp=drive_link\" target=\"_blank\" rel=\"noreferrer noopener\">ANO 2018 LEI 1169 18 JUNHO 2015 PLANO MUNICIPAL DE EDUCA\u00c7\u00c3O 2015 2025<\/a><\/p>\n\n\n\n<p><a href=\"https:\/\/drive.google.com\/file\/d\/1RTilG3fp6srHLePNpfbmH3_5_8ZTQhea\/view?usp=drive_link\" target=\"_blank\" rel=\"noreferrer noopener\">ANO 2019  LEI COMPLEMENTAR 1422 23 OUTUBRO 2019<\/a><\/p>\n\n\n\n<p><a href=\"https:\/\/drive.google.com\/file\/d\/13tGHzzi8RACaHeMB7sTfPMsG3PFrmVQA\/view?usp=drive_link\" target=\"_blank\" rel=\"noreferrer noopener\">ANO 2024 ATO SECRET\u00c1RIO 004 04 JUNHO 2024 ESTABELECE ORGANIZA\u00c7\u00c3O E FUNCIONAMENTO DAS ESCOLAS DE TEMPO INTEGRAL<\/a><\/p>\n\n\n\n<p><a href=\"https:\/\/drive.google.com\/file\/d\/1FMwiDnx8bnWs81glwciZGG3FEYq5YBUI\/view?usp=drive_link\" target=\"_blank\" rel=\"noreferrer noopener\">ANO 2024 LEI 1717 12 MAR\u00c7O 24 ALTERA ARTIGO 3\u00ba LEI 399 97<\/a><\/p>\n\n\n\n<p><a href=\"https:\/\/drive.google.com\/file\/d\/1DQ9BB8CoPfou3kLNWWO4rbG3HtOQv-kb\/view?usp=drive_link\" target=\"_blank\" rel=\"noreferrer noopener\">ANO 2024 LEI MUNICIPAL 1734 08 MAIO 2024 EDUCA\u00c7\u00c3O INTEGRAL<\/a><\/p>\n\n\n\n<p><a href=\"https:\/\/drive.google.com\/file\/d\/15-ut5QTi8g-BfEwzGxbqj7IYIh4QHAoS\/view?usp=drive_link\" target=\"_blank\" rel=\"noreferrer noopener\">ANO 2024 LEI MUNICIPAL N\u00ba 1748 11 SETEMBRO 2024 PRORROGA\u00c7\u00c3O PME<\/a><\/p>\n\n\n\n<p><a href=\"https:\/\/drive.google.com\/file\/d\/1sFBRXrPjrEDUcNprEmHKFz4A9I0ZbQiu\/view?usp=drive_link\" target=\"_blank\" rel=\"noreferrer noopener\">ANO 2024 NOVO REGIMENTO INTERNO DO CONSELHO MUNICIPAL DE EDUCA\u00c7\u00c3O<\/a><\/p>\n\n\n\n<p><\/p>\n\n\n\n<p><\/p>\n","protected":false},"excerpt":{"rendered":"<p>ANO 1997 LEI 399 17 JUNHO 97 Lei de Cria\u00e7\u00e3o CME ANO 2008 LEI 874 26 02 2008 ALTERA ARTIGO<\/p>\n","protected":false},"author":9,"featured_media":0,"parent":0,"menu_order":0,"comment_status":"closed","ping_status":"closed","template":"","meta":{"colormag_page_container_layout":"default_layout","colormag_page_sidebar_layout":"default_layout","footnotes":""},"class_list":["post-16","page","type-page","status-publish","hentry"],"_links":{"self":[{"href":"https:\/\/paracambi.rj.gov.br\/sites\/cme\/wp-json\/wp\/v2\/pages\/16","targetHints":{"allow":["GET"]}}],"collection":[{"href":"https:\/\/paracambi.rj.gov.br\/sites\/cme\/wp-json\/wp\/v2\/pages"}],"about":[{"href":"https:\/\/paracambi.rj.gov.br\/sites\/cme\/wp-json\/wp\/v2\/types\/page"}],"author":[{"embeddable":true,"href":"https:\/\/paracambi.rj.gov.br\/sites\/cme\/wp-json\/wp\/v2\/users\/9"}],"replies":[{"embeddable":true,"href":"https:\/\/paracambi.rj.gov.br\/sites\/cme\/wp-json\/wp\/v2\/comments?post=16"}],"version-history":[{"count":6,"href":"https:\/\/paracambi.rj.gov.br\/sites\/cme\/wp-json\/wp\/v2\/pages\/16\/revisions"}],"predecessor-version":[{"id":63,"href":"https:\/\/paracambi.rj.gov.br\/sites\/cme\/wp-json\/wp\/v2\/pages\/16\/revisions\/63"}],"wp:attachment":[{"href":"https:\/\/paracambi.rj.gov.br\/sites\/cme\/wp-json\/wp\/v2\/media?parent=16"}],"curies":[{"name":"wp","href":"https:\/\/api.w.org\/{rel}","templated":true}]}}