{"id":56,"date":"2024-10-22T14:07:57","date_gmt":"2024-10-22T17:07:57","guid":{"rendered":"https:\/\/paracambi.rj.gov.br\/sites\/cme\/?page_id=56"},"modified":"2024-10-22T14:08:37","modified_gmt":"2024-10-22T17:08:37","slug":"deliberacoes","status":"publish","type":"page","link":"https:\/\/paracambi.rj.gov.br\/sites\/cme\/deliberacoes\/","title":{"rendered":"DELIBERA\u00c7\u00d5ES"},"content":{"rendered":"\n<p><a href=\"https:\/\/drive.google.com\/file\/d\/1Ol6TjQgckSPaYp5iTPzltEqEQXAY1edD\/view?usp=drive_link\" target=\"_blank\" rel=\"noreferrer noopener\">ANO 2012 DELIBERA\u00c7\u00c3O 001 30 OUTUBRO 2012 REVOGA DELIBERA\u00c7\u00c3O 001 DE 2000 NORMAS ED INFANTIL<\/a><\/p>\n\n\n\n<p><a href=\"https:\/\/drive.google.com\/file\/d\/1eHwwMiQtEk8aD9AYx5AaOt7c9xpbfpOZ\/view?usp=drive_link\" target=\"_blank\" rel=\"noreferrer noopener\">ANO 2012 DELIBERA\u00c7\u00c3O 003 12 DEZEMBRO 2012  NORMAS DE ED INFANTIL<\/a><\/p>\n\n\n\n<p><a href=\"https:\/\/drive.google.com\/file\/d\/12JCUyogNfcV_eR1K3WgON-7Qs8t-mEJw\/view?usp=drive_link\" target=\"_blank\" rel=\"noreferrer noopener\">ANO 2014 DELIBERA\u00c7\u00c3O 004  04 FEVEREIRO 2014 INSTITUI REGIMENTO DE DEPEND\u00caNCIA<\/a><\/p>\n\n\n\n<p><a href=\"https:\/\/drive.google.com\/file\/d\/191EwdkeXy2zYONmqFpk2w78o_5B3syUX\/view?usp=drive_link\" target=\"_blank\" rel=\"noreferrer noopener\">ANO 2014 DELIBERA\u00c7\u00c3O 005 30 SETEMBRO 2014 EDUCA\u00c7\u00c3O INFANTIL<\/a><\/p>\n\n\n\n<p><a href=\"https:\/\/drive.google.com\/file\/d\/1zTGnuVbLEQ0MNv-IPAi-0V-Dk0KG53X7\/view?usp=drive_link\" target=\"_blank\" rel=\"noreferrer noopener\">ANO 2015 DELIBERA\u00c7\u00c3O 002 2015 ENSINO EJA<\/a><\/p>\n\n\n\n<p><a href=\"https:\/\/drive.google.com\/file\/d\/1-5g1TCaxWWb5-F4gLZRd00e6TWvYKHX0\/view?usp=drive_link\" target=\"_blank\" rel=\"noreferrer noopener\">ANO 2016 DELIBERA\u00c7\u00c3O 001 15 MAR\u00c7O 2016 DIRETRIZES PROCESSUAIS INCLUS\u00c3O DA E INFANTIL NA REDE PRIVADA 2016<\/a><\/p>\n\n\n\n<p><a href=\"https:\/\/drive.google.com\/file\/d\/1jG50YyQ_IyGD0mWJcr_iYKOao9fQTiXF\/view?usp=drive_link\" target=\"_blank\" rel=\"noreferrer noopener\">ANO 2021 DELIBERA\u00c7\u00c3O 002 19 ABRIL 2021 ENSINO RELIGIOSO<\/a><\/p>\n\n\n\n<p><a href=\"https:\/\/drive.google.com\/file\/d\/1JjT7EPcSuUZrYu5tKzy0X50CBUkUwq0Z\/view?usp=drive_link\" target=\"_blank\" rel=\"noreferrer noopener\">ANO 2022 DELIBERA\u00c7\u00c3O 002 18 MAR\u00c7O 2022 EDUCA\u00c7\u00c3O INCLUSIVA<\/a><\/p>\n\n\n\n<p><a href=\"https:\/\/drive.google.com\/file\/d\/1i0A1D7yxlaEhtVHqi9NrLDKidmZR1yfJ\/view?usp=drive_link\" target=\"_blank\" rel=\"noreferrer noopener\">ANO 2022 DELIBERA\u00c7\u00c3O 003 03 MAIO 2022 PROMO\u00c7\u00c3O E RECLASSIFICA\u00c7\u00c3O<\/a><\/p>\n","protected":false},"excerpt":{"rendered":"<p>ANO 2012 DELIBERA\u00c7\u00c3O 001 30 OUTUBRO 2012 REVOGA DELIBERA\u00c7\u00c3O 001 DE 2000 NORMAS ED INFANTIL ANO 2012 DELIBERA\u00c7\u00c3O 003 12<\/p>\n","protected":false},"author":9,"featured_media":0,"parent":0,"menu_order":0,"comment_status":"closed","ping_status":"closed","template":"","meta":{"colormag_page_container_layout":"default_layout","colormag_page_sidebar_layout":"default_layout","footnotes":""},"class_list":["post-56","page","type-page","status-publish","hentry"],"_links":{"self":[{"href":"https:\/\/paracambi.rj.gov.br\/sites\/cme\/wp-json\/wp\/v2\/pages\/56","targetHints":{"allow":["GET"]}}],"collection":[{"href":"https:\/\/paracambi.rj.gov.br\/sites\/cme\/wp-json\/wp\/v2\/pages"}],"about":[{"href":"https:\/\/paracambi.rj.gov.br\/sites\/cme\/wp-json\/wp\/v2\/types\/page"}],"author":[{"embeddable":true,"href":"https:\/\/paracambi.rj.gov.br\/sites\/cme\/wp-json\/wp\/v2\/users\/9"}],"replies":[{"embeddable":true,"href":"https:\/\/paracambi.rj.gov.br\/sites\/cme\/wp-json\/wp\/v2\/comments?post=56"}],"version-history":[{"count":2,"href":"https:\/\/paracambi.rj.gov.br\/sites\/cme\/wp-json\/wp\/v2\/pages\/56\/revisions"}],"predecessor-version":[{"id":58,"href":"https:\/\/paracambi.rj.gov.br\/sites\/cme\/wp-json\/wp\/v2\/pages\/56\/revisions\/58"}],"wp:attachment":[{"href":"https:\/\/paracambi.rj.gov.br\/sites\/cme\/wp-json\/wp\/v2\/media?parent=56"}],"curies":[{"name":"wp","href":"https:\/\/api.w.org\/{rel}","templated":true}]}}