{"id":2,"date":"2023-04-24T09:32:25","date_gmt":"2023-04-24T12:32:25","guid":{"rendered":"https:\/\/paracambi.rj.gov.br\/sites\/sedeinc\/?page_id=2"},"modified":"2023-04-26T17:02:42","modified_gmt":"2023-04-26T20:02:42","slug":"sala-empreendedor","status":"publish","type":"page","link":"https:\/\/paracambi.rj.gov.br\/sites\/sedeinc\/sala-empreendedor\/","title":{"rendered":"SALA DO EMPREENDEDOR"},"content":{"rendered":"\n<p>Voc\u00ea sabia que pode receber solu\u00e7\u00f5es especializadas para o seu neg\u00f3cio pertinho de voc\u00ea?<\/p>\n\n\n\n<figure class=\"wp-block-image size-full\"><img data-recalc-dims=\"1\" fetchpriority=\"high\" decoding=\"async\" width=\"796\" height=\"444\" src=\"https:\/\/i0.wp.com\/paracambi.rj.gov.br\/sites\/sedeinc\/wp-content\/uploads\/sites\/13\/2023\/04\/Sala-do-Empreendedor-paracambi-1.png?resize=796%2C444&#038;ssl=1\" alt=\"\" class=\"wp-image-42\" srcset=\"https:\/\/i0.wp.com\/paracambi.rj.gov.br\/sites\/sedeinc\/wp-content\/uploads\/sites\/13\/2023\/04\/Sala-do-Empreendedor-paracambi-1.png?w=796&amp;ssl=1 796w, https:\/\/i0.wp.com\/paracambi.rj.gov.br\/sites\/sedeinc\/wp-content\/uploads\/sites\/13\/2023\/04\/Sala-do-Empreendedor-paracambi-1.png?resize=300%2C167&amp;ssl=1 300w, https:\/\/i0.wp.com\/paracambi.rj.gov.br\/sites\/sedeinc\/wp-content\/uploads\/sites\/13\/2023\/04\/Sala-do-Empreendedor-paracambi-1.png?resize=768%2C428&amp;ssl=1 768w\" sizes=\"(max-width: 796px) 100vw, 796px\" \/><\/figure>\n\n\n\n<p><\/p>\n\n\n\n<p><strong>Empreender agora ficou mais f\u00e1cil em Paracambi.<\/strong><\/p>\n\n\n\n<p>Em parceria firmada com o SEBRAE-RJ, a Prefeitura de Paracambi, atrav\u00e9s da Secretaria de Desenvolvimento Econ\u00f4mico de Paracambi disponibiliza para a popula\u00e7\u00e3o a Sala do Empreendedor. O local tem o objetivo de apoiar, orientar e acolher os empreendedores e potenciais empreendedores individuais de nossa cidade e conta com uma equipe de Agentes de desenvolvimento capacitados e treinados para melhor atender ao p\u00fablico em geral.<\/p>\n\n\n\n<p><strong>Em resumo a Sala do Empreendedor tem os objetivos:&nbsp;<\/strong><\/p>\n\n\n\n<ul class=\"wp-block-list\">\n<li>Atender e orientar empreendedores interessados em instalar suas atividades no Munic\u00edpio de Paracambi, bem como agilizar e desburocratizar os processos de Alvar\u00e1 de Funcionamento, suas altera\u00e7\u00f5es e outros assuntos relativos a sua regulariza\u00e7\u00e3o.<\/li>\n\n\n\n<li>Fomentar a concess\u00e3o de Microcr\u00e9dito aos empreendedores instalados em nosso munic\u00edpio com foco no desenvolvimento local.<\/li>\n\n\n\n<li>Providenciar o Cadastro f\u00edsico para Formaliza\u00e7\u00e3o via Sistema Informatizado;<\/li>\n\n\n\n<li>Impress\u00e3o de c\u00f3pias do Boleto DAS referente a cobran\u00e7a da contribui\u00e7\u00e3o do INSS, ICMS, ISS;<\/li>\n\n\n\n<li>Realiza\u00e7\u00e3o da Declara\u00e7\u00e3o Anual do MEI (DASN-SIMEI e impress\u00e3o da DASN);<\/li>\n\n\n\n<li>Orienta\u00e7\u00e3o para emiss\u00e3o de NFs-e avulsa para o MEI<\/li>\n\n\n\n<li>Altera\u00e7\u00e3o de dados do MEI e Baixa sem custo junto a Sala do Empreendedor;<\/li>\n\n\n\n<li>Orienta\u00e7\u00e3o sobre cr\u00e9dito financeiro;<\/li>\n<\/ul>\n\n\n\n<p>Al\u00e9m destes servi\u00e7os, a Sala do Empreendedor de Paracambi tem um papel fundamental no processo de capacita\u00e7\u00e3o dos potenciais e novos empreendedores, criando diversas, Oficinas, Cursos, Palestras e Consultorias.<\/p>\n\n\n\n<p>\u00c9 importante ressaltar que todas as atividades da Sala do Empreendedor s\u00e3o desenvolvidas em parceria com o Servi\u00e7o Brasileiro de Apoio \u00e0 Micro e Pequena Empresa (Sebrae RJ) e direciona os neg\u00f3cios informais que se enquadram na Lei Geral da Micro e Pequena Empresa n\u00ba 123 de 14 de dezembro de 2006.<\/p>\n\n\n\n<p>A Sala do Empreendedor de Paracambi funciona de segunda a sexta, a partir das 9h e fica localizada na Pra\u00e7a Cara Nova na loja 14, bem pertinho da esta\u00e7\u00e3o de trem. O contato para agendamento \u00e9 o (21) 2683-9108 ou pelo e-mail\u00a0<a href=\"mailto:saladoempreendedor@paracambi.rj.gov.br\">saladoempreendedor@paracambi.rj.gov.br<\/a><\/p>\n\n\n\n<p id=\"salaempreendedor\"><a href=\"https:\/\/www.facebook.com\/empreendedorpbi\">Facebook<\/a><\/p>\n\n\n\n<p><a href=\"https:\/\/www.instagram.com\/saladoempreendedorpbi\/\">Instagram<\/a><\/p>\n\n\n\n<figure class=\"wp-block-image size-full\"><img data-recalc-dims=\"1\" decoding=\"async\" width=\"575\" height=\"352\" src=\"https:\/\/i0.wp.com\/paracambi.rj.gov.br\/sites\/sedeinc\/wp-content\/uploads\/sites\/13\/2023\/04\/Sala-do-Empreendedor-paracambi-2-1.png?resize=575%2C352&#038;ssl=1\" alt=\"\" class=\"wp-image-53\" srcset=\"https:\/\/i0.wp.com\/paracambi.rj.gov.br\/sites\/sedeinc\/wp-content\/uploads\/sites\/13\/2023\/04\/Sala-do-Empreendedor-paracambi-2-1.png?w=575&amp;ssl=1 575w, https:\/\/i0.wp.com\/paracambi.rj.gov.br\/sites\/sedeinc\/wp-content\/uploads\/sites\/13\/2023\/04\/Sala-do-Empreendedor-paracambi-2-1.png?resize=300%2C184&amp;ssl=1 300w\" sizes=\"(max-width: 575px) 100vw, 575px\" \/><\/figure>\n","protected":false},"excerpt":{"rendered":"<p>Voc\u00ea sabia que pode receber solu\u00e7\u00f5es especializadas para o seu neg\u00f3cio pertinho de voc\u00ea? Empreender agora ficou mais f\u00e1cil em<\/p>\n","protected":false},"author":11,"featured_media":0,"parent":0,"menu_order":0,"comment_status":"closed","ping_status":"open","template":"","meta":{"colormag_page_container_layout":"default_layout","colormag_page_sidebar_layout":"default_layout","footnotes":""},"class_list":["post-2","page","type-page","status-publish","hentry"],"jetpack-related-posts":[],"jetpack_sharing_enabled":true,"jetpack_likes_enabled":true,"jetpack_shortlink":"https:\/\/wp.me\/PeLF8g-2","_links":{"self":[{"href":"https:\/\/paracambi.rj.gov.br\/sites\/sedeinc\/wp-json\/wp\/v2\/pages\/2","targetHints":{"allow":["GET"]}}],"collection":[{"href":"https:\/\/paracambi.rj.gov.br\/sites\/sedeinc\/wp-json\/wp\/v2\/pages"}],"about":[{"href":"https:\/\/paracambi.rj.gov.br\/sites\/sedeinc\/wp-json\/wp\/v2\/types\/page"}],"author":[{"embeddable":true,"href":"https:\/\/paracambi.rj.gov.br\/sites\/sedeinc\/wp-json\/wp\/v2\/users\/11"}],"replies":[{"embeddable":true,"href":"https:\/\/paracambi.rj.gov.br\/sites\/sedeinc\/wp-json\/wp\/v2\/comments?post=2"}],"version-history":[{"count":11,"href":"https:\/\/paracambi.rj.gov.br\/sites\/sedeinc\/wp-json\/wp\/v2\/pages\/2\/revisions"}],"predecessor-version":[{"id":82,"href":"https:\/\/paracambi.rj.gov.br\/sites\/sedeinc\/wp-json\/wp\/v2\/pages\/2\/revisions\/82"}],"wp:attachment":[{"href":"https:\/\/paracambi.rj.gov.br\/sites\/sedeinc\/wp-json\/wp\/v2\/media?parent=2"}],"curies":[{"name":"wp","href":"https:\/\/api.w.org\/{rel}","templated":true}]}}