{"id":1622,"date":"2023-11-17T16:05:26","date_gmt":"2023-11-17T19:05:26","guid":{"rendered":"https:\/\/paracambi.rj.gov.br\/sites\/villa-lobos\/?page_id=1622"},"modified":"2023-11-17T16:17:26","modified_gmt":"2023-11-17T19:17:26","slug":"valbiana-coutinho","status":"publish","type":"page","link":"https:\/\/paracambi.rj.gov.br\/sites\/villa-lobos\/valbiana-coutinho\/","title":{"rendered":"Valbiana Coutinho"},"content":{"rendered":"\t\t<div data-elementor-type=\"wp-page\" data-elementor-id=\"1622\" class=\"elementor elementor-1622\">\n\t\t\t\t\t\t<section class=\"elementor-section elementor-top-section elementor-element elementor-element-3b645c22 elementor-section-boxed elementor-section-height-default elementor-section-height-default\" data-id=\"3b645c22\" data-element_type=\"section\" data-e-type=\"section\">\n\t\t\t\t\t\t<div class=\"elementor-container elementor-column-gap-default\">\n\t\t\t\t\t<div class=\"elementor-column elementor-col-100 elementor-top-column elementor-element elementor-element-1109b3e7\" data-id=\"1109b3e7\" data-element_type=\"column\" data-e-type=\"column\">\n\t\t\t<div class=\"elementor-widget-wrap elementor-element-populated\">\n\t\t\t\t\t\t<div class=\"elementor-element elementor-element-58bacb5b elementor-widget__width-initial elementor-widget elementor-widget-text-editor\" data-id=\"58bacb5b\" data-element_type=\"widget\" data-e-type=\"widget\" data-widget_type=\"text-editor.default\">\n\t\t\t\t<div class=\"elementor-widget-container\">\n\t\t\t\t\t\t\t\t\t<p><\/p>\n<p class=\"wp-block-image size-large is-resized\"><img fetchpriority=\"high\" decoding=\"async\" data-attachment-id=\"1623\" data-permalink=\"https:\/\/paracambi.rj.gov.br\/sites\/villa-lobos\/valbiana-coutinho\/valbiana-coutinho\/\" data-orig-file=\"https:\/\/i0.wp.com\/paracambi.rj.gov.br\/sites\/villa-lobos\/wp-content\/uploads\/sites\/3\/2023\/11\/Valbiana-Coutinho.jpeg?fit=1000%2C1500&amp;ssl=1\" data-orig-size=\"1000,1500\" data-comments-opened=\"1\" data-image-meta=\"{&quot;aperture&quot;:&quot;0&quot;,&quot;credit&quot;:&quot;&quot;,&quot;camera&quot;:&quot;&quot;,&quot;caption&quot;:&quot;&quot;,&quot;created_timestamp&quot;:&quot;0&quot;,&quot;copyright&quot;:&quot;&quot;,&quot;focal_length&quot;:&quot;0&quot;,&quot;iso&quot;:&quot;0&quot;,&quot;shutter_speed&quot;:&quot;0&quot;,&quot;title&quot;:&quot;&quot;,&quot;orientation&quot;:&quot;0&quot;}\" data-image-title=\"Valbiana-Coutinho\" data-image-description=\"\" data-image-caption=\"\" data-medium-file=\"https:\/\/i0.wp.com\/paracambi.rj.gov.br\/sites\/villa-lobos\/wp-content\/uploads\/sites\/3\/2023\/11\/Valbiana-Coutinho.jpeg?fit=200%2C300&amp;ssl=1\" data-large-file=\"https:\/\/i0.wp.com\/paracambi.rj.gov.br\/sites\/villa-lobos\/wp-content\/uploads\/sites\/3\/2023\/11\/Valbiana-Coutinho.jpeg?fit=683%2C1024&amp;ssl=1\" data-recalc-dims=\"1\" class=\"wp-image-1623 aligncenter\" src=\"https:\/\/i0.wp.com\/paracambi.rj.gov.br\/sites\/villa-lobos\/wp-content\/uploads\/sites\/3\/2023\/11\/Valbiana-Coutinho.jpeg?resize=248%2C371&#038;ssl=1\" alt=\"\" width=\"248\" height=\"371\" srcset=\"https:\/\/i0.wp.com\/paracambi.rj.gov.br\/sites\/villa-lobos\/wp-content\/uploads\/sites\/3\/2023\/11\/Valbiana-Coutinho.jpeg?w=1000&amp;ssl=1 1000w, https:\/\/i0.wp.com\/paracambi.rj.gov.br\/sites\/villa-lobos\/wp-content\/uploads\/sites\/3\/2023\/11\/Valbiana-Coutinho.jpeg?resize=200%2C300&amp;ssl=1 200w, https:\/\/i0.wp.com\/paracambi.rj.gov.br\/sites\/villa-lobos\/wp-content\/uploads\/sites\/3\/2023\/11\/Valbiana-Coutinho.jpeg?resize=683%2C1024&amp;ssl=1 683w, https:\/\/i0.wp.com\/paracambi.rj.gov.br\/sites\/villa-lobos\/wp-content\/uploads\/sites\/3\/2023\/11\/Valbiana-Coutinho.jpeg?resize=768%2C1152&amp;ssl=1 768w\" sizes=\"(max-width: 248px) 100vw, 248px\" \/><\/p>\n<p>Valbiana Coutinho (Vall Coutinho), Cantora e professora de m\u00fasica. No cen\u00e1rio musical do Rio, tem atuado em shows musicais e concertos como solista, coralista e preparadora vocal. No per\u00edodo de 2008 a 2013, fez a prepara\u00e7\u00e3o vocal do grupo \u201cN\u00f3s do Morro\u201d.<\/p>\n<p>Atualmente \u00e9\u00a0solista e int\u00e9rprete em participa\u00e7\u00f5es importantes junto ao grupo de Fina Batucada e o Madrigal do Villa, ambos da Escola de M\u00fasica Villa Lobos. Investe e atua em projetos de m\u00fasica popular brasileira como o Samba da Caba\u00e7a; projeto idealizado por Gracy Mary Moreira, Bisneta de Tia Ciata, cuja casa de encontros recebe o nome de Casa Tia Ciata; tamb\u00e9m faz parte do projeto Coletivo Lado Alado atuando como cantora do grupo Os Novos B\u00e1rbaros Mutantes &amp; Molhados e atuando em grava\u00e7\u00f5es musicais dentro do pr\u00f3prio projeto com m\u00fasicos importantes do cen\u00e1rio musical como Fabiano Bianco, que, acaba de lan\u00e7ar o \u00e1lbum \u201cOndas de Ressaca&#8221;, no qual fez participa\u00e7\u00e3o cantando em 3 faixas.<\/p>\n<p>Graduanda em Licenciatura em M\u00fasica e formada no Curso T\u00e9cnico em Canto da Escola de M\u00fasica Villa-Lobos. Na \u00e1rea de Educa\u00e7\u00e3o Musical, atua como professora de canto no Centro de Estudos e Forma\u00e7\u00e3o em Teatro Musical (CEFTEM); Professora de teoria musical e Canto Popular no Polo Avan\u00e7ado da Escola de M\u00fasica Villa Lobos no Munic\u00edpio de Paracambi e como Professora de Canto no Curso T\u00e9cnico na Escola de M\u00fasica Villa-Lobos do Rio de Janeiro<\/p>\n<p><\/p>\n<p><\/p>\n<p><\/p>\t\t\t\t\t\t\t\t<\/div>\n\t\t\t\t<\/div>\n\t\t\t\t\t<\/div>\n\t\t<\/div>\n\t\t\t\t\t<\/div>\n\t\t<\/section>\n\t\t\t\t<\/div>\n\t\t","protected":false},"excerpt":{"rendered":"","protected":false},"author":3,"featured_media":0,"parent":0,"menu_order":0,"comment_status":"closed","ping_status":"closed","template":"","meta":{"colormag_page_container_layout":"default_layout","colormag_page_sidebar_layout":"default_layout","footnotes":""},"class_list":["post-1622","page","type-page","status-publish","hentry"],"_links":{"self":[{"href":"https:\/\/paracambi.rj.gov.br\/sites\/villa-lobos\/wp-json\/wp\/v2\/pages\/1622","targetHints":{"allow":["GET"]}}],"collection":[{"href":"https:\/\/paracambi.rj.gov.br\/sites\/villa-lobos\/wp-json\/wp\/v2\/pages"}],"about":[{"href":"https:\/\/paracambi.rj.gov.br\/sites\/villa-lobos\/wp-json\/wp\/v2\/types\/page"}],"author":[{"embeddable":true,"href":"https:\/\/paracambi.rj.gov.br\/sites\/villa-lobos\/wp-json\/wp\/v2\/users\/3"}],"replies":[{"embeddable":true,"href":"https:\/\/paracambi.rj.gov.br\/sites\/villa-lobos\/wp-json\/wp\/v2\/comments?post=1622"}],"version-history":[{"count":12,"href":"https:\/\/paracambi.rj.gov.br\/sites\/villa-lobos\/wp-json\/wp\/v2\/pages\/1622\/revisions"}],"predecessor-version":[{"id":1635,"href":"https:\/\/paracambi.rj.gov.br\/sites\/villa-lobos\/wp-json\/wp\/v2\/pages\/1622\/revisions\/1635"}],"wp:attachment":[{"href":"https:\/\/paracambi.rj.gov.br\/sites\/villa-lobos\/wp-json\/wp\/v2\/media?parent=1622"}],"curies":[{"name":"wp","href":"https:\/\/api.w.org\/{rel}","templated":true}]}}