{"id":18,"date":"2021-12-07T10:44:23","date_gmt":"2021-12-07T13:44:23","guid":{"rendered":"https:\/\/paracambi.rj.gov.br\/sites\/villa-lobos\/?page_id=18"},"modified":"2022-03-31T06:05:35","modified_gmt":"2022-03-31T09:05:35","slug":"historia","status":"publish","type":"page","link":"https:\/\/paracambi.rj.gov.br\/sites\/villa-lobos\/historia\/","title":{"rendered":"Hist\u00f3ria"},"content":{"rendered":"\n<div class=\"wp-block-image\"><figure class=\"alignleft size-full is-resized\"><img data-recalc-dims=\"1\" fetchpriority=\"high\" decoding=\"async\" data-attachment-id=\"1398\" data-permalink=\"https:\/\/paracambi.rj.gov.br\/sites\/villa-lobos\/historia\/capa-villa-lobos-3\/\" data-orig-file=\"https:\/\/i0.wp.com\/paracambi.rj.gov.br\/sites\/villa-lobos\/wp-content\/uploads\/sites\/3\/2022\/03\/Capa-Villa-Lobos-3.jpg?fit=1024%2C576&amp;ssl=1\" data-orig-size=\"1024,576\" data-comments-opened=\"1\" data-image-meta=\"{&quot;aperture&quot;:&quot;0&quot;,&quot;credit&quot;:&quot;&quot;,&quot;camera&quot;:&quot;&quot;,&quot;caption&quot;:&quot;&quot;,&quot;created_timestamp&quot;:&quot;0&quot;,&quot;copyright&quot;:&quot;&quot;,&quot;focal_length&quot;:&quot;0&quot;,&quot;iso&quot;:&quot;0&quot;,&quot;shutter_speed&quot;:&quot;0&quot;,&quot;title&quot;:&quot;&quot;,&quot;orientation&quot;:&quot;1&quot;}\" data-image-title=\"Capa-Villa-Lobos-3\" data-image-description=\"\" data-image-caption=\"\" data-medium-file=\"https:\/\/i0.wp.com\/paracambi.rj.gov.br\/sites\/villa-lobos\/wp-content\/uploads\/sites\/3\/2022\/03\/Capa-Villa-Lobos-3.jpg?fit=300%2C169&amp;ssl=1\" data-large-file=\"https:\/\/i0.wp.com\/paracambi.rj.gov.br\/sites\/villa-lobos\/wp-content\/uploads\/sites\/3\/2022\/03\/Capa-Villa-Lobos-3.jpg?fit=800%2C450&amp;ssl=1\" src=\"https:\/\/i0.wp.com\/paracambi.rj.gov.br\/sites\/villa-lobos\/wp-content\/uploads\/sites\/3\/2022\/03\/Capa-Villa-Lobos-3.jpg?resize=674%2C379&#038;ssl=1\" alt=\"\" class=\"wp-image-1398\" width=\"674\" height=\"379\" srcset=\"https:\/\/i0.wp.com\/paracambi.rj.gov.br\/sites\/villa-lobos\/wp-content\/uploads\/sites\/3\/2022\/03\/Capa-Villa-Lobos-3.jpg?w=1024&amp;ssl=1 1024w, https:\/\/i0.wp.com\/paracambi.rj.gov.br\/sites\/villa-lobos\/wp-content\/uploads\/sites\/3\/2022\/03\/Capa-Villa-Lobos-3.jpg?resize=300%2C169&amp;ssl=1 300w, https:\/\/i0.wp.com\/paracambi.rj.gov.br\/sites\/villa-lobos\/wp-content\/uploads\/sites\/3\/2022\/03\/Capa-Villa-Lobos-3.jpg?resize=768%2C432&amp;ssl=1 768w\" sizes=\"(max-width: 674px) 100vw, 674px\" \/><\/figure><\/div>\n\n\n\n<p><\/p>\n\n\n\n<p class=\"has-text-align-justify\">A Escola de M\u00fasica Nogueira do Trombone, N\u00facleo Avan\u00e7ado Escola de M\u00fasica Villa-Lobos &#8211; Polo Paracambi, \u00e9 um espa\u00e7o de ensino de m\u00fasica e cultura da Funda\u00e7\u00e3o de Artes de Paracambi, subordinada \u00e0 Secretaria de Cultura do Munic\u00edpio em parceria com a Secretaria de Cultura e Economia Criativa do Estado do Rio de Janeiro.<\/p>\n\n\n\n<p class=\"has-text-align-justify\" style=\"font-size:16px\">Esse projeto existe desde 2002, sendo o polo avan\u00e7ado mais antigo do Estado. Nosso compromisso \u00e9 com a forma\u00e7\u00e3o musical de crian\u00e7as, jovens e adultos, com aulas ministradas em grupos e individuais. Nossa inten\u00e7\u00e3o como escola de m\u00fasica \u00e9 oferecer mais do que apenas aulas pr\u00e1ticas de instrumento. Sendo uma institui\u00e7\u00e3o tradicional de ensino, seguimos uma pedagogia musical que entende o estudo da m\u00fasica de modo mais amplo, onde os alunos estudam mat\u00e9rias que desenvolvem habilidades musicais de diversas formas.<\/p>\n\n\n\n<p class=\"has-text-align-justify\" style=\"font-size:16px\">Algumas dessas habilidades s\u00e3o: coordena\u00e7\u00e3o motora grossa e fina, lateralidade, percep\u00e7\u00e3o e mem\u00f3ria auditiva, leitura, escrita, estrutura\u00e7\u00e3o, aprecia\u00e7\u00e3o e an\u00e1lise musical, aten\u00e7\u00e3o concentrada e difusa, intera\u00e7\u00e3o social, compreens\u00e3o global e muitas outras. Nossos alunos estudam no m\u00ednimo 2 a 3 mat\u00e9rias por 4 horas semanais. Com isso, acreditamos que estejamos formando profissionais da m\u00fasica bem mais preparados para os desafios que o mercado cultural exige. Oferecemos cursos b\u00e1sicos e livres de forma\u00e7\u00e3o musical, para adultos e crian\u00e7as a partir dos 4 anos de idade.<\/p>\n\n\n\n<p class=\"has-text-align-justify\" style=\"font-size:16px\">A escola conta com bandas, orquestras e corais onde os alunos podem vivenciar e experimentar seu potencial art\u00edstico, participando de apresenta\u00e7\u00f5es dentro e fora do ambiente escolar, atendendo inclusive em eventos oficiais no munic\u00edpio. Nosso corpo docente \u00e9 composto por professores capacitados, com bagagem art\u00edstica e pedag\u00f3gica, visando um ensino diferenciado que contribui para a forma\u00e7\u00e3o cont\u00ednua do aluno.<\/p>\n\n\n\n<p style=\"font-size:16px\"><strong>Venha estudar m\u00fasica conosco!!!<\/strong><\/p>\n\n\n\n<p class=\"has-text-align-right\"><a href=\"https:\/\/paracambi.rj.gov.br\/sites\/villa-lobos\/\">Voltar<\/a><\/p>\n","protected":false},"excerpt":{"rendered":"<p>Um breve resumo da funda\u00e7\u00e3o da Escola de M\u00fasica em Paracambi no ano de 2002.<\/p>\n","protected":false},"author":1,"featured_media":0,"parent":0,"menu_order":0,"comment_status":"closed","ping_status":"closed","template":"","meta":{"colormag_page_container_layout":"no_sidebar_full_width","colormag_page_sidebar_layout":"no_sidebar","footnotes":""},"class_list":["post-18","page","type-page","status-publish","hentry"],"_links":{"self":[{"href":"https:\/\/paracambi.rj.gov.br\/sites\/villa-lobos\/wp-json\/wp\/v2\/pages\/18","targetHints":{"allow":["GET"]}}],"collection":[{"href":"https:\/\/paracambi.rj.gov.br\/sites\/villa-lobos\/wp-json\/wp\/v2\/pages"}],"about":[{"href":"https:\/\/paracambi.rj.gov.br\/sites\/villa-lobos\/wp-json\/wp\/v2\/types\/page"}],"author":[{"embeddable":true,"href":"https:\/\/paracambi.rj.gov.br\/sites\/villa-lobos\/wp-json\/wp\/v2\/users\/1"}],"replies":[{"embeddable":true,"href":"https:\/\/paracambi.rj.gov.br\/sites\/villa-lobos\/wp-json\/wp\/v2\/comments?post=18"}],"version-history":[{"count":21,"href":"https:\/\/paracambi.rj.gov.br\/sites\/villa-lobos\/wp-json\/wp\/v2\/pages\/18\/revisions"}],"predecessor-version":[{"id":1408,"href":"https:\/\/paracambi.rj.gov.br\/sites\/villa-lobos\/wp-json\/wp\/v2\/pages\/18\/revisions\/1408"}],"wp:attachment":[{"href":"https:\/\/paracambi.rj.gov.br\/sites\/villa-lobos\/wp-json\/wp\/v2\/media?parent=18"}],"curies":[{"name":"wp","href":"https:\/\/api.w.org\/{rel}","templated":true}]}}