{"id":188,"date":"2022-02-10T10:17:54","date_gmt":"2022-02-10T13:17:54","guid":{"rendered":"https:\/\/paracambi.rj.gov.br\/sites\/villa-lobos\/?page_id=188"},"modified":"2022-03-29T09:42:17","modified_gmt":"2022-03-29T12:42:17","slug":"rosemary-egidio","status":"publish","type":"page","link":"https:\/\/paracambi.rj.gov.br\/sites\/villa-lobos\/rosemary-egidio\/","title":{"rendered":"Rosemary Eg\u00eddio"},"content":{"rendered":"\n<p class=\"has-text-align-justify\">Rosemary Eg\u00eddio \u00e9 professora de Piano, Teclado, Pr\u00e1tica de Conjunto e pianista do Coro Canta Deuzani e Canta Villa da Escola de Musica Nogueira do Trombone desde 2007. Em sua\u00a0 viv\u00eancia\u00a0 musical,\u00a0 atuou\u00a0 como\u00a0 professora\u00a0 de\u00a0 m\u00fasica\u00a0 em\u00a0 v\u00e1rios\u00a0 cursos,\u00a0 escolas\u00a0 e projetos\u00a0 sociais. Atuou\u00a0 como\u00a0 coralista,\u00a0 pianista\u00a0 e\u00a0 regente\u00a0 de\u00a0 Corais\u00a0 Corporativos\u00a0 e\u00a0 de\u00a0 Igrejas, com mais\u00a0 de\u00a0 20\u00a0 anos\u00a0 de\u00a0 experi\u00eancia\u00a0 no\u00a0 ramo\u00a0 musical. Al\u00e9m de ser professora no Polo Avan\u00e7ado Villa-Lobos Paracambi, leciona\u00a0 e coordena o Staccato\u00a0 Curso\u00a0 de\u00a0 M\u00fasica desde 2005.<\/p>\n\n\n\n<p class=\"has-text-align-justify\">Possui P\u00f3s Gradua\u00e7\u00e3o Lato Sensu em Especializa\u00e7\u00e3o\u00a0 em\u00a0 Reg\u00eancia Coral\u00a0 pelo\u00a0 Conservat\u00f3rio Brasileiro de\u00a0 M\u00fasica do RJ, 2017, Licenciatura\u00a0 Plena\u00a0 em\u00a0 Educa\u00e7\u00e3o\u00a0 Art\u00edstica \u2013\u00a0 Habilita\u00e7\u00e3o\u00a0 em\u00a0 M\u00fasica\u00a0 na mesma institui\u00e7\u00e3o em 2007 e Curso\u00a0 T\u00e9cnico em Piano da\u00a0 Escola\u00a0 de\u00a0 M\u00fasica\u00a0 Villa-Lobos-RJ em 2003. Estudou piano com Stella\u00a0 J\u00fania\u00a0 Ribeiro, Cristina\u00a0 Nascimento, Ronal\u00a0 Silveira\u00a0 e\u00a0 Leopoldo\u00a0 Touza; Reg\u00eancia e\u00a0 Educa\u00e7\u00e3o Musical com Carlos \u00a0Alberto Figueiredo, Patr\u00edcia\u00a0 Costa,\u00a0 Augusto Ordine\u00a0 e\u00a0 Adriana\u00a0 Rodrigues\u00a0 Didier.<\/p>\n\n\n\n<p class=\"has-text-align-right\"><a href=\"https:\/\/paracambi.rj.gov.br\/sites\/villa-lobos\/ronaldo-souza\/\">Voltar<\/a> <a href=\"https:\/\/paracambi.rj.gov.br\/sites\/villa-lobos\/valerio-fernandes\/\">Pr\u00f3ximo<\/a><\/p>\n","protected":false},"excerpt":{"rendered":"<p>Rosemary Eg\u00eddio \u00e9 professora de Piano, Teclado, Pr\u00e1tica de Conjunto e pianista do Coro Canta Deuzani e Canta Villa da<\/p>\n","protected":false},"author":3,"featured_media":0,"parent":0,"menu_order":0,"comment_status":"closed","ping_status":"closed","template":"","meta":{"colormag_page_container_layout":"default_layout","colormag_page_sidebar_layout":"default_layout","footnotes":""},"class_list":["post-188","page","type-page","status-publish","hentry"],"_links":{"self":[{"href":"https:\/\/paracambi.rj.gov.br\/sites\/villa-lobos\/wp-json\/wp\/v2\/pages\/188","targetHints":{"allow":["GET"]}}],"collection":[{"href":"https:\/\/paracambi.rj.gov.br\/sites\/villa-lobos\/wp-json\/wp\/v2\/pages"}],"about":[{"href":"https:\/\/paracambi.rj.gov.br\/sites\/villa-lobos\/wp-json\/wp\/v2\/types\/page"}],"author":[{"embeddable":true,"href":"https:\/\/paracambi.rj.gov.br\/sites\/villa-lobos\/wp-json\/wp\/v2\/users\/3"}],"replies":[{"embeddable":true,"href":"https:\/\/paracambi.rj.gov.br\/sites\/villa-lobos\/wp-json\/wp\/v2\/comments?post=188"}],"version-history":[{"count":5,"href":"https:\/\/paracambi.rj.gov.br\/sites\/villa-lobos\/wp-json\/wp\/v2\/pages\/188\/revisions"}],"predecessor-version":[{"id":1347,"href":"https:\/\/paracambi.rj.gov.br\/sites\/villa-lobos\/wp-json\/wp\/v2\/pages\/188\/revisions\/1347"}],"wp:attachment":[{"href":"https:\/\/paracambi.rj.gov.br\/sites\/villa-lobos\/wp-json\/wp\/v2\/media?parent=188"}],"curies":[{"name":"wp","href":"https:\/\/api.w.org\/{rel}","templated":true}]}}