{"id":196,"date":"2022-02-10T10:20:53","date_gmt":"2022-02-10T13:20:53","guid":{"rendered":"https:\/\/paracambi.rj.gov.br\/sites\/villa-lobos\/?page_id=196"},"modified":"2022-03-29T09:42:52","modified_gmt":"2022-03-29T12:42:52","slug":"valerio-fernandes","status":"publish","type":"page","link":"https:\/\/paracambi.rj.gov.br\/sites\/villa-lobos\/valerio-fernandes\/","title":{"rendered":"Val\u00e9rio Fernandes"},"content":{"rendered":"\n<figure class=\"wp-block-image size-full is-resized\"><img data-recalc-dims=\"1\" fetchpriority=\"high\" decoding=\"async\" data-attachment-id=\"528\" data-permalink=\"https:\/\/paracambi.rj.gov.br\/sites\/villa-lobos\/valerio-fernandes\/valerio-do-vale\/\" data-orig-file=\"https:\/\/i0.wp.com\/paracambi.rj.gov.br\/sites\/villa-lobos\/wp-content\/uploads\/sites\/3\/2022\/02\/Valerio-do-Vale.jpg?fit=1024%2C768&amp;ssl=1\" data-orig-size=\"1024,768\" data-comments-opened=\"1\" data-image-meta=\"{&quot;aperture&quot;:&quot;0&quot;,&quot;credit&quot;:&quot;&quot;,&quot;camera&quot;:&quot;&quot;,&quot;caption&quot;:&quot;&quot;,&quot;created_timestamp&quot;:&quot;0&quot;,&quot;copyright&quot;:&quot;&quot;,&quot;focal_length&quot;:&quot;0&quot;,&quot;iso&quot;:&quot;0&quot;,&quot;shutter_speed&quot;:&quot;0&quot;,&quot;title&quot;:&quot;&quot;,&quot;orientation&quot;:&quot;0&quot;}\" data-image-title=\"Valerio-do-Vale\" data-image-description=\"\" data-image-caption=\"\" data-medium-file=\"https:\/\/i0.wp.com\/paracambi.rj.gov.br\/sites\/villa-lobos\/wp-content\/uploads\/sites\/3\/2022\/02\/Valerio-do-Vale.jpg?fit=300%2C225&amp;ssl=1\" data-large-file=\"https:\/\/i0.wp.com\/paracambi.rj.gov.br\/sites\/villa-lobos\/wp-content\/uploads\/sites\/3\/2022\/02\/Valerio-do-Vale.jpg?fit=800%2C600&amp;ssl=1\" src=\"https:\/\/i0.wp.com\/paracambi.rj.gov.br\/sites\/villa-lobos\/wp-content\/uploads\/sites\/3\/2022\/02\/Valerio-do-Vale.jpg?resize=254%2C232&#038;ssl=1\" alt=\"\" class=\"wp-image-528\" width=\"254\" height=\"232\" \/><\/figure>\n\n\n\n<p class=\"has-text-align-justify\" style=\"font-size:16px\">Val\u00e9rio do Valle Fernandes \u00e9 professor de Saxofone, Flauta, Percep\u00e7\u00e3o e Pr\u00e1tica de Conjunto da Escola de M\u00fasica Nogueira do Trombone desde 2014. Al\u00e9m de professor, atua como Maestro titular da Big Band, uma banda de m\u00fasica com instrumentistas alunos da escola. Participou como Saxofonista da Banda Alfa no Rio Montreux Jazz Festival, toca na Cia. Toque Real, uma companhia de m\u00fasica para eventos como casamentos, anivers\u00e1rios e festividades em geral.<\/p>\n\n\n\n<p class=\"has-text-align-justify\" style=\"font-size:16px\">\u00c9 Maestro e professor de m\u00fasica h\u00e1 mais de 15 anos da banda do CNEC \u2013 Col\u00e9gio Cenecista de Paracambi. Tem forma\u00e7\u00e3o de T\u00e9cnico em Saxofone na Escola de M\u00fasica da UFRJ, T\u00e9cnico em Reg\u00eancia pelo Conservat\u00f3rio de M\u00fasica \u00d3pus, T\u00e9cnico em M\u00fasica pela Escola de M\u00fasica Dom Maior, B\u00e1sico em Saxofone na Escola de M\u00fasica Villa-Lobos do Rio de Janeiro e Curso livre em Saxofone pelo Conservat\u00f3rio Louren\u00e7o Fernandes. Estudou Saxofone com Sargento Borges, George Oliveira e Z\u00e9 Canuto.<\/p>\n\n\n\n<p class=\"has-text-align-right\"><a href=\"https:\/\/paracambi.rj.gov.br\/sites\/villa-lobos\/rosemary-egidio\/\">Voltar<\/a> <a href=\"https:\/\/paracambi.rj.gov.br\/sites\/villa-lobos\/vanessa-antunes\/\">Pr\u00f3ximo<\/a><\/p>\n","protected":false},"excerpt":{"rendered":"<p>Val\u00e9rio do Valle Fernandes \u00e9 professor de Saxofone, Flauta, Percep\u00e7\u00e3o e Pr\u00e1tica de Conjunto da Escola de M\u00fasica Nogueira do<\/p>\n","protected":false},"author":3,"featured_media":0,"parent":0,"menu_order":0,"comment_status":"closed","ping_status":"closed","template":"","meta":{"colormag_page_container_layout":"default_layout","colormag_page_sidebar_layout":"default_layout","footnotes":""},"class_list":["post-196","page","type-page","status-publish","hentry"],"_links":{"self":[{"href":"https:\/\/paracambi.rj.gov.br\/sites\/villa-lobos\/wp-json\/wp\/v2\/pages\/196","targetHints":{"allow":["GET"]}}],"collection":[{"href":"https:\/\/paracambi.rj.gov.br\/sites\/villa-lobos\/wp-json\/wp\/v2\/pages"}],"about":[{"href":"https:\/\/paracambi.rj.gov.br\/sites\/villa-lobos\/wp-json\/wp\/v2\/types\/page"}],"author":[{"embeddable":true,"href":"https:\/\/paracambi.rj.gov.br\/sites\/villa-lobos\/wp-json\/wp\/v2\/users\/3"}],"replies":[{"embeddable":true,"href":"https:\/\/paracambi.rj.gov.br\/sites\/villa-lobos\/wp-json\/wp\/v2\/comments?post=196"}],"version-history":[{"count":6,"href":"https:\/\/paracambi.rj.gov.br\/sites\/villa-lobos\/wp-json\/wp\/v2\/pages\/196\/revisions"}],"predecessor-version":[{"id":1348,"href":"https:\/\/paracambi.rj.gov.br\/sites\/villa-lobos\/wp-json\/wp\/v2\/pages\/196\/revisions\/1348"}],"wp:attachment":[{"href":"https:\/\/paracambi.rj.gov.br\/sites\/villa-lobos\/wp-json\/wp\/v2\/media?parent=196"}],"curies":[{"name":"wp","href":"https:\/\/api.w.org\/{rel}","templated":true}]}}