{"id":203,"date":"2022-02-10T10:23:43","date_gmt":"2022-02-10T13:23:43","guid":{"rendered":"https:\/\/paracambi.rj.gov.br\/sites\/villa-lobos\/?page_id=203"},"modified":"2022-03-29T09:41:46","modified_gmt":"2022-03-29T12:41:46","slug":"ronaldo-souza","status":"publish","type":"page","link":"https:\/\/paracambi.rj.gov.br\/sites\/villa-lobos\/ronaldo-souza\/","title":{"rendered":"Ronaldo Souza"},"content":{"rendered":"\n<figure class=\"wp-block-image size-medium\"><img data-recalc-dims=\"1\" fetchpriority=\"high\" decoding=\"async\" width=\"300\" height=\"300\" data-attachment-id=\"1278\" data-permalink=\"https:\/\/paracambi.rj.gov.br\/sites\/villa-lobos\/ronaldo-souza\/ronaldo\/\" data-orig-file=\"https:\/\/i0.wp.com\/paracambi.rj.gov.br\/sites\/villa-lobos\/wp-content\/uploads\/sites\/3\/2022\/03\/Ronaldo.jpeg?fit=719%2C719&amp;ssl=1\" data-orig-size=\"719,719\" data-comments-opened=\"1\" data-image-meta=\"{&quot;aperture&quot;:&quot;0&quot;,&quot;credit&quot;:&quot;&quot;,&quot;camera&quot;:&quot;&quot;,&quot;caption&quot;:&quot;&quot;,&quot;created_timestamp&quot;:&quot;0&quot;,&quot;copyright&quot;:&quot;&quot;,&quot;focal_length&quot;:&quot;0&quot;,&quot;iso&quot;:&quot;0&quot;,&quot;shutter_speed&quot;:&quot;0&quot;,&quot;title&quot;:&quot;&quot;,&quot;orientation&quot;:&quot;0&quot;}\" data-image-title=\"Ronaldo\" data-image-description=\"\" data-image-caption=\"\" data-medium-file=\"https:\/\/i0.wp.com\/paracambi.rj.gov.br\/sites\/villa-lobos\/wp-content\/uploads\/sites\/3\/2022\/03\/Ronaldo.jpeg?fit=300%2C300&amp;ssl=1\" data-large-file=\"https:\/\/i0.wp.com\/paracambi.rj.gov.br\/sites\/villa-lobos\/wp-content\/uploads\/sites\/3\/2022\/03\/Ronaldo.jpeg?fit=719%2C719&amp;ssl=1\" src=\"https:\/\/i0.wp.com\/paracambi.rj.gov.br\/sites\/villa-lobos\/wp-content\/uploads\/sites\/3\/2022\/03\/Ronaldo.jpeg?resize=300%2C300&#038;ssl=1\" alt=\"\" class=\"wp-image-1278\" srcset=\"https:\/\/i0.wp.com\/paracambi.rj.gov.br\/sites\/villa-lobos\/wp-content\/uploads\/sites\/3\/2022\/03\/Ronaldo.jpeg?resize=300%2C300&amp;ssl=1 300w, https:\/\/i0.wp.com\/paracambi.rj.gov.br\/sites\/villa-lobos\/wp-content\/uploads\/sites\/3\/2022\/03\/Ronaldo.jpeg?resize=150%2C150&amp;ssl=1 150w, https:\/\/i0.wp.com\/paracambi.rj.gov.br\/sites\/villa-lobos\/wp-content\/uploads\/sites\/3\/2022\/03\/Ronaldo.jpeg?w=719&amp;ssl=1 719w\" sizes=\"(max-width: 300px) 100vw, 300px\" \/><\/figure>\n\n\n\n<p class=\"has-text-align-justify\">Nascido no Rio de Janeiro e \u00e9 professor de Teclado na Escola de M\u00fasica Nogueira do Trombone desde 2003. Desde muito pequeno passou a ter contato com a m\u00fasica por influ\u00eancia de seu irm\u00e3o. Aos 14 anos j\u00e1 tocava em reuni\u00f5es da igreja que frequentava, e a partir da\u00ed n\u00e3o parou mais. Suas principais influ\u00eancias s\u00e3o: Chick Corea, Michel Petrucciani, Gonzalo Rubalcaba, Cesar Camargo Mariano, Tom Jobim Yellow Jackets, Hosanna Music, dentre outros. Ao longo de mais 25 anos deNascido no Rio de Janeiro e \u00e9 professor de Teclado na Escola de M\u00fasica Nogueira do Trombone desde 2003.<\/p>\n\n\n\n<p class=\"has-text-align-justify\">Desde muito pequeno passou a ter contato com a m\u00fasica por influ\u00eancia de seu irm\u00e3o. Aos 14 anos j\u00e1 tocava em reuni\u00f5es da igreja que frequentava, e a partir da\u00ed n\u00e3o parou mais. Suas principais influ\u00eancias s\u00e3o: Chick Corea, Michel Petrucciani, Gonzalo Rubalcaba, Cesar Camargo Mariano, Tom Jobim Yellow Jackets, Hosanna Music, dentre outros. Ao longo de mais 25 anos de m\u00fasica, Ronaldo Souza tem atuado com alguns nomes importantes do cen\u00e1rio musical como: Comunidade da Villa da Penha, Grupo Logos, Inimigos do Rei, Eterna Salva\u00e7\u00e3o, Comunidade Evang\u00e9lica Internacional da Zona Sul, no qual faz parte atualmente.<\/p>\n\n\n\n<p class=\"has-text-align-justify\">\u00c9 Licenciando em M\u00fasica pela UNIMES \u2013 Universidade Metropolitana de Santos e estudou piano com os professores D\u00e1rio Galante e Rafael Vernet. Estudou Harmonia e Improvisa\u00e7\u00e3o com Marcos Natto e Emerson Arsy no Curso de M\u00fasica Jasilbrazz, onde tamb\u00e9m atuou como professor de Piano e Teclado.<\/p>\n\n\n\n<p class=\"has-text-align-right\"><a href=\"https:\/\/paracambi.rj.gov.br\/sites\/villa-lobos\/rodrigo-souza\/\">Voltar<\/a> <a href=\"https:\/\/paracambi.rj.gov.br\/sites\/villa-lobos\/rosemary-egidio\/\">Pr\u00f3ximo<\/a><\/p>\n","protected":false},"excerpt":{"rendered":"<p>Nascido no Rio de Janeiro e \u00e9 professor de Teclado na Escola de M\u00fasica Nogueira do Trombone desde 2003. Desde<\/p>\n","protected":false},"author":3,"featured_media":0,"parent":0,"menu_order":0,"comment_status":"closed","ping_status":"closed","template":"","meta":{"colormag_page_container_layout":"default_layout","colormag_page_sidebar_layout":"default_layout","footnotes":""},"class_list":["post-203","page","type-page","status-publish","hentry"],"_links":{"self":[{"href":"https:\/\/paracambi.rj.gov.br\/sites\/villa-lobos\/wp-json\/wp\/v2\/pages\/203","targetHints":{"allow":["GET"]}}],"collection":[{"href":"https:\/\/paracambi.rj.gov.br\/sites\/villa-lobos\/wp-json\/wp\/v2\/pages"}],"about":[{"href":"https:\/\/paracambi.rj.gov.br\/sites\/villa-lobos\/wp-json\/wp\/v2\/types\/page"}],"author":[{"embeddable":true,"href":"https:\/\/paracambi.rj.gov.br\/sites\/villa-lobos\/wp-json\/wp\/v2\/users\/3"}],"replies":[{"embeddable":true,"href":"https:\/\/paracambi.rj.gov.br\/sites\/villa-lobos\/wp-json\/wp\/v2\/comments?post=203"}],"version-history":[{"count":8,"href":"https:\/\/paracambi.rj.gov.br\/sites\/villa-lobos\/wp-json\/wp\/v2\/pages\/203\/revisions"}],"predecessor-version":[{"id":1346,"href":"https:\/\/paracambi.rj.gov.br\/sites\/villa-lobos\/wp-json\/wp\/v2\/pages\/203\/revisions\/1346"}],"wp:attachment":[{"href":"https:\/\/paracambi.rj.gov.br\/sites\/villa-lobos\/wp-json\/wp\/v2\/media?parent=203"}],"curies":[{"name":"wp","href":"https:\/\/api.w.org\/{rel}","templated":true}]}}