{"id":211,"date":"2022-02-10T10:24:34","date_gmt":"2022-02-10T13:24:34","guid":{"rendered":"https:\/\/paracambi.rj.gov.br\/sites\/villa-lobos\/?page_id=211"},"modified":"2022-03-29T09:43:27","modified_gmt":"2022-03-29T12:43:27","slug":"vanessa-antunes","status":"publish","type":"page","link":"https:\/\/paracambi.rj.gov.br\/sites\/villa-lobos\/vanessa-antunes\/","title":{"rendered":"Vanessa Antunes"},"content":{"rendered":"\n<figure class=\"wp-block-image size-large is-resized\"><img data-recalc-dims=\"1\" fetchpriority=\"high\" decoding=\"async\" data-attachment-id=\"525\" data-permalink=\"https:\/\/paracambi.rj.gov.br\/sites\/villa-lobos\/vanessa-antunes\/vanessa-antunes-2\/\" data-orig-file=\"https:\/\/i0.wp.com\/paracambi.rj.gov.br\/sites\/villa-lobos\/wp-content\/uploads\/sites\/3\/2022\/02\/Vanessa-Antunes.jpg?fit=1280%2C1280&amp;ssl=1\" data-orig-size=\"1280,1280\" data-comments-opened=\"1\" data-image-meta=\"{&quot;aperture&quot;:&quot;0&quot;,&quot;credit&quot;:&quot;&quot;,&quot;camera&quot;:&quot;&quot;,&quot;caption&quot;:&quot;&quot;,&quot;created_timestamp&quot;:&quot;0&quot;,&quot;copyright&quot;:&quot;&quot;,&quot;focal_length&quot;:&quot;0&quot;,&quot;iso&quot;:&quot;0&quot;,&quot;shutter_speed&quot;:&quot;0&quot;,&quot;title&quot;:&quot;&quot;,&quot;orientation&quot;:&quot;0&quot;}\" data-image-title=\"Vanessa-Antunes\" data-image-description=\"\" data-image-caption=\"\" data-medium-file=\"https:\/\/i0.wp.com\/paracambi.rj.gov.br\/sites\/villa-lobos\/wp-content\/uploads\/sites\/3\/2022\/02\/Vanessa-Antunes.jpg?fit=300%2C300&amp;ssl=1\" data-large-file=\"https:\/\/i0.wp.com\/paracambi.rj.gov.br\/sites\/villa-lobos\/wp-content\/uploads\/sites\/3\/2022\/02\/Vanessa-Antunes.jpg?fit=800%2C800&amp;ssl=1\" src=\"https:\/\/i0.wp.com\/paracambi.rj.gov.br\/sites\/villa-lobos\/wp-content\/uploads\/sites\/3\/2022\/02\/Vanessa-Antunes.jpg?resize=256%2C256&#038;ssl=1\" alt=\"\" class=\"wp-image-525\" width=\"256\" height=\"256\" srcset=\"https:\/\/i0.wp.com\/paracambi.rj.gov.br\/sites\/villa-lobos\/wp-content\/uploads\/sites\/3\/2022\/02\/Vanessa-Antunes.jpg?resize=1024%2C1024&amp;ssl=1 1024w, https:\/\/i0.wp.com\/paracambi.rj.gov.br\/sites\/villa-lobos\/wp-content\/uploads\/sites\/3\/2022\/02\/Vanessa-Antunes.jpg?resize=300%2C300&amp;ssl=1 300w, https:\/\/i0.wp.com\/paracambi.rj.gov.br\/sites\/villa-lobos\/wp-content\/uploads\/sites\/3\/2022\/02\/Vanessa-Antunes.jpg?resize=150%2C150&amp;ssl=1 150w, https:\/\/i0.wp.com\/paracambi.rj.gov.br\/sites\/villa-lobos\/wp-content\/uploads\/sites\/3\/2022\/02\/Vanessa-Antunes.jpg?resize=768%2C768&amp;ssl=1 768w, https:\/\/i0.wp.com\/paracambi.rj.gov.br\/sites\/villa-lobos\/wp-content\/uploads\/sites\/3\/2022\/02\/Vanessa-Antunes.jpg?w=1280&amp;ssl=1 1280w\" sizes=\"(max-width: 256px) 100vw, 256px\" \/><\/figure>\n\n\n\n<p class=\"has-text-align-justify\" style=\"font-size:16px\">Vanessa Antunes, iniciou sua vida musical na Igreja em 1997, passando por bandas de diferentes estilos, desde o gospel at\u00e9 o Rock. Em 2015 iniciou sua carreira teatral no musical &#8220;O Pequeno Pr\u00edncipe&#8221;, fazendo uma turn\u00ea de 2 anos por todo o estado do Rio de Janeiro. Entrou para a equipe de professores da Escola de M\u00fasica Nogueira do Trombone desde 2020. Formou-se em Canto Popular nessa escola sendo aluna dos professores\u00a0 Suelen Soares, Val Coutinho e Jefferson Lessa. Recentemente, especializou-se em Pedagogia do Canto pela Escola Musicanto da Professora Vivian Ver\u00edssimo com aulas ministradas pela Professora de Canto Vivian Ver\u00edssimo, a fonoaudi\u00f3loga Dra. Marriet Pires e a m\u00e9dica Otorrinolaringologista Dra. Cl\u00e1udia Ortiz.<\/p>\n\n\n\n<p class=\"has-text-align-justify\" style=\"font-size:16px\">Al\u00e9m de ser professora do n\u00facleo avan\u00e7ado polo Paracambi, tamb\u00e9m \u00e9 Professora de Canto h\u00e1 3 anos na Escola de M\u00fasica Esmeraldina da Silva Gomes, na cidade de Mendes-RJ e faz parte do time de Treinadores Vocais da forma\u00e7\u00e3o CNP Academy do cantor Mauro Henrique, tendo participado de imers\u00e3o e mentoria realizada pelo cantor.<\/p>\n\n\n\n<p class=\"has-text-align-right\"><a href=\"https:\/\/paracambi.rj.gov.br\/sites\/villa-lobos\/valerio-fernandes\/\">Voltar<\/a><\/p>\n","protected":false},"excerpt":{"rendered":"<p>Vanessa Antunes, iniciou sua vida musical na Igreja em 1997, passando por bandas de diferentes estilos, desde o gospel at\u00e9<\/p>\n","protected":false},"author":3,"featured_media":0,"parent":0,"menu_order":0,"comment_status":"closed","ping_status":"closed","template":"","meta":{"colormag_page_container_layout":"default_layout","colormag_page_sidebar_layout":"default_layout","footnotes":""},"class_list":["post-211","page","type-page","status-publish","hentry"],"_links":{"self":[{"href":"https:\/\/paracambi.rj.gov.br\/sites\/villa-lobos\/wp-json\/wp\/v2\/pages\/211","targetHints":{"allow":["GET"]}}],"collection":[{"href":"https:\/\/paracambi.rj.gov.br\/sites\/villa-lobos\/wp-json\/wp\/v2\/pages"}],"about":[{"href":"https:\/\/paracambi.rj.gov.br\/sites\/villa-lobos\/wp-json\/wp\/v2\/types\/page"}],"author":[{"embeddable":true,"href":"https:\/\/paracambi.rj.gov.br\/sites\/villa-lobos\/wp-json\/wp\/v2\/users\/3"}],"replies":[{"embeddable":true,"href":"https:\/\/paracambi.rj.gov.br\/sites\/villa-lobos\/wp-json\/wp\/v2\/comments?post=211"}],"version-history":[{"count":6,"href":"https:\/\/paracambi.rj.gov.br\/sites\/villa-lobos\/wp-json\/wp\/v2\/pages\/211\/revisions"}],"predecessor-version":[{"id":1349,"href":"https:\/\/paracambi.rj.gov.br\/sites\/villa-lobos\/wp-json\/wp\/v2\/pages\/211\/revisions\/1349"}],"wp:attachment":[{"href":"https:\/\/paracambi.rj.gov.br\/sites\/villa-lobos\/wp-json\/wp\/v2\/media?parent=211"}],"curies":[{"name":"wp","href":"https:\/\/api.w.org\/{rel}","templated":true}]}}