{"id":236,"date":"2022-02-10T10:53:48","date_gmt":"2022-02-10T13:53:48","guid":{"rendered":"https:\/\/paracambi.rj.gov.br\/sites\/villa-lobos\/?page_id=236"},"modified":"2023-11-17T16:28:57","modified_gmt":"2023-11-17T19:28:57","slug":"isaac-nogueira","status":"publish","type":"page","link":"https:\/\/paracambi.rj.gov.br\/sites\/villa-lobos\/isaac-nogueira\/","title":{"rendered":"Isaac Nogueira"},"content":{"rendered":"\n<figure class=\"wp-block-image size-full is-resized\"><img data-recalc-dims=\"1\" fetchpriority=\"high\" decoding=\"async\" data-attachment-id=\"533\" data-permalink=\"https:\/\/paracambi.rj.gov.br\/sites\/villa-lobos\/isaac-nogueira\/isaac-nogueira-1\/\" data-orig-file=\"https:\/\/i0.wp.com\/paracambi.rj.gov.br\/sites\/villa-lobos\/wp-content\/uploads\/sites\/3\/2022\/02\/Isaac-Nogueira-1.jpg?fit=851%2C1013&amp;ssl=1\" data-orig-size=\"851,1013\" data-comments-opened=\"1\" data-image-meta=\"{&quot;aperture&quot;:&quot;0&quot;,&quot;credit&quot;:&quot;&quot;,&quot;camera&quot;:&quot;&quot;,&quot;caption&quot;:&quot;&quot;,&quot;created_timestamp&quot;:&quot;0&quot;,&quot;copyright&quot;:&quot;&quot;,&quot;focal_length&quot;:&quot;0&quot;,&quot;iso&quot;:&quot;0&quot;,&quot;shutter_speed&quot;:&quot;0&quot;,&quot;title&quot;:&quot;&quot;,&quot;orientation&quot;:&quot;1&quot;}\" data-image-title=\"Isaac-Nogueira-1\" data-image-description=\"\" data-image-caption=\"\" data-medium-file=\"https:\/\/i0.wp.com\/paracambi.rj.gov.br\/sites\/villa-lobos\/wp-content\/uploads\/sites\/3\/2022\/02\/Isaac-Nogueira-1.jpg?fit=252%2C300&amp;ssl=1\" data-large-file=\"https:\/\/i0.wp.com\/paracambi.rj.gov.br\/sites\/villa-lobos\/wp-content\/uploads\/sites\/3\/2022\/02\/Isaac-Nogueira-1.jpg?fit=800%2C952&amp;ssl=1\" src=\"https:\/\/i0.wp.com\/paracambi.rj.gov.br\/sites\/villa-lobos\/wp-content\/uploads\/sites\/3\/2022\/02\/Isaac-Nogueira-1.jpg?resize=254%2C232&#038;ssl=1\" alt=\"\" class=\"wp-image-533\" width=\"254\" height=\"232\" \/><\/figure>\n\n\n\n<p class=\"has-text-align-justify\">Isaac Nogueira nasceu em uma fam\u00edlia de m\u00fasicos e iniciou seus estudos de violino aos 9 anos de idade. Atua como professor de Violino, Percep\u00e7\u00e3o e Pr\u00e1tica de Conjunto da Escola de M\u00fasica Nogueira do Trombone desde 2018. Al\u00e9m de ser professor da Villa-Lobos Polo Paracambi, se apresenta em eventos como casamentos, anivers\u00e1rios, recep\u00e7\u00f5es. <\/p>\n\n\n\n<p class=\"has-text-align-justify\">Fez parte da primeira turma da Academia Juvenil da Orquestra Petrobras Sinf\u00f4nica aonde teve a oportunidade de se especializar em seu instrumento, o violino, se apresentou no Sal\u00e3o&nbsp; Leopoldo Miguez, na Igreja Nossa Senhora do Carmo e na abertura do Concerto Petrobras Sinf\u00f4nica no Theatro Municipal do Rio de Janeiro. Estudou com Felipe Prazeres, Daniel Albuquerque, Mendes, Suray Soren, Priscila Pio, Wallace Cristovam, Oswaldo de Carvalho, Paulo Bosisio, Mariana Salles e Ivan Shenvar.<\/p>\n\n\n\n<p class=\"has-text-align-right\"><a href=\"https:\/\/paracambi.rj.gov.br\/sites\/villa-lobos\/carlos-luis-victorino\/\">Voltar<\/a> <a href=\"https:\/\/paracambi.rj.gov.br\/sites\/villa-lobos\/natanael-andrade\/\">Pr\u00f3ximo<\/a><\/p>\n","protected":false},"excerpt":{"rendered":"<p>Isaac Nogueira nasceu em uma fam\u00edlia de m\u00fasicos e iniciou seus estudos de violino aos 9 anos de idade. Atua<\/p>\n","protected":false},"author":3,"featured_media":0,"parent":0,"menu_order":1,"comment_status":"closed","ping_status":"closed","template":"","meta":{"colormag_page_container_layout":"default_layout","colormag_page_sidebar_layout":"default_layout","footnotes":""},"class_list":["post-236","page","type-page","status-publish","hentry"],"_links":{"self":[{"href":"https:\/\/paracambi.rj.gov.br\/sites\/villa-lobos\/wp-json\/wp\/v2\/pages\/236","targetHints":{"allow":["GET"]}}],"collection":[{"href":"https:\/\/paracambi.rj.gov.br\/sites\/villa-lobos\/wp-json\/wp\/v2\/pages"}],"about":[{"href":"https:\/\/paracambi.rj.gov.br\/sites\/villa-lobos\/wp-json\/wp\/v2\/types\/page"}],"author":[{"embeddable":true,"href":"https:\/\/paracambi.rj.gov.br\/sites\/villa-lobos\/wp-json\/wp\/v2\/users\/3"}],"replies":[{"embeddable":true,"href":"https:\/\/paracambi.rj.gov.br\/sites\/villa-lobos\/wp-json\/wp\/v2\/comments?post=236"}],"version-history":[{"count":14,"href":"https:\/\/paracambi.rj.gov.br\/sites\/villa-lobos\/wp-json\/wp\/v2\/pages\/236\/revisions"}],"predecessor-version":[{"id":1640,"href":"https:\/\/paracambi.rj.gov.br\/sites\/villa-lobos\/wp-json\/wp\/v2\/pages\/236\/revisions\/1640"}],"wp:attachment":[{"href":"https:\/\/paracambi.rj.gov.br\/sites\/villa-lobos\/wp-json\/wp\/v2\/media?parent=236"}],"curies":[{"name":"wp","href":"https:\/\/api.w.org\/{rel}","templated":true}]}}