{"id":249,"date":"2022-02-10T11:02:19","date_gmt":"2022-02-10T14:02:19","guid":{"rendered":"https:\/\/paracambi.rj.gov.br\/sites\/villa-lobos\/?page_id=249"},"modified":"2022-03-29T09:49:27","modified_gmt":"2022-03-29T12:49:27","slug":"rafael-adelino","status":"publish","type":"page","link":"https:\/\/paracambi.rj.gov.br\/sites\/villa-lobos\/rafael-adelino\/","title":{"rendered":"Rafael Adelino"},"content":{"rendered":"\n<figure class=\"wp-block-image size-full is-resized\"><img data-recalc-dims=\"1\" fetchpriority=\"high\" decoding=\"async\" data-attachment-id=\"536\" data-permalink=\"https:\/\/paracambi.rj.gov.br\/sites\/villa-lobos\/rafael-adelino\/rafael-adelino-2\/\" data-orig-file=\"https:\/\/i0.wp.com\/paracambi.rj.gov.br\/sites\/villa-lobos\/wp-content\/uploads\/sites\/3\/2022\/02\/Rafael-Adelino.jpg?fit=1016%2C929&amp;ssl=1\" data-orig-size=\"1016,929\" data-comments-opened=\"1\" data-image-meta=\"{&quot;aperture&quot;:&quot;0&quot;,&quot;credit&quot;:&quot;&quot;,&quot;camera&quot;:&quot;&quot;,&quot;caption&quot;:&quot;&quot;,&quot;created_timestamp&quot;:&quot;0&quot;,&quot;copyright&quot;:&quot;&quot;,&quot;focal_length&quot;:&quot;0&quot;,&quot;iso&quot;:&quot;0&quot;,&quot;shutter_speed&quot;:&quot;0&quot;,&quot;title&quot;:&quot;&quot;,&quot;orientation&quot;:&quot;0&quot;}\" data-image-title=\"Rafael-Adelino\" data-image-description=\"\" data-image-caption=\"\" data-medium-file=\"https:\/\/i0.wp.com\/paracambi.rj.gov.br\/sites\/villa-lobos\/wp-content\/uploads\/sites\/3\/2022\/02\/Rafael-Adelino.jpg?fit=300%2C274&amp;ssl=1\" data-large-file=\"https:\/\/i0.wp.com\/paracambi.rj.gov.br\/sites\/villa-lobos\/wp-content\/uploads\/sites\/3\/2022\/02\/Rafael-Adelino.jpg?fit=800%2C731&amp;ssl=1\" src=\"https:\/\/i0.wp.com\/paracambi.rj.gov.br\/sites\/villa-lobos\/wp-content\/uploads\/sites\/3\/2022\/02\/Rafael-Adelino.jpg?resize=254%2C232&#038;ssl=1\" alt=\"\" class=\"wp-image-536\" width=\"254\" height=\"232\" srcset=\"https:\/\/i0.wp.com\/paracambi.rj.gov.br\/sites\/villa-lobos\/wp-content\/uploads\/sites\/3\/2022\/02\/Rafael-Adelino.jpg?w=1016&amp;ssl=1 1016w, https:\/\/i0.wp.com\/paracambi.rj.gov.br\/sites\/villa-lobos\/wp-content\/uploads\/sites\/3\/2022\/02\/Rafael-Adelino.jpg?resize=300%2C274&amp;ssl=1 300w, https:\/\/i0.wp.com\/paracambi.rj.gov.br\/sites\/villa-lobos\/wp-content\/uploads\/sites\/3\/2022\/02\/Rafael-Adelino.jpg?resize=768%2C702&amp;ssl=1 768w\" sizes=\"(max-width: 254px) 100vw, 254px\" \/><\/figure>\n\n\n\n<p class=\"has-text-align-justify\" style=\"font-size:16px\">Rafael Adelino \u00e9 professor de Contrabaixo, Viol\u00e3o, Guitarra, Percep\u00e7\u00e3o Musical, Pratica Vocal e Musicaliza\u00e7\u00e3o Infantil da Escola de M\u00fasica Nogueira do Trombone desde 2012. Possui forma\u00e7\u00e3o em Licenciatura em M\u00fasica pelo Conservat\u00f3rio Brasileiro de M\u00fasica, Pedagogia pela Universidade Est\u00e1cio de S\u00e1Rafael Adelino \u00e9 professor de Contrabaixo, Viol\u00e3o, Guitarra, Percep\u00e7\u00e3o Musical, Pratica Vocal e Musicaliza\u00e7\u00e3o Infantil da Escola de M\u00fasica Nogueira do Trombone desde 2012.<\/p>\n\n\n\n<p class=\"has-text-align-justify\" style=\"font-size:16px\">Possui forma\u00e7\u00e3o em Licenciatura em M\u00fasica pelo Conservat\u00f3rio Brasileiro de M\u00fasica, Pedagogia pela Universidade Est\u00e1cio de S\u00e1 e Contrabaixo na Escola de M\u00fasica Villa-Lobos. Suas experi\u00eancias musicais s\u00e3o com a banda Origami Amassado, com Reg\u00eancia da Orquestra de Viol\u00e3o, o Grupo de Choro e a Big Band do Polo Avan\u00e7ado Villa-Lobos Paracambi. Ainda integrou a Banda Ka6, o Grupo Acalanto, o Duo de Viol\u00e3o com \u00c1tila de Carvalho e a Orquestra de Viol\u00e3o de Mesquita. Al\u00e9m de lecionar na Villa-Lobos Paracambi, tamb\u00e9m possui experi\u00eancia lecionando na Escola de M\u00fasica D\u00f3-R\u00e9-Mi, na Escola de M\u00fasica Life Music, no Centro Cultural de Campos dos Goytacazes e no Sesc. <\/p>\n\n\n\n<p class=\"has-text-align-justify\" style=\"font-size:16px\">Participou dos projetos Choro na Pra\u00e7a, M\u00fasica &amp; Solidariedade, e do pr\u00e9 lan\u00e7amento do Disco Novas Palavras de Winston Churchill Rangel e Origami Amassado e em parceria com a Banda Lacina participou do Palco da Villa. Estudou com \u00c1tila de Carvalho, Natanael Andrade, Glaucia Melo e Carlos Victorino.<\/p>\n\n\n\n<p class=\"has-text-align-right\"><a href=\"https:\/\/paracambi.rj.gov.br\/sites\/villa-lobos\/natanael-andrade\/\">Voltar<\/a>       <a href=\"https:\/\/paracambi.rj.gov.br\/sites\/villa-lobos\/rafael-souza\/\">Pr\u00f3ximo<\/a><\/p>\n","protected":false},"excerpt":{"rendered":"<p>Rafael Adelino \u00e9 professor de Contrabaixo, Viol\u00e3o, Guitarra, Percep\u00e7\u00e3o Musical, Pratica Vocal e Musicaliza\u00e7\u00e3o Infantil da Escola de M\u00fasica Nogueira<\/p>\n","protected":false},"author":3,"featured_media":0,"parent":0,"menu_order":0,"comment_status":"closed","ping_status":"closed","template":"","meta":{"colormag_page_container_layout":"default_layout","colormag_page_sidebar_layout":"default_layout","footnotes":""},"class_list":["post-249","page","type-page","status-publish","hentry"],"_links":{"self":[{"href":"https:\/\/paracambi.rj.gov.br\/sites\/villa-lobos\/wp-json\/wp\/v2\/pages\/249","targetHints":{"allow":["GET"]}}],"collection":[{"href":"https:\/\/paracambi.rj.gov.br\/sites\/villa-lobos\/wp-json\/wp\/v2\/pages"}],"about":[{"href":"https:\/\/paracambi.rj.gov.br\/sites\/villa-lobos\/wp-json\/wp\/v2\/types\/page"}],"author":[{"embeddable":true,"href":"https:\/\/paracambi.rj.gov.br\/sites\/villa-lobos\/wp-json\/wp\/v2\/users\/3"}],"replies":[{"embeddable":true,"href":"https:\/\/paracambi.rj.gov.br\/sites\/villa-lobos\/wp-json\/wp\/v2\/comments?post=249"}],"version-history":[{"count":8,"href":"https:\/\/paracambi.rj.gov.br\/sites\/villa-lobos\/wp-json\/wp\/v2\/pages\/249\/revisions"}],"predecessor-version":[{"id":1357,"href":"https:\/\/paracambi.rj.gov.br\/sites\/villa-lobos\/wp-json\/wp\/v2\/pages\/249\/revisions\/1357"}],"wp:attachment":[{"href":"https:\/\/paracambi.rj.gov.br\/sites\/villa-lobos\/wp-json\/wp\/v2\/media?parent=249"}],"curies":[{"name":"wp","href":"https:\/\/api.w.org\/{rel}","templated":true}]}}