{"id":254,"date":"2022-02-10T11:05:38","date_gmt":"2022-02-10T14:05:38","guid":{"rendered":"https:\/\/paracambi.rj.gov.br\/sites\/villa-lobos\/?page_id=254"},"modified":"2022-03-29T09:49:52","modified_gmt":"2022-03-29T12:49:52","slug":"rafael-souza","status":"publish","type":"page","link":"https:\/\/paracambi.rj.gov.br\/sites\/villa-lobos\/rafael-souza\/","title":{"rendered":"Rafael Souza"},"content":{"rendered":"\n<figure class=\"wp-block-image size-medium\"><img data-recalc-dims=\"1\" fetchpriority=\"high\" decoding=\"async\" width=\"232\" height=\"300\" data-attachment-id=\"939\" data-permalink=\"https:\/\/paracambi.rj.gov.br\/sites\/villa-lobos\/rafael-souza\/rafael-souza_easy-resize-com_\/\" data-orig-file=\"https:\/\/i0.wp.com\/paracambi.rj.gov.br\/sites\/villa-lobos\/wp-content\/uploads\/sites\/3\/2022\/02\/Rafael-Souza_Easy-Resize.com_.jpg?fit=718%2C927&amp;ssl=1\" data-orig-size=\"718,927\" data-comments-opened=\"1\" data-image-meta=\"{&quot;aperture&quot;:&quot;0&quot;,&quot;credit&quot;:&quot;&quot;,&quot;camera&quot;:&quot;&quot;,&quot;caption&quot;:&quot;&quot;,&quot;created_timestamp&quot;:&quot;0&quot;,&quot;copyright&quot;:&quot;&quot;,&quot;focal_length&quot;:&quot;0&quot;,&quot;iso&quot;:&quot;0&quot;,&quot;shutter_speed&quot;:&quot;0&quot;,&quot;title&quot;:&quot;&quot;,&quot;orientation&quot;:&quot;1&quot;}\" data-image-title=\"Rafael-Souza_Easy-Resize.com_\" data-image-description=\"\" data-image-caption=\"\" data-medium-file=\"https:\/\/i0.wp.com\/paracambi.rj.gov.br\/sites\/villa-lobos\/wp-content\/uploads\/sites\/3\/2022\/02\/Rafael-Souza_Easy-Resize.com_.jpg?fit=232%2C300&amp;ssl=1\" data-large-file=\"https:\/\/i0.wp.com\/paracambi.rj.gov.br\/sites\/villa-lobos\/wp-content\/uploads\/sites\/3\/2022\/02\/Rafael-Souza_Easy-Resize.com_.jpg?fit=718%2C927&amp;ssl=1\" src=\"https:\/\/i0.wp.com\/paracambi.rj.gov.br\/sites\/villa-lobos\/wp-content\/uploads\/sites\/3\/2022\/02\/Rafael-Souza_Easy-Resize.com_.jpg?resize=232%2C300&#038;ssl=1\" alt=\"\" class=\"wp-image-939\" srcset=\"https:\/\/i0.wp.com\/paracambi.rj.gov.br\/sites\/villa-lobos\/wp-content\/uploads\/sites\/3\/2022\/02\/Rafael-Souza_Easy-Resize.com_.jpg?resize=232%2C300&amp;ssl=1 232w, https:\/\/i0.wp.com\/paracambi.rj.gov.br\/sites\/villa-lobos\/wp-content\/uploads\/sites\/3\/2022\/02\/Rafael-Souza_Easy-Resize.com_.jpg?w=718&amp;ssl=1 718w\" sizes=\"(max-width: 232px) 100vw, 232px\" \/><\/figure>\n\n\n\n<p class=\"has-text-align-justify\" style=\"font-size:16px\">Rafael dos Santos Souza \u00e9 Professor de Piano, Teclado, Pratica de conjunto e Percep\u00e7\u00e3o musical da Escola de M\u00fasica Nogueira do Trombone desde 2018. Em sua carreira j\u00e1 atuou como regente e arranjador do Coro Juvenil da UNIRIO, tecladista acompanhador de coros amadores, bandas e conjuntos.<\/p>\n\n\n\n<p class=\"has-text-align-justify\" style=\"font-size:16px\">Al\u00e9m de ser professor do Polo Avan\u00e7ado Villa-Lobos Paracambi, atua com regente do coro CelebraSom, t\u00e9cnico de som da Igreja Batista em Vila Nova e tecladista da Banda Leonardo Nascimento Blues Band. \u00c9 formado em Licenciatura em Musica pela UNIRIO &#8211; Universidade Federal do Estado do Rio de Janeiro e estudou piano com os professores particulares como\u00a0 F\u00e1bio Xavier, Vitor Oliveira, Jo\u00e3o Pereira, Jo\u00e3o da Vila Nova e Maria da Gl\u00f3ria.<\/p>\n\n\n\n<p class=\"has-text-align-right\"><a href=\"https:\/\/paracambi.rj.gov.br\/sites\/villa-lobos\/rafael-adelino\/\">Voltar<\/a> <a href=\"https:\/\/paracambi.rj.gov.br\/sites\/villa-lobos\/renato-silveira\/\">Pr\u00f3ximo<\/a><\/p>\n","protected":false},"excerpt":{"rendered":"<p>Rafael dos Santos Souza \u00e9 Professor de Piano, Teclado, Pratica de conjunto e Percep\u00e7\u00e3o musical da Escola de M\u00fasica Nogueira<\/p>\n","protected":false},"author":3,"featured_media":0,"parent":0,"menu_order":0,"comment_status":"closed","ping_status":"closed","template":"","meta":{"colormag_page_container_layout":"default_layout","colormag_page_sidebar_layout":"default_layout","footnotes":""},"class_list":["post-254","page","type-page","status-publish","hentry"],"_links":{"self":[{"href":"https:\/\/paracambi.rj.gov.br\/sites\/villa-lobos\/wp-json\/wp\/v2\/pages\/254","targetHints":{"allow":["GET"]}}],"collection":[{"href":"https:\/\/paracambi.rj.gov.br\/sites\/villa-lobos\/wp-json\/wp\/v2\/pages"}],"about":[{"href":"https:\/\/paracambi.rj.gov.br\/sites\/villa-lobos\/wp-json\/wp\/v2\/types\/page"}],"author":[{"embeddable":true,"href":"https:\/\/paracambi.rj.gov.br\/sites\/villa-lobos\/wp-json\/wp\/v2\/users\/3"}],"replies":[{"embeddable":true,"href":"https:\/\/paracambi.rj.gov.br\/sites\/villa-lobos\/wp-json\/wp\/v2\/comments?post=254"}],"version-history":[{"count":7,"href":"https:\/\/paracambi.rj.gov.br\/sites\/villa-lobos\/wp-json\/wp\/v2\/pages\/254\/revisions"}],"predecessor-version":[{"id":1358,"href":"https:\/\/paracambi.rj.gov.br\/sites\/villa-lobos\/wp-json\/wp\/v2\/pages\/254\/revisions\/1358"}],"wp:attachment":[{"href":"https:\/\/paracambi.rj.gov.br\/sites\/villa-lobos\/wp-json\/wp\/v2\/media?parent=254"}],"curies":[{"name":"wp","href":"https:\/\/api.w.org\/{rel}","templated":true}]}}