{"id":261,"date":"2022-02-10T11:08:20","date_gmt":"2022-02-10T14:08:20","guid":{"rendered":"https:\/\/paracambi.rj.gov.br\/sites\/villa-lobos\/?page_id=261"},"modified":"2022-03-29T09:40:22","modified_gmt":"2022-03-29T12:40:22","slug":"robson-holyfield","status":"publish","type":"page","link":"https:\/\/paracambi.rj.gov.br\/sites\/villa-lobos\/robson-holyfield\/","title":{"rendered":"Robson Holyfield"},"content":{"rendered":"\n<figure class=\"wp-block-image size-full is-resized\"><img data-recalc-dims=\"1\" fetchpriority=\"high\" decoding=\"async\" data-attachment-id=\"522\" data-permalink=\"https:\/\/paracambi.rj.gov.br\/sites\/villa-lobos\/robson-holyfield\/robson-holyfield-1\/\" data-orig-file=\"https:\/\/i0.wp.com\/paracambi.rj.gov.br\/sites\/villa-lobos\/wp-content\/uploads\/sites\/3\/2022\/02\/Robson-Holyfield-1.jpg?fit=717%2C655&amp;ssl=1\" data-orig-size=\"717,655\" data-comments-opened=\"1\" data-image-meta=\"{&quot;aperture&quot;:&quot;0&quot;,&quot;credit&quot;:&quot;&quot;,&quot;camera&quot;:&quot;&quot;,&quot;caption&quot;:&quot;&quot;,&quot;created_timestamp&quot;:&quot;0&quot;,&quot;copyright&quot;:&quot;&quot;,&quot;focal_length&quot;:&quot;0&quot;,&quot;iso&quot;:&quot;0&quot;,&quot;shutter_speed&quot;:&quot;0&quot;,&quot;title&quot;:&quot;&quot;,&quot;orientation&quot;:&quot;1&quot;}\" data-image-title=\"Robson-Holyfield-1\" data-image-description=\"\" data-image-caption=\"\" data-medium-file=\"https:\/\/i0.wp.com\/paracambi.rj.gov.br\/sites\/villa-lobos\/wp-content\/uploads\/sites\/3\/2022\/02\/Robson-Holyfield-1.jpg?fit=300%2C274&amp;ssl=1\" data-large-file=\"https:\/\/i0.wp.com\/paracambi.rj.gov.br\/sites\/villa-lobos\/wp-content\/uploads\/sites\/3\/2022\/02\/Robson-Holyfield-1.jpg?fit=717%2C655&amp;ssl=1\" src=\"https:\/\/i0.wp.com\/paracambi.rj.gov.br\/sites\/villa-lobos\/wp-content\/uploads\/sites\/3\/2022\/02\/Robson-Holyfield-1.jpg?resize=254%2C232&#038;ssl=1\" alt=\"\" class=\"wp-image-522\" width=\"254\" height=\"232\" srcset=\"https:\/\/i0.wp.com\/paracambi.rj.gov.br\/sites\/villa-lobos\/wp-content\/uploads\/sites\/3\/2022\/02\/Robson-Holyfield-1.jpg?w=717&amp;ssl=1 717w, https:\/\/i0.wp.com\/paracambi.rj.gov.br\/sites\/villa-lobos\/wp-content\/uploads\/sites\/3\/2022\/02\/Robson-Holyfield-1.jpg?resize=300%2C274&amp;ssl=1 300w\" sizes=\"(max-width: 254px) 100vw, 254px\" \/><\/figure>\n\n\n\n<p class=\"has-text-align-justify\">Robson Holyfield \u00e9 professor de Bateira e Pr\u00e1tica de Percuss\u00e3o Popular da Escola de M\u00fasica Nogueira do Trombone desde 2016. Formou-se em curso B\u00e1sico em Bateria na Escola de M\u00fasica CFM &#8211; Curso de Forma\u00e7\u00e3o Musical em Nova Igua\u00e7u e fez cursos de bateria, teoria e pr\u00e1tica, com professores particulares. Atuou como baterista do cantor Daniel Guerra na abertura do show de S\u00e1 e Guarabira, acompanhou o cantor Chico Reis em apresenta\u00e7\u00f5es na Baixada Fluminense, se apresentou como baterista com o cantor Edu Carval na abertura do Show do cantor Fl\u00e1vio Venturini em Nil\u00f3polis e tocou com a Orquestra Sol Maior na casa de Show Exc\u00eantrica.<\/p>\n\n\n\n<p class=\"has-text-align-justify\">Al\u00e9m de atuar como professor do Polo Avan\u00e7ado Villa-Lobos de Paracambi, lecionou Bateria na Escola de M\u00fasica CFM &#8211; Curso de Forma\u00e7\u00e3o Musical, na Biblioteca Popular de Botafogo, no curso R.L. de Forma\u00e7\u00e3o, na Academia Augusto Caldas e atua como professor de Bateria na Escola Esmeraldina da Silva Gomes em Mendes e no seu projeto social em Rosa dos Ventos com a Robson Holyfield \u00e9 professor de Bateira e Pr\u00e1tica de Percuss\u00e3o Popular da Escola de M\u00fasica Nogueira do Trombone desde 2016. Formou-se em curso B\u00e1sico em Bateria na Escola de M\u00fasica CFM &#8211; Curso de Forma\u00e7\u00e3o Musical em Nova Igua\u00e7u e fez cursos de bateria, teoria e pr\u00e1tica, com professores particulares. Atuou como baterista do cantor Daniel Guerra na abertura do show de S\u00e1 e Guarabira, acompanhou o cantor Chico Reis em apresenta\u00e7\u00f5es na Baixada Fluminense, se apresentou como baterista com o cantor Edu Carval na abertura do Show do cantor Fl\u00e1vio Venturini em Nil\u00f3polis e tocou com a Orquestra Sol Maior na casa de Show Exc\u00eantrica.<\/p>\n\n\n\n<p class=\"has-text-align-justify\">Al\u00e9m de atuar como professor do Polo Avan\u00e7ado Villa-Lobos de Paracambi, lecionou Bateria na Escola de M\u00fasica CFM &#8211; Curso de Forma\u00e7\u00e3o Musical, na Biblioteca Popular de Botafogo, no curso R.L. de Forma\u00e7\u00e3o, na Academia Augusto Caldas e atua como professor de Bateria na Escola Esmeraldina da Silva Gomes em Mendes e no seu projeto social em Rosa dos Ventos com a Ong Projeto Crescer +. Desde 2002 j\u00e1 tocou com cantores como Marquinhos Gomes, Kleber Lucas, Davi Saccer, Luiz Arcanjo, Joe Vasconcelos e Ap\u00f3stola G. Marie Carol, de Charlotte, Carolina do Norte, EUA. Estudou com os professores Melquezedeque, Joel Silva, Willian Melo, Marcelo Palmiere e Renam Martins.<\/p>\n\n\n\n<p class=\"has-text-align-right\"><a href=\"https:\/\/paracambi.rj.gov.br\/sites\/villa-lobos\/renato-silveira\/\">Voltar<\/a> <a href=\"https:\/\/paracambi.rj.gov.br\/sites\/villa-lobos\/rodrigo-souza\/\">Pr\u00f3ximo<\/a><\/p>\n","protected":false},"excerpt":{"rendered":"<p>Robson Holyfield \u00e9 professor de Bateira e Pr\u00e1tica de Percuss\u00e3o Popular da Escola de M\u00fasica Nogueira do Trombone desde 2016.<\/p>\n","protected":false},"author":3,"featured_media":0,"parent":0,"menu_order":0,"comment_status":"closed","ping_status":"closed","template":"","meta":{"colormag_page_container_layout":"default_layout","colormag_page_sidebar_layout":"default_layout","footnotes":""},"class_list":["post-261","page","type-page","status-publish","hentry"],"_links":{"self":[{"href":"https:\/\/paracambi.rj.gov.br\/sites\/villa-lobos\/wp-json\/wp\/v2\/pages\/261","targetHints":{"allow":["GET"]}}],"collection":[{"href":"https:\/\/paracambi.rj.gov.br\/sites\/villa-lobos\/wp-json\/wp\/v2\/pages"}],"about":[{"href":"https:\/\/paracambi.rj.gov.br\/sites\/villa-lobos\/wp-json\/wp\/v2\/types\/page"}],"author":[{"embeddable":true,"href":"https:\/\/paracambi.rj.gov.br\/sites\/villa-lobos\/wp-json\/wp\/v2\/users\/3"}],"replies":[{"embeddable":true,"href":"https:\/\/paracambi.rj.gov.br\/sites\/villa-lobos\/wp-json\/wp\/v2\/comments?post=261"}],"version-history":[{"count":7,"href":"https:\/\/paracambi.rj.gov.br\/sites\/villa-lobos\/wp-json\/wp\/v2\/pages\/261\/revisions"}],"predecessor-version":[{"id":1344,"href":"https:\/\/paracambi.rj.gov.br\/sites\/villa-lobos\/wp-json\/wp\/v2\/pages\/261\/revisions\/1344"}],"wp:attachment":[{"href":"https:\/\/paracambi.rj.gov.br\/sites\/villa-lobos\/wp-json\/wp\/v2\/media?parent=261"}],"curies":[{"name":"wp","href":"https:\/\/api.w.org\/{rel}","templated":true}]}}