{"id":272,"date":"2022-02-10T11:13:36","date_gmt":"2022-02-10T14:13:36","guid":{"rendered":"https:\/\/paracambi.rj.gov.br\/sites\/villa-lobos\/?page_id=272"},"modified":"2022-03-29T09:41:00","modified_gmt":"2022-03-29T12:41:00","slug":"rodrigo-souza","status":"publish","type":"page","link":"https:\/\/paracambi.rj.gov.br\/sites\/villa-lobos\/rodrigo-souza\/","title":{"rendered":"Rodrigo Souza"},"content":{"rendered":"\n<figure class=\"wp-block-image size-medium is-resized\"><img data-recalc-dims=\"1\" fetchpriority=\"high\" decoding=\"async\" data-attachment-id=\"936\" data-permalink=\"https:\/\/paracambi.rj.gov.br\/sites\/villa-lobos\/rodrigo-souza\/rodrigo-souza_easy-resize\/\" data-orig-file=\"https:\/\/i0.wp.com\/paracambi.rj.gov.br\/sites\/villa-lobos\/wp-content\/uploads\/sites\/3\/2022\/02\/Rodrigo-Souza_Easy-Resize.jpg?fit=718%2C835&amp;ssl=1\" data-orig-size=\"718,835\" data-comments-opened=\"1\" data-image-meta=\"{&quot;aperture&quot;:&quot;0&quot;,&quot;credit&quot;:&quot;&quot;,&quot;camera&quot;:&quot;&quot;,&quot;caption&quot;:&quot;&quot;,&quot;created_timestamp&quot;:&quot;0&quot;,&quot;copyright&quot;:&quot;&quot;,&quot;focal_length&quot;:&quot;0&quot;,&quot;iso&quot;:&quot;0&quot;,&quot;shutter_speed&quot;:&quot;0&quot;,&quot;title&quot;:&quot;&quot;,&quot;orientation&quot;:&quot;1&quot;}\" data-image-title=\"Rodrigo-Souza_Easy-Resize\" data-image-description=\"\" data-image-caption=\"\" data-medium-file=\"https:\/\/i0.wp.com\/paracambi.rj.gov.br\/sites\/villa-lobos\/wp-content\/uploads\/sites\/3\/2022\/02\/Rodrigo-Souza_Easy-Resize.jpg?fit=258%2C300&amp;ssl=1\" data-large-file=\"https:\/\/i0.wp.com\/paracambi.rj.gov.br\/sites\/villa-lobos\/wp-content\/uploads\/sites\/3\/2022\/02\/Rodrigo-Souza_Easy-Resize.jpg?fit=718%2C835&amp;ssl=1\" src=\"https:\/\/i0.wp.com\/paracambi.rj.gov.br\/sites\/villa-lobos\/wp-content\/uploads\/sites\/3\/2022\/02\/Rodrigo-Souza_Easy-Resize.jpg?resize=254%2C290&#038;ssl=1\" alt=\"\" class=\"wp-image-936\" width=\"254\" height=\"290\" \/><\/figure>\n\n\n\n<p class=\"has-text-align-justify\">Rodrigo Souza \u00e9 professor de Bateria e Pratica de Percuss\u00e3o Popular da Escola de Musica Nogueira do Trombone desde 2018 e come\u00e7ou a dar seus primeiros passos na m\u00fasica aos 11 anos de idade em uma pequena igreja local. \u00c9 Licenciando em M\u00fasica pela UNIMES e \u00e9 formado em Bateria pela FAETEC de Marechal Hermes, no Rio de Janeiro. J\u00e1 tocou na Banda Marcial Ava\u00ed do Regimento Dois de Ouro na Vila Militar do Ex\u00e9rcito Brasileiro, al\u00e9m de acompanhar bandas e cantores tais como Minist\u00e9rio Nova Jerusal\u00e9m, Melissa, Marine Friesen, Elimar Santos, Jerry Adriani da Jovem Guarda e o Grupo de Pagode Al\u00f4 Som.<\/p>\n\n\n\n<p class=\"has-text-align-justify\">Al\u00e9m de dar aulas no Polo Avan\u00e7ado Villa-Lobos Paracambi, desempenha esse papel de professor h\u00e1 bastante tempo em projetos sociais em escolas e igrejas, al\u00e9m tamb\u00e9m de ter participado de bandas que tocavam em eventos de MPB no bairro da Lapa, no Rio de Janeiro. Estudou com Marcelo palmieri e Jorge Casa Grande.<\/p>\n\n\n\n<p class=\"has-text-align-right\"><a href=\"https:\/\/paracambi.rj.gov.br\/sites\/villa-lobos\/robson-holyfield\/\">Voltar<\/a>  <a href=\"https:\/\/paracambi.rj.gov.br\/sites\/villa-lobos\/ronaldo-souza\/\">Pr\u00f3ximo<\/a><\/p>\n","protected":false},"excerpt":{"rendered":"<p>Rodrigo Souza \u00e9 professor de Bateria e Pratica de Percuss\u00e3o Popular da Escola de Musica Nogueira do Trombone desde 2018<\/p>\n","protected":false},"author":3,"featured_media":0,"parent":0,"menu_order":0,"comment_status":"closed","ping_status":"closed","template":"","meta":{"colormag_page_container_layout":"default_layout","colormag_page_sidebar_layout":"default_layout","footnotes":""},"class_list":["post-272","page","type-page","status-publish","hentry"],"_links":{"self":[{"href":"https:\/\/paracambi.rj.gov.br\/sites\/villa-lobos\/wp-json\/wp\/v2\/pages\/272","targetHints":{"allow":["GET"]}}],"collection":[{"href":"https:\/\/paracambi.rj.gov.br\/sites\/villa-lobos\/wp-json\/wp\/v2\/pages"}],"about":[{"href":"https:\/\/paracambi.rj.gov.br\/sites\/villa-lobos\/wp-json\/wp\/v2\/types\/page"}],"author":[{"embeddable":true,"href":"https:\/\/paracambi.rj.gov.br\/sites\/villa-lobos\/wp-json\/wp\/v2\/users\/3"}],"replies":[{"embeddable":true,"href":"https:\/\/paracambi.rj.gov.br\/sites\/villa-lobos\/wp-json\/wp\/v2\/comments?post=272"}],"version-history":[{"count":6,"href":"https:\/\/paracambi.rj.gov.br\/sites\/villa-lobos\/wp-json\/wp\/v2\/pages\/272\/revisions"}],"predecessor-version":[{"id":1345,"href":"https:\/\/paracambi.rj.gov.br\/sites\/villa-lobos\/wp-json\/wp\/v2\/pages\/272\/revisions\/1345"}],"wp:attachment":[{"href":"https:\/\/paracambi.rj.gov.br\/sites\/villa-lobos\/wp-json\/wp\/v2\/media?parent=272"}],"curies":[{"name":"wp","href":"https:\/\/api.w.org\/{rel}","templated":true}]}}