{"id":371,"date":"2022-02-15T10:36:30","date_gmt":"2022-02-15T13:36:30","guid":{"rendered":"https:\/\/paracambi.rj.gov.br\/sites\/villa-lobos\/?page_id=371"},"modified":"2022-03-29T07:25:25","modified_gmt":"2022-03-29T10:25:25","slug":"bateria","status":"publish","type":"page","link":"https:\/\/paracambi.rj.gov.br\/sites\/villa-lobos\/bateria\/","title":{"rendered":"Bateria"},"content":{"rendered":"\n<figure class=\"wp-block-image size-medium\"><img data-recalc-dims=\"1\" fetchpriority=\"high\" decoding=\"async\" width=\"300\" height=\"213\" data-attachment-id=\"1189\" data-permalink=\"https:\/\/paracambi.rj.gov.br\/sites\/villa-lobos\/bateria\/bateria-1\/\" data-orig-file=\"https:\/\/i0.wp.com\/paracambi.rj.gov.br\/sites\/villa-lobos\/wp-content\/uploads\/sites\/3\/2022\/03\/Bateria-1.jpg?fit=1083%2C768&amp;ssl=1\" data-orig-size=\"1083,768\" data-comments-opened=\"1\" data-image-meta=\"{&quot;aperture&quot;:&quot;0&quot;,&quot;credit&quot;:&quot;&quot;,&quot;camera&quot;:&quot;&quot;,&quot;caption&quot;:&quot;&quot;,&quot;created_timestamp&quot;:&quot;0&quot;,&quot;copyright&quot;:&quot;&quot;,&quot;focal_length&quot;:&quot;0&quot;,&quot;iso&quot;:&quot;0&quot;,&quot;shutter_speed&quot;:&quot;0&quot;,&quot;title&quot;:&quot;&quot;,&quot;orientation&quot;:&quot;0&quot;}\" data-image-title=\"Bateria-1\" data-image-description=\"\" data-image-caption=\"\" data-medium-file=\"https:\/\/i0.wp.com\/paracambi.rj.gov.br\/sites\/villa-lobos\/wp-content\/uploads\/sites\/3\/2022\/03\/Bateria-1.jpg?fit=300%2C213&amp;ssl=1\" data-large-file=\"https:\/\/i0.wp.com\/paracambi.rj.gov.br\/sites\/villa-lobos\/wp-content\/uploads\/sites\/3\/2022\/03\/Bateria-1.jpg?fit=800%2C567&amp;ssl=1\" src=\"https:\/\/i0.wp.com\/paracambi.rj.gov.br\/sites\/villa-lobos\/wp-content\/uploads\/sites\/3\/2022\/03\/Bateria-1.jpg?resize=300%2C213&#038;ssl=1\" alt=\"\" class=\"wp-image-1189\" srcset=\"https:\/\/i0.wp.com\/paracambi.rj.gov.br\/sites\/villa-lobos\/wp-content\/uploads\/sites\/3\/2022\/03\/Bateria-1.jpg?resize=300%2C213&amp;ssl=1 300w, https:\/\/i0.wp.com\/paracambi.rj.gov.br\/sites\/villa-lobos\/wp-content\/uploads\/sites\/3\/2022\/03\/Bateria-1.jpg?resize=1024%2C726&amp;ssl=1 1024w, https:\/\/i0.wp.com\/paracambi.rj.gov.br\/sites\/villa-lobos\/wp-content\/uploads\/sites\/3\/2022\/03\/Bateria-1.jpg?resize=768%2C545&amp;ssl=1 768w, https:\/\/i0.wp.com\/paracambi.rj.gov.br\/sites\/villa-lobos\/wp-content\/uploads\/sites\/3\/2022\/03\/Bateria-1.jpg?w=1083&amp;ssl=1 1083w\" sizes=\"(max-width: 300px) 100vw, 300px\" \/><\/figure>\n\n\n\n<p class=\"has-text-align-justify\">          A\u00a0bateria\u00a0\u00e9 um conjunto de\u00a0tambores\u00a0(de diversos tamanhos e\u00a0timbres) e de\u00a0pratos\u00a0e outros\u00a0instrumentos de percuss\u00e3o\u00a0colocados de forma conveniente com a inten\u00e7\u00e3o de serem\u00a0percutidos\u00a0por um \u00fanico m\u00fasico, denominado\u00a0baterista, geralmente, com o aux\u00edlio de um par de\u00a0baquetas,\u00a0vassourinhas\u00a0ou\u00a0bilros\u00a0segurados por ambas as m\u00e3os, embora, em alguns casos, certos executantes possam tamb\u00e9m usar as pr\u00f3prias\u00a0m\u00e3os\u00a0nuas para percutir o instrumento em quest\u00e3o.<\/p>\n\n\n\n<p class=\"has-text-align-justify\">          O conjunto de instrumentos \u00e9 geralmente usado nos\u00a0estilos musicais\u00a0jazz,\u00a0hip-hop,\u00a0rock,\u00a0pop\u00a0entre outros, tendo sido\u00a0componente\u00a0essencial da\u00a0m\u00fasica contempor\u00e2nea\u00a0desde a\u00a0d\u00e9cada de 1920\u00a0at\u00e9 ao surgimento da\u00a0percuss\u00e3o eletr\u00f4nica, quando se deu o aparecimento das primeiras\u00a0baterias eletr\u00f4nicas. No come\u00e7o dos anos\u00a01900,\u00a0bandas\u00a0e\u00a0orquestras\u00a0tinham de dois a tr\u00eas\u00a0percussionistas\u00a0cada.\u00a0Um tocava o\u00a0bumbo, outro tocava a\u00a0caixa\u00a0e o outro tocava pratos ou ainda blocos de\u00a0madeira\u00a0que fazia os efeitos sonoros. O desenvolvimento do\u00a0pedal\u00a0possibilitou que uma mesma pessoa executasse todas estas fun\u00e7\u00f5es.<\/p>\n\n\n\n<p class=\"has-text-align-justify\">          O primeiro pedal pr\u00e1tico foi inventado em\u00a01910.\u00a0William F. Ludwig, que criou o primeiro modelo de madeira e logo depois, com o aumento da procura, passou a desenvolver junto com seu cunhado, Robert Danly, o modelo do pedal em a\u00e7o que foi vendido para milhares de bateristas e serviu de base para cria\u00e7\u00e3o dos modelos mais avan\u00e7ados que temos hoje. Outra cria\u00e7\u00e3o aparentemente simples que possibilitou o surgimento da bateria, foi a estante para caixa, que antes os bateristas usavam cadeiras para apoi\u00e1-las ou penduravam nos\u00a0ombros\u00a0com uso de correias. Uma vez que pedais e suportes para caixas pr\u00e1ticos se tornaram dispon\u00edveis, um \u00fanico baterista poderia executar o trabalho antes feito por tr\u00eas.          <\/p>\n\n\n\n<p class=\"has-text-align-justify\">          A pe\u00e7a mais nova que fez parte do conjunto b\u00e1sico da bateria foi o\u00a0hi-hat, ou\u00a0chimbal, nome utilizado no Brasil, que apareceu na\u00a0d\u00e9cada de 1940. \u00c9 uma pe\u00e7a que utiliza dois pratos de choque, acionados com o p\u00e9. No jazz, ela tinha a fun\u00e7\u00e3o de marcar o contratempo nas pulsa\u00e7\u00f5es r\u00edtmicas, motivo pelo qual, em alguns lugares, esta pe\u00e7a tamb\u00e9m \u00e9 denominada de\u00a0contratempo. E assim foi nascendo a bateria \u2013 ou\u00a0trap set, como foi chamada inicialmente.<\/p>\n\n\n\n<p class=\"has-text-align-right\"><a href=\"https:\/\/paracambi.rj.gov.br\/sites\/villa-lobos\/baixo\/\">Pr\u00f3ximo<\/a><\/p>\n","protected":false},"excerpt":{"rendered":"<p>A\u00a0bateria\u00a0\u00e9 um conjunto de\u00a0tambores\u00a0(de diversos tamanhos e\u00a0timbres) e de\u00a0pratos\u00a0e outros\u00a0instrumentos de percuss\u00e3o\u00a0colocados de forma conveniente com a inten\u00e7\u00e3o de serem\u00a0percutidos\u00a0por<\/p>\n","protected":false},"author":3,"featured_media":0,"parent":0,"menu_order":0,"comment_status":"closed","ping_status":"closed","template":"","meta":{"colormag_page_container_layout":"default_layout","colormag_page_sidebar_layout":"default_layout","footnotes":""},"class_list":["post-371","page","type-page","status-publish","hentry"],"_links":{"self":[{"href":"https:\/\/paracambi.rj.gov.br\/sites\/villa-lobos\/wp-json\/wp\/v2\/pages\/371","targetHints":{"allow":["GET"]}}],"collection":[{"href":"https:\/\/paracambi.rj.gov.br\/sites\/villa-lobos\/wp-json\/wp\/v2\/pages"}],"about":[{"href":"https:\/\/paracambi.rj.gov.br\/sites\/villa-lobos\/wp-json\/wp\/v2\/types\/page"}],"author":[{"embeddable":true,"href":"https:\/\/paracambi.rj.gov.br\/sites\/villa-lobos\/wp-json\/wp\/v2\/users\/3"}],"replies":[{"embeddable":true,"href":"https:\/\/paracambi.rj.gov.br\/sites\/villa-lobos\/wp-json\/wp\/v2\/comments?post=371"}],"version-history":[{"count":9,"href":"https:\/\/paracambi.rj.gov.br\/sites\/villa-lobos\/wp-json\/wp\/v2\/pages\/371\/revisions"}],"predecessor-version":[{"id":1301,"href":"https:\/\/paracambi.rj.gov.br\/sites\/villa-lobos\/wp-json\/wp\/v2\/pages\/371\/revisions\/1301"}],"wp:attachment":[{"href":"https:\/\/paracambi.rj.gov.br\/sites\/villa-lobos\/wp-json\/wp\/v2\/media?parent=371"}],"curies":[{"name":"wp","href":"https:\/\/api.w.org\/{rel}","templated":true}]}}