{"id":372,"date":"2022-02-15T10:36:30","date_gmt":"2022-02-15T13:36:30","guid":{"rendered":"https:\/\/paracambi.rj.gov.br\/sites\/villa-lobos\/?page_id=372"},"modified":"2022-03-29T09:52:52","modified_gmt":"2022-03-29T12:52:52","slug":"baixo","status":"publish","type":"page","link":"https:\/\/paracambi.rj.gov.br\/sites\/villa-lobos\/baixo\/","title":{"rendered":"Baixo"},"content":{"rendered":"\n<figure class=\"wp-block-image size-medium\"><img data-recalc-dims=\"1\" fetchpriority=\"high\" decoding=\"async\" width=\"300\" height=\"300\" data-attachment-id=\"1191\" data-permalink=\"https:\/\/paracambi.rj.gov.br\/sites\/villa-lobos\/baixo\/baixo-2\/\" data-orig-file=\"https:\/\/i0.wp.com\/paracambi.rj.gov.br\/sites\/villa-lobos\/wp-content\/uploads\/sites\/3\/2022\/03\/Baixo.jpg?fit=600%2C600&amp;ssl=1\" data-orig-size=\"600,600\" data-comments-opened=\"1\" data-image-meta=\"{&quot;aperture&quot;:&quot;0&quot;,&quot;credit&quot;:&quot;&quot;,&quot;camera&quot;:&quot;&quot;,&quot;caption&quot;:&quot;&quot;,&quot;created_timestamp&quot;:&quot;0&quot;,&quot;copyright&quot;:&quot;&quot;,&quot;focal_length&quot;:&quot;0&quot;,&quot;iso&quot;:&quot;0&quot;,&quot;shutter_speed&quot;:&quot;0&quot;,&quot;title&quot;:&quot;&quot;,&quot;orientation&quot;:&quot;0&quot;}\" data-image-title=\"Baixo\" data-image-description=\"\" data-image-caption=\"\" data-medium-file=\"https:\/\/i0.wp.com\/paracambi.rj.gov.br\/sites\/villa-lobos\/wp-content\/uploads\/sites\/3\/2022\/03\/Baixo.jpg?fit=300%2C300&amp;ssl=1\" data-large-file=\"https:\/\/i0.wp.com\/paracambi.rj.gov.br\/sites\/villa-lobos\/wp-content\/uploads\/sites\/3\/2022\/03\/Baixo.jpg?fit=600%2C600&amp;ssl=1\" src=\"https:\/\/i0.wp.com\/paracambi.rj.gov.br\/sites\/villa-lobos\/wp-content\/uploads\/sites\/3\/2022\/03\/Baixo.jpg?resize=300%2C300&#038;ssl=1\" alt=\"\" class=\"wp-image-1191\" srcset=\"https:\/\/i0.wp.com\/paracambi.rj.gov.br\/sites\/villa-lobos\/wp-content\/uploads\/sites\/3\/2022\/03\/Baixo.jpg?resize=300%2C300&amp;ssl=1 300w, https:\/\/i0.wp.com\/paracambi.rj.gov.br\/sites\/villa-lobos\/wp-content\/uploads\/sites\/3\/2022\/03\/Baixo.jpg?resize=150%2C150&amp;ssl=1 150w, https:\/\/i0.wp.com\/paracambi.rj.gov.br\/sites\/villa-lobos\/wp-content\/uploads\/sites\/3\/2022\/03\/Baixo.jpg?w=600&amp;ssl=1 600w\" sizes=\"(max-width: 300px) 100vw, 300px\" \/><\/figure>\n\n\n\n<p class=\"has-text-align-justify\" style=\"font-size:16px\">O baixo, tamb\u00e9m conhecido como contrabaixo, \u00e9 um instrumento musical que apresenta caracter\u00edsticas harm\u00f4nicas e mel\u00f3dicas, respons\u00e1vel, dentre outras fun\u00e7\u00f5es, por fazer a liga\u00e7\u00e3o entre instrumentos harm\u00f4nicos e mel\u00f3dicos (guitarra, viol\u00e3o, teclado\/piano, saxofone) com os instrumentos percussivos (bateria, percuss\u00e3o). Pode ser ac\u00fastico ou el\u00e9trico.<\/p>\n\n\n\n<p class=\"has-text-align-justify\" style=\"font-size:16px\">O nome baixo pode ser dado tamb\u00e9m a espec\u00edficos modelos de cl\u00e1ssicas, mas que possuem timbre um pouco mais grave que a cl\u00e1ssica tradicional; est\u00e1 baixo cl\u00e1ssica \u00e9 afinada uma quarta abaixo da tradicional, e n\u00e3o pertence \u00e0 fam\u00edlia dos baixos.<\/p>\n\n\n\n<p class=\"has-text-align-justify\" style=\"font-size:16px\"><strong>Variedades<\/strong><\/p>\n\n\n\n<p class=\"has-text-align-justify\" style=\"font-size:16px\"><strong>Contrabaixo<\/strong><br>\u00c9 o instrumento que deu origem ao baixo el\u00e9trico e \u00e9 comumente utilizado em pe\u00e7as orquestrais, na m\u00fasica erudita e no jazz. \u00c9 tocado na vertical utilizando vara ou simplesmente o pizzicato, o corpo tem o mesmo formato do instrumentos da fam\u00edlia dos violinos, por\u00e9m pode chegar a ter 1,80m de altura, al\u00e9m de ter cordas espec\u00edficas para ele e escala sem trastes. Alguns modelos s\u00e3o eletrificados apresentando captadores dentro da caixa ac\u00fastica e outros modelos desses baixos verticais s\u00e3o totalmente el\u00e9tricos. Eles s\u00e3o um pouco menores j\u00e1 que n\u00e3o tem a necessidade da caixa ac\u00fastica avantajada.<\/p>\n\n\n\n<p class=\"has-text-align-justify\" style=\"font-size:16px\"><strong>Baixol\u00e3o<\/strong><br>\u00c9 uma vers\u00e3o similar um viol\u00e3o mas com o corpo e bra\u00e7o um pouco maiores, pode ser tocado na mesma postura ac\u00fastica do viol\u00e3o, onde o m\u00fasico permanece com o baixo ac\u00fastico descansando sobre suas pernas na posi\u00e7\u00e3o horizontal com o m\u00fasico sentado ou sustentado por uma correia se tocado em p\u00e9.<\/p>\n\n\n\n<p class=\"has-text-align-justify\" style=\"font-size:16px\"><strong>Cordas<\/strong><br>Existem baixos com a mais diversas quantidades de cordas. Por\u00e9m, os mais comuns possuem quatro as quais geralmente s\u00e3o em uma oitava abaixo do viol\u00e3o. As afina\u00e7\u00f5es mais comuns s\u00e3o:<br>(Considerando da corda mais aguda para a mais grave)<\/p>\n\n\n\n<p class=\"has-text-align-justify\" style=\"font-size:16px\"><strong>Em baixos de 4 cordas<\/strong><br>Sol (G), R\u00e9 (D), L\u00e1 (A) e Mi (E).<\/p>\n\n\n\n<p class=\"has-text-align-justify\" style=\"font-size:16px\"><strong>Em baixos de 5 cordas tem duas afina\u00e7\u00f5es muito comuns que variam de acordo com a corda adicionada sendo \u00e0 1\u00aa ou \u00e0 5\u00aacorda adicionada sendo \u00e0 1\u00aa ou \u00e0 5\u00aa<\/strong><br>Sol (G), R\u00e9 (D), L\u00e1 (A), Mi (E) e Si (B) (afina\u00e7\u00e3o padr\u00e3o)<br>D\u00f3 (C), Sol (G), R\u00e9 (D), L\u00e1 (A) e Mi (E)<\/p>\n\n\n\n<p class=\"has-text-align-justify\" style=\"font-size:16px\"><strong>Em baixos de 6 cordas<\/strong><br>D\u00f3 (C), Sol (G), R\u00e9 (D), L\u00e1 (A), Mi (E) e Si (B)<\/p>\n\n\n\n<p class=\"has-text-align-justify\" style=\"font-size:16px\"><strong>Em baixos de 7 cordas tem a mesma afina\u00e7\u00e3o padr\u00e3o do baixo de 6 cordas, por\u00e9m acrescentada de uma corda mais aguda seguindo a afina\u00e7\u00e3o em quarta das outras<\/strong><br>F\u00e1 (F)<\/p>\n\n\n\n<p class=\"has-text-align-right\"><a href=\"https:\/\/paracambi.rj.gov.br\/sites\/villa-lobos\/baixo\/\">Voltar<\/a> <a href=\"https:\/\/paracambi.rj.gov.br\/sites\/villa-lobos\/canto\/\">Pr\u00f3ximo<\/a><\/p>\n","protected":false},"excerpt":{"rendered":"<p>O baixo, tamb\u00e9m conhecido como contrabaixo, \u00e9 um instrumento musical que apresenta caracter\u00edsticas harm\u00f4nicas e mel\u00f3dicas, respons\u00e1vel, dentre outras fun\u00e7\u00f5es,<\/p>\n","protected":false},"author":3,"featured_media":0,"parent":0,"menu_order":0,"comment_status":"closed","ping_status":"closed","template":"","meta":{"colormag_page_container_layout":"default_layout","colormag_page_sidebar_layout":"default_layout","footnotes":""},"class_list":["post-372","page","type-page","status-publish","hentry"],"_links":{"self":[{"href":"https:\/\/paracambi.rj.gov.br\/sites\/villa-lobos\/wp-json\/wp\/v2\/pages\/372","targetHints":{"allow":["GET"]}}],"collection":[{"href":"https:\/\/paracambi.rj.gov.br\/sites\/villa-lobos\/wp-json\/wp\/v2\/pages"}],"about":[{"href":"https:\/\/paracambi.rj.gov.br\/sites\/villa-lobos\/wp-json\/wp\/v2\/types\/page"}],"author":[{"embeddable":true,"href":"https:\/\/paracambi.rj.gov.br\/sites\/villa-lobos\/wp-json\/wp\/v2\/users\/3"}],"replies":[{"embeddable":true,"href":"https:\/\/paracambi.rj.gov.br\/sites\/villa-lobos\/wp-json\/wp\/v2\/comments?post=372"}],"version-history":[{"count":15,"href":"https:\/\/paracambi.rj.gov.br\/sites\/villa-lobos\/wp-json\/wp\/v2\/pages\/372\/revisions"}],"predecessor-version":[{"id":1361,"href":"https:\/\/paracambi.rj.gov.br\/sites\/villa-lobos\/wp-json\/wp\/v2\/pages\/372\/revisions\/1361"}],"wp:attachment":[{"href":"https:\/\/paracambi.rj.gov.br\/sites\/villa-lobos\/wp-json\/wp\/v2\/media?parent=372"}],"curies":[{"name":"wp","href":"https:\/\/api.w.org\/{rel}","templated":true}]}}