{"id":373,"date":"2022-02-15T10:36:31","date_gmt":"2022-02-15T13:36:31","guid":{"rendered":"https:\/\/paracambi.rj.gov.br\/sites\/villa-lobos\/?page_id=373"},"modified":"2022-03-29T07:33:00","modified_gmt":"2022-03-29T10:33:00","slug":"canto","status":"publish","type":"page","link":"https:\/\/paracambi.rj.gov.br\/sites\/villa-lobos\/canto\/","title":{"rendered":"Canto"},"content":{"rendered":"\n<figure class=\"wp-block-image size-medium\"><img data-recalc-dims=\"1\" decoding=\"async\" width=\"300\" height=\"163\" data-attachment-id=\"1302\" data-permalink=\"https:\/\/paracambi.rj.gov.br\/sites\/villa-lobos\/canto\/canto-2\/\" data-orig-file=\"https:\/\/i0.wp.com\/paracambi.rj.gov.br\/sites\/villa-lobos\/wp-content\/uploads\/sites\/3\/2022\/03\/Canto.jpg?fit=500%2C271&amp;ssl=1\" data-orig-size=\"500,271\" data-comments-opened=\"1\" data-image-meta=\"{&quot;aperture&quot;:&quot;0&quot;,&quot;credit&quot;:&quot;&quot;,&quot;camera&quot;:&quot;&quot;,&quot;caption&quot;:&quot;&quot;,&quot;created_timestamp&quot;:&quot;0&quot;,&quot;copyright&quot;:&quot;&quot;,&quot;focal_length&quot;:&quot;0&quot;,&quot;iso&quot;:&quot;0&quot;,&quot;shutter_speed&quot;:&quot;0&quot;,&quot;title&quot;:&quot;&quot;,&quot;orientation&quot;:&quot;0&quot;}\" data-image-title=\"Canto\" data-image-description=\"\" data-image-caption=\"\" data-medium-file=\"https:\/\/i0.wp.com\/paracambi.rj.gov.br\/sites\/villa-lobos\/wp-content\/uploads\/sites\/3\/2022\/03\/Canto.jpg?fit=300%2C163&amp;ssl=1\" data-large-file=\"https:\/\/i0.wp.com\/paracambi.rj.gov.br\/sites\/villa-lobos\/wp-content\/uploads\/sites\/3\/2022\/03\/Canto.jpg?fit=500%2C271&amp;ssl=1\" src=\"https:\/\/i0.wp.com\/paracambi.rj.gov.br\/sites\/villa-lobos\/wp-content\/uploads\/sites\/3\/2022\/03\/Canto.jpg?resize=300%2C163&#038;ssl=1\" alt=\"\" class=\"wp-image-1302\" srcset=\"https:\/\/i0.wp.com\/paracambi.rj.gov.br\/sites\/villa-lobos\/wp-content\/uploads\/sites\/3\/2022\/03\/Canto.jpg?resize=300%2C163&amp;ssl=1 300w, https:\/\/i0.wp.com\/paracambi.rj.gov.br\/sites\/villa-lobos\/wp-content\/uploads\/sites\/3\/2022\/03\/Canto.jpg?w=500&amp;ssl=1 500w\" sizes=\"(max-width: 300px) 100vw, 300px\" \/><\/figure>\n\n\n\n<p class=\"has-text-align-justify\" style=\"font-size:16px\">          Canto \u00e9 o ato de produzir sons musicais utilizando a voz, variando a altura de acordo com a melodia e o ritmo. Aquele que executa o canto ou, simplesmente, canta, \u00e9 chamado de cantor (ou cantora). O cantor que est\u00e1 \u00e0 frente de uma banda de m\u00fasica popular \u00e9, comumente, chamado de vocalista. Os cantores apresentam m\u00fasicas, que podem ser cantadas com acompanhamento de instrumentos musicais ou a cappella. O canto pode ser praticado \u201csolo\u201d ou em duetos, trios, quartetos, etc.. O cantor que canta &#8220;solo&#8221; \u00e9 chamado de solista. Pode tamb\u00e9m ser praticado em grupo, como num coro em un\u00edssono ou composto por diferentes naipes. Em muitos aspectos, o canto \u00e9 uma forma de fala \u201csustentada\u201d. Pode ser formal ou informal, arranjado ou improvisado. Pode ser praticado por lazer, por ritual, na pr\u00e1tica educacional ou profissionalmente. A excel\u00eancia no canto requer tempo, dedica\u00e7\u00e3o, instru\u00e7\u00e3o e pr\u00e1tica regular. Nesse caso, a voz fica mais clara, forte e male\u00e1vel. Os cantores profissionais, normalmente, constroem suas carreiras num g\u00eanero espec\u00edfico, como erudito ou popular. Ensaiam, constantemente, com professores de canto, pianistas repassadores, \u201ccoaches\u201d e regentes, ao longo da carreira.<\/p>\n\n\n\n<p class=\"has-text-align-justify\" style=\"font-size:16px\">          Em seu aspecto f\u00edsico, o canto tem uma t\u00e9cnica bem definida que depende do uso dos pulm\u00f5es, que agem como uma fonte de ar; do diafragma, que age como um fole; das pregas vocais, localizadas na laringe, que atuam como um instrumento de palheta, ao vibrar com a passagem do ar; do espa\u00e7o interno da boca, t\u00f3rax e cavidades da cabe\u00e7a, que t\u00eam a fun\u00e7\u00e3o de um amplificador, como um tubo num instrumento de sopro; e da l\u00edngua, que, juntamente com o palato, dentes e l\u00e1bios, articulam e imp\u00f5em consoantes e vogais ao som amplificado. Embora estes quatro mecanismos funcionem de forma independente, s\u00e3o, no entanto, coordenados no estabelecimento de uma t\u00e9cnica vocal e s\u00e3o feitos para interagir uns sobre os outros.<\/p>\n\n\n\n<p class=\"has-text-align-justify\" style=\"font-size:16px\">          O som da voz cantada de cada indiv\u00edduo \u00e9 totalmente \u00fanico, n\u00e3o s\u00f3 por causa da forma e tamanho real das pregas ou cordas vocais, mas tamb\u00e9m devido ao tamanho e forma do restante do corpo. Os seres humanos t\u00eam pregas vocais que podem afrouxar, apertar ou alterar a sua espessura e sobre as quais a respira\u00e7\u00e3o pode ser transferida sob press\u00f5es variadas. A forma do t\u00f3rax e pesco\u00e7o, a posi\u00e7\u00e3o da l\u00edngua, e a tens\u00e3o dos m\u00fasculos de outra forma n\u00e3o relacionados podem ser alterados. Qualquer uma destas a\u00e7\u00f5es podem causar mudan\u00e7a na altura, intensidade, timbre ou no volume do som produzido. O som tamb\u00e9m vibra dentro de diferentes partes do corpo e o tamanho e estrutura \u00f3ssea de um indiv\u00edduo pode afetar o som produzido. Cantores tamb\u00e9m podem aprender a projetar o som de maneira que ele ressoe melhor dentro do trato vocal. Isto \u00e9 conhecido como resson\u00e2ncia.<\/p>\n\n\n\n<p class=\"has-text-align-right\"><a href=\"https:\/\/paracambi.rj.gov.br\/sites\/villa-lobos\/baixo\/\">Voltar<\/a> <a href=\"https:\/\/paracambi.rj.gov.br\/sites\/villa-lobos\/cavaco\/\">Pr\u00f3ximo<\/a><\/p>\n","protected":false},"excerpt":{"rendered":"<p>Canto \u00e9 o ato de produzir sons musicais utilizando a voz, variando a altura de acordo com a melodia e<\/p>\n","protected":false},"author":3,"featured_media":0,"parent":0,"menu_order":0,"comment_status":"closed","ping_status":"closed","template":"","meta":{"colormag_page_container_layout":"default_layout","colormag_page_sidebar_layout":"default_layout","footnotes":""},"class_list":["post-373","page","type-page","status-publish","hentry"],"_links":{"self":[{"href":"https:\/\/paracambi.rj.gov.br\/sites\/villa-lobos\/wp-json\/wp\/v2\/pages\/373","targetHints":{"allow":["GET"]}}],"collection":[{"href":"https:\/\/paracambi.rj.gov.br\/sites\/villa-lobos\/wp-json\/wp\/v2\/pages"}],"about":[{"href":"https:\/\/paracambi.rj.gov.br\/sites\/villa-lobos\/wp-json\/wp\/v2\/types\/page"}],"author":[{"embeddable":true,"href":"https:\/\/paracambi.rj.gov.br\/sites\/villa-lobos\/wp-json\/wp\/v2\/users\/3"}],"replies":[{"embeddable":true,"href":"https:\/\/paracambi.rj.gov.br\/sites\/villa-lobos\/wp-json\/wp\/v2\/comments?post=373"}],"version-history":[{"count":14,"href":"https:\/\/paracambi.rj.gov.br\/sites\/villa-lobos\/wp-json\/wp\/v2\/pages\/373\/revisions"}],"predecessor-version":[{"id":1313,"href":"https:\/\/paracambi.rj.gov.br\/sites\/villa-lobos\/wp-json\/wp\/v2\/pages\/373\/revisions\/1313"}],"wp:attachment":[{"href":"https:\/\/paracambi.rj.gov.br\/sites\/villa-lobos\/wp-json\/wp\/v2\/media?parent=373"}],"curies":[{"name":"wp","href":"https:\/\/api.w.org\/{rel}","templated":true}]}}