{"id":374,"date":"2022-02-15T10:36:31","date_gmt":"2022-02-15T13:36:31","guid":{"rendered":"https:\/\/paracambi.rj.gov.br\/sites\/villa-lobos\/?page_id=374"},"modified":"2022-03-29T07:37:16","modified_gmt":"2022-03-29T10:37:16","slug":"cavaco","status":"publish","type":"page","link":"https:\/\/paracambi.rj.gov.br\/sites\/villa-lobos\/cavaco\/","title":{"rendered":"Cavaco"},"content":{"rendered":"\n<figure class=\"wp-block-image size-medium\"><img data-recalc-dims=\"1\" fetchpriority=\"high\" decoding=\"async\" width=\"300\" height=\"300\" data-attachment-id=\"1209\" data-permalink=\"https:\/\/paracambi.rj.gov.br\/sites\/villa-lobos\/cavaco\/cavaco-2\/\" data-orig-file=\"https:\/\/i0.wp.com\/paracambi.rj.gov.br\/sites\/villa-lobos\/wp-content\/uploads\/sites\/3\/2022\/03\/Cavaco.jpg?fit=1000%2C1000&amp;ssl=1\" data-orig-size=\"1000,1000\" data-comments-opened=\"1\" data-image-meta=\"{&quot;aperture&quot;:&quot;0&quot;,&quot;credit&quot;:&quot;&quot;,&quot;camera&quot;:&quot;&quot;,&quot;caption&quot;:&quot;&quot;,&quot;created_timestamp&quot;:&quot;0&quot;,&quot;copyright&quot;:&quot;&quot;,&quot;focal_length&quot;:&quot;0&quot;,&quot;iso&quot;:&quot;0&quot;,&quot;shutter_speed&quot;:&quot;0&quot;,&quot;title&quot;:&quot;&quot;,&quot;orientation&quot;:&quot;0&quot;}\" data-image-title=\"Cavaco\" data-image-description=\"\" data-image-caption=\"\" data-medium-file=\"https:\/\/i0.wp.com\/paracambi.rj.gov.br\/sites\/villa-lobos\/wp-content\/uploads\/sites\/3\/2022\/03\/Cavaco.jpg?fit=300%2C300&amp;ssl=1\" data-large-file=\"https:\/\/i0.wp.com\/paracambi.rj.gov.br\/sites\/villa-lobos\/wp-content\/uploads\/sites\/3\/2022\/03\/Cavaco.jpg?fit=800%2C800&amp;ssl=1\" src=\"https:\/\/i0.wp.com\/paracambi.rj.gov.br\/sites\/villa-lobos\/wp-content\/uploads\/sites\/3\/2022\/03\/Cavaco.jpg?resize=300%2C300&#038;ssl=1\" alt=\"\" class=\"wp-image-1209\" srcset=\"https:\/\/i0.wp.com\/paracambi.rj.gov.br\/sites\/villa-lobos\/wp-content\/uploads\/sites\/3\/2022\/03\/Cavaco.jpg?resize=300%2C300&amp;ssl=1 300w, https:\/\/i0.wp.com\/paracambi.rj.gov.br\/sites\/villa-lobos\/wp-content\/uploads\/sites\/3\/2022\/03\/Cavaco.jpg?resize=150%2C150&amp;ssl=1 150w, https:\/\/i0.wp.com\/paracambi.rj.gov.br\/sites\/villa-lobos\/wp-content\/uploads\/sites\/3\/2022\/03\/Cavaco.jpg?resize=768%2C768&amp;ssl=1 768w, https:\/\/i0.wp.com\/paracambi.rj.gov.br\/sites\/villa-lobos\/wp-content\/uploads\/sites\/3\/2022\/03\/Cavaco.jpg?w=1000&amp;ssl=1 1000w\" sizes=\"(max-width: 300px) 100vw, 300px\" \/><\/figure>\n\n\n\n<p><\/p>\n\n\n\n<p class=\"has-text-align-justify\" style=\"font-size:16px\">          O cavaquinho \u00e9 um instrumento musical de cordas (cordofone) origin\u00e1rio da prov\u00edncia portuguesa de minho, que mais tarde foi amplamente introduzido na cultura popular de Braga pelos nobres biscainhos, de onde foi posteriormente levado \u00e0 outras regi\u00f5es, como: Brasil, Cabo Verde, Mo\u00e7ambique, Hava\u00ed e Madeira. \u00c9 formado por um corpo oco e chato, em forma de oito, tem um bra\u00e7o que possui trastes que o torna um instrumento temperado, composto de quatro cordas (de tripa ou com materiais sint\u00e9ticos como nylon, nylgut, fluorocarbono), com 12 trastes na forma original o cavaquinho tem uma afina\u00e7\u00e3o pr\u00f3pria da cidade de Braga que \u00e9 r\u00e9-l\u00e1-si-mi. No entanto, as suas quatro cordas de tripa ou de metal, s\u00e3o tamb\u00e9m afinadas em r\u00e9-si-sol-sol, mi-d\u00f3#-l\u00e1-l\u00e1, mi-r\u00e9-si-sol, no Brasil como r\u00e9-si-sol-r\u00e9 ou, mais raramente, em mi-si-sol-r\u00e9 conforme o pa\u00eds onde \u00e9 utilizado e de acordo com os costumes etnogr\u00e1ficos de cada regi\u00e3o portuguesa. J\u00falio Pereira, um dos m\u00fasicos portugueses mais renomados da atualidade, tem ajudado na divulga\u00e7\u00e3o do cavaquinho como instrumento pleno de versatilidade e que tem dado frutos.<\/p>\n\n\n\n<p class=\"has-text-align-justify\" style=\"font-size:16px\">          No Brasil este instrumento \u00e9 usado nas congadas e forma, junto com o bandolim, a flauta, o viol\u00e3o de 7 cordas, o viol\u00e3o de 6 cordas e o pandeiro os conjuntos regionais para a execu\u00e7\u00e3o de choros. Waldir Azevedo foi possivelmente o mais conhecido m\u00fasico deste instrumento no Brasil, nas d\u00e9cadas de 60 a 80, no dom\u00ednio da m\u00fasica instrumental, o choro. Em d\u00e9cadas anteriores, um influente int\u00e9rprete do cavaquinho foi Augusto Sardinha, popularmente conhecido como Garoto. Considerado, ainda em vida deste, como seu sucessor, o m\u00fasico paulista Roberto Barbosa, mais conhecido por Canhotinho, \u00e9 hoje considerado uma das principais refer\u00eancias no instrumento, por ter aprimorado a t\u00e9cnica deixada por Waldir Azevedo. <\/p>\n\n\n\n<p class=\"has-text-align-justify\" style=\"font-size:16px\">          Canhotinho \u00e9 h\u00e1 cerca de 40 anos o arranjador do renomado conjunto de samba Dem\u00f4nios da Garoa. Outros tocadores not\u00e1veis deste instrumento s\u00e3o Dudu Nobre, Salgadinho, Mauro Diniz, Alceu Maia e Arlindo Cruz, conhecidos na cena do samba e do pagode Brasileiro. As ilhas do Hawaii t\u00eam um instrumento baseado no cavaquinho chamado ukulele, tamb\u00e9m com quatro cordas e um formato semelhante ao do cavaquinho, que se julga ser uma altera\u00e7\u00e3o do cavaquinho, levado por emigrantes portugueses em 1879. A navega\u00e7\u00e3o portuguesa tamb\u00e9m levou o cavaquinho para a Indon\u00e9sia. Sua adapta\u00e7\u00e3o local ganhou o nome de kroncong, nome tamb\u00e9m dado a um estilo musical com influ\u00eancias do fado e criado no s\u00e9culo XVI por escravos libertados.<\/p>\n\n\n\n<p class=\"has-text-align-right\"><a href=\"https:\/\/paracambi.rj.gov.br\/sites\/villa-lobos\/canto\/\">Voltar<\/a> <a href=\"https:\/\/paracambi.rj.gov.br\/sites\/villa-lobos\/clarineta\/\">Pr\u00f3ximo<\/a><\/p>\n","protected":false},"excerpt":{"rendered":"<p>O cavaquinho \u00e9 um instrumento musical de cordas (cordofone) origin\u00e1rio da prov\u00edncia portuguesa de minho, que mais tarde foi amplamente<\/p>\n","protected":false},"author":3,"featured_media":0,"parent":0,"menu_order":0,"comment_status":"closed","ping_status":"closed","template":"","meta":{"colormag_page_container_layout":"default_layout","colormag_page_sidebar_layout":"default_layout","footnotes":""},"class_list":["post-374","page","type-page","status-publish","hentry"],"_links":{"self":[{"href":"https:\/\/paracambi.rj.gov.br\/sites\/villa-lobos\/wp-json\/wp\/v2\/pages\/374","targetHints":{"allow":["GET"]}}],"collection":[{"href":"https:\/\/paracambi.rj.gov.br\/sites\/villa-lobos\/wp-json\/wp\/v2\/pages"}],"about":[{"href":"https:\/\/paracambi.rj.gov.br\/sites\/villa-lobos\/wp-json\/wp\/v2\/types\/page"}],"author":[{"embeddable":true,"href":"https:\/\/paracambi.rj.gov.br\/sites\/villa-lobos\/wp-json\/wp\/v2\/users\/3"}],"replies":[{"embeddable":true,"href":"https:\/\/paracambi.rj.gov.br\/sites\/villa-lobos\/wp-json\/wp\/v2\/comments?post=374"}],"version-history":[{"count":5,"href":"https:\/\/paracambi.rj.gov.br\/sites\/villa-lobos\/wp-json\/wp\/v2\/pages\/374\/revisions"}],"predecessor-version":[{"id":1316,"href":"https:\/\/paracambi.rj.gov.br\/sites\/villa-lobos\/wp-json\/wp\/v2\/pages\/374\/revisions\/1316"}],"wp:attachment":[{"href":"https:\/\/paracambi.rj.gov.br\/sites\/villa-lobos\/wp-json\/wp\/v2\/media?parent=374"}],"curies":[{"name":"wp","href":"https:\/\/api.w.org\/{rel}","templated":true}]}}