{"id":375,"date":"2022-02-15T10:36:31","date_gmt":"2022-02-15T13:36:31","guid":{"rendered":"https:\/\/paracambi.rj.gov.br\/sites\/villa-lobos\/?page_id=375"},"modified":"2022-03-31T06:35:59","modified_gmt":"2022-03-31T09:35:59","slug":"clarineta","status":"publish","type":"page","link":"https:\/\/paracambi.rj.gov.br\/sites\/villa-lobos\/clarineta\/","title":{"rendered":"Clarineta"},"content":{"rendered":"\n<figure class=\"wp-block-image size-medium\"><img data-recalc-dims=\"1\" decoding=\"async\" width=\"300\" height=\"158\" data-attachment-id=\"1211\" data-permalink=\"https:\/\/paracambi.rj.gov.br\/sites\/villa-lobos\/clarineta\/clarinete\/\" data-orig-file=\"https:\/\/i0.wp.com\/paracambi.rj.gov.br\/sites\/villa-lobos\/wp-content\/uploads\/sites\/3\/2022\/03\/Clarinete.png?fit=640%2C337&amp;ssl=1\" data-orig-size=\"640,337\" data-comments-opened=\"1\" data-image-meta=\"{&quot;aperture&quot;:&quot;0&quot;,&quot;credit&quot;:&quot;&quot;,&quot;camera&quot;:&quot;&quot;,&quot;caption&quot;:&quot;&quot;,&quot;created_timestamp&quot;:&quot;0&quot;,&quot;copyright&quot;:&quot;&quot;,&quot;focal_length&quot;:&quot;0&quot;,&quot;iso&quot;:&quot;0&quot;,&quot;shutter_speed&quot;:&quot;0&quot;,&quot;title&quot;:&quot;&quot;,&quot;orientation&quot;:&quot;0&quot;}\" data-image-title=\"Clarinete\" data-image-description=\"\" data-image-caption=\"\" data-medium-file=\"https:\/\/i0.wp.com\/paracambi.rj.gov.br\/sites\/villa-lobos\/wp-content\/uploads\/sites\/3\/2022\/03\/Clarinete.png?fit=300%2C158&amp;ssl=1\" data-large-file=\"https:\/\/i0.wp.com\/paracambi.rj.gov.br\/sites\/villa-lobos\/wp-content\/uploads\/sites\/3\/2022\/03\/Clarinete.png?fit=640%2C337&amp;ssl=1\" src=\"https:\/\/i0.wp.com\/paracambi.rj.gov.br\/sites\/villa-lobos\/wp-content\/uploads\/sites\/3\/2022\/03\/Clarinete.png?resize=300%2C158&#038;ssl=1\" alt=\"\" class=\"wp-image-1211\" srcset=\"https:\/\/i0.wp.com\/paracambi.rj.gov.br\/sites\/villa-lobos\/wp-content\/uploads\/sites\/3\/2022\/03\/Clarinete.png?resize=300%2C158&amp;ssl=1 300w, https:\/\/i0.wp.com\/paracambi.rj.gov.br\/sites\/villa-lobos\/wp-content\/uploads\/sites\/3\/2022\/03\/Clarinete.png?resize=390%2C205&amp;ssl=1 390w, https:\/\/i0.wp.com\/paracambi.rj.gov.br\/sites\/villa-lobos\/wp-content\/uploads\/sites\/3\/2022\/03\/Clarinete.png?w=640&amp;ssl=1 640w\" sizes=\"(max-width: 300px) 100vw, 300px\" \/><\/figure>\n\n\n\n<p class=\"has-text-align-justify\">O clarinete, ou clarineta, \u00e9 um instrumento musical de sopro constitu\u00eddo por um tubo cil\u00edndrico, geralmente de madeira (h\u00e1 modelos de outros materiais), com uma boquilha c\u00f3nica de palheta simples e chaves (hastes met\u00e1licas, ligadas a tampas para alcan\u00e7ar orif\u00edcios aos quais os dedos n\u00e3o chegam naturalmente). Possui quatro registros: grave (Chalumeau), m\u00e9dio, agudo e super-agudo. Quem toca o clarinete \u00e9 chamado de clarinetista<\/p>\n\n\n\n<p class=\"has-text-align-justify\">O clarinete descende do chalumeau, instrumento bastante popular na Fran\u00e7a pelo menos desde a Idade M\u00e9dia. Em 1690, Johann Christoph Denner, charamelista, alem\u00e3o, acrescentou \u00e0 sua charamela uma chave para o polegar da m\u00e3o esquerda, para que assim pudesse tocar numa abertura, o que lhe trouxe mais possibilidades sonoras. Surgiu, assim, o clarinete contempor\u00e2neo. Introduzido nas orquestras em 1750, foi um dos \u00faltimos instrumentos de sopro incorporados \u00e0 forma\u00e7\u00e3o orquestral moderna. O Clarinete \u00e9 usado at\u00e9 hoje nas maiores orquestras do mundo.<\/p>\n\n\n\n<p class=\"has-text-align-justify\"><strong>Tipos de Clarinete<\/strong>:<\/p>\n\n\n\n<ul class=\"wp-block-list\"><li><strong><strong>Clarinete Sopranino em L\u00e1<\/strong>\u00a0&#8211; <\/strong>uma sexta mais aguda que o Clarinete Soprano, conhecido tamb\u00e9m por\u00a0<em>Sextino<\/em>\u00a0ou\u00a0<em>Requinta<\/em>\u00a0em L\u00e1\u266d.<\/li><li><strong><strong>Clarinete Sopranino em Mi\u266d<\/strong>\u00a0&#8211; <\/strong>uma quarta mais aguda que o Clarinete Soprano, conhecido como\u00a0<em>Requinta<\/em>\u00a0ou\u00a0<em>Quartino<\/em>.<\/li><li><strong><strong>Clarinete Sopranino em R\u00e9<\/strong>\u00a0&#8211; <\/strong>uma quinta mais aguda que o Clarinete Soprano, conhecido como\u00a0Requinta.\u00a0Esta requinta \u00e9 antiga e incomum nos dias de hoje.<\/li><li><strong>Clarinete Soprano<\/strong>\u00a0&#8211; o mais comum &#8211; geralmente afinado em D\u00f3, Si\u266d ou L\u00e1, escrito em muitas partituras como\u00a0<em><strong>Clarino<\/strong><\/em>.<\/li><li><strong>Clarinete Alto em Mi\u266d<\/strong>\u00a0&#8211; uma oitava abaixo da Requinta.<\/li><li><strong>Clarinete Alto em F\u00e1<\/strong>\u00a0&#8211; Conhecido por\u00a0<em><strong>Cor de basset<\/strong><\/em>\u00a0ou\u00a0<strong><em>Corno di Basset<\/em>o<\/strong>.<\/li><li><strong>Clarinete Baixo em Si\u266d<\/strong>\u00a0&#8211; uma oitava mais grave que o Clarinete Soprano.<\/li><li><strong>Clarinete Contra Alto em Mi\u266d<\/strong>\u00a0&#8211; uma oitava mais grave que o Clarinete Alto.<\/li><li><strong>Clarinete Contra Baixo em Si\u266d<\/strong>\u00a0&#8211; uma oitava mais grave que o Clarinete Baixo.<\/li><li><strong>Clarinete Octo contra Baixo em Si\u266d<\/strong>\u00a0&#8211; tr\u00eas oitavas mais graves que o clarinete soprano.<\/li><\/ul>\n\n\n\n<p class=\"has-text-align-right\"><a href=\"https:\/\/paracambi.rj.gov.br\/sites\/villa-lobos\/cavaco\/\">Voltar<\/a> <a href=\"https:\/\/paracambi.rj.gov.br\/sites\/villa-lobos\/flauta-transversal\/\">Pr\u00f3ximo<\/a><\/p>\n","protected":false},"excerpt":{"rendered":"<p>O clarinete, ou clarineta, \u00e9 um instrumento musical de sopro constitu\u00eddo por um tubo cil\u00edndrico, geralmente de madeira (h\u00e1 modelos<\/p>\n","protected":false},"author":3,"featured_media":0,"parent":0,"menu_order":0,"comment_status":"closed","ping_status":"closed","template":"","meta":{"colormag_page_container_layout":"default_layout","colormag_page_sidebar_layout":"default_layout","footnotes":""},"class_list":["post-375","page","type-page","status-publish","hentry"],"_links":{"self":[{"href":"https:\/\/paracambi.rj.gov.br\/sites\/villa-lobos\/wp-json\/wp\/v2\/pages\/375","targetHints":{"allow":["GET"]}}],"collection":[{"href":"https:\/\/paracambi.rj.gov.br\/sites\/villa-lobos\/wp-json\/wp\/v2\/pages"}],"about":[{"href":"https:\/\/paracambi.rj.gov.br\/sites\/villa-lobos\/wp-json\/wp\/v2\/types\/page"}],"author":[{"embeddable":true,"href":"https:\/\/paracambi.rj.gov.br\/sites\/villa-lobos\/wp-json\/wp\/v2\/users\/3"}],"replies":[{"embeddable":true,"href":"https:\/\/paracambi.rj.gov.br\/sites\/villa-lobos\/wp-json\/wp\/v2\/comments?post=375"}],"version-history":[{"count":8,"href":"https:\/\/paracambi.rj.gov.br\/sites\/villa-lobos\/wp-json\/wp\/v2\/pages\/375\/revisions"}],"predecessor-version":[{"id":1422,"href":"https:\/\/paracambi.rj.gov.br\/sites\/villa-lobos\/wp-json\/wp\/v2\/pages\/375\/revisions\/1422"}],"wp:attachment":[{"href":"https:\/\/paracambi.rj.gov.br\/sites\/villa-lobos\/wp-json\/wp\/v2\/media?parent=375"}],"curies":[{"name":"wp","href":"https:\/\/api.w.org\/{rel}","templated":true}]}}