{"id":377,"date":"2022-02-15T10:36:31","date_gmt":"2022-02-15T13:36:31","guid":{"rendered":"https:\/\/paracambi.rj.gov.br\/sites\/villa-lobos\/?page_id=377"},"modified":"2022-03-29T07:42:02","modified_gmt":"2022-03-29T10:42:02","slug":"guitarra","status":"publish","type":"page","link":"https:\/\/paracambi.rj.gov.br\/sites\/villa-lobos\/guitarra\/","title":{"rendered":"Guitarra"},"content":{"rendered":"\n<figure class=\"wp-block-image size-medium\"><img data-recalc-dims=\"1\" fetchpriority=\"high\" decoding=\"async\" width=\"300\" height=\"300\" data-attachment-id=\"1218\" data-permalink=\"https:\/\/paracambi.rj.gov.br\/sites\/villa-lobos\/guitarra\/guitarra-2\/\" data-orig-file=\"https:\/\/i0.wp.com\/paracambi.rj.gov.br\/sites\/villa-lobos\/wp-content\/uploads\/sites\/3\/2022\/03\/Guitarra.webp?fit=500%2C500&amp;ssl=1\" data-orig-size=\"500,500\" data-comments-opened=\"1\" data-image-meta=\"{&quot;aperture&quot;:&quot;0&quot;,&quot;credit&quot;:&quot;&quot;,&quot;camera&quot;:&quot;&quot;,&quot;caption&quot;:&quot;&quot;,&quot;created_timestamp&quot;:&quot;0&quot;,&quot;copyright&quot;:&quot;&quot;,&quot;focal_length&quot;:&quot;0&quot;,&quot;iso&quot;:&quot;0&quot;,&quot;shutter_speed&quot;:&quot;0&quot;,&quot;title&quot;:&quot;&quot;,&quot;orientation&quot;:&quot;0&quot;}\" data-image-title=\"Guitarra\" data-image-description=\"\" data-image-caption=\"\" data-medium-file=\"https:\/\/i0.wp.com\/paracambi.rj.gov.br\/sites\/villa-lobos\/wp-content\/uploads\/sites\/3\/2022\/03\/Guitarra.webp?fit=300%2C300&amp;ssl=1\" data-large-file=\"https:\/\/i0.wp.com\/paracambi.rj.gov.br\/sites\/villa-lobos\/wp-content\/uploads\/sites\/3\/2022\/03\/Guitarra.webp?fit=500%2C500&amp;ssl=1\" src=\"https:\/\/i0.wp.com\/paracambi.rj.gov.br\/sites\/villa-lobos\/wp-content\/uploads\/sites\/3\/2022\/03\/Guitarra.webp?resize=300%2C300&#038;ssl=1\" alt=\"\" class=\"wp-image-1218\" srcset=\"https:\/\/i0.wp.com\/paracambi.rj.gov.br\/sites\/villa-lobos\/wp-content\/uploads\/sites\/3\/2022\/03\/Guitarra.webp?resize=300%2C300&amp;ssl=1 300w, https:\/\/i0.wp.com\/paracambi.rj.gov.br\/sites\/villa-lobos\/wp-content\/uploads\/sites\/3\/2022\/03\/Guitarra.webp?resize=150%2C150&amp;ssl=1 150w, https:\/\/i0.wp.com\/paracambi.rj.gov.br\/sites\/villa-lobos\/wp-content\/uploads\/sites\/3\/2022\/03\/Guitarra.webp?w=500&amp;ssl=1 500w\" sizes=\"(max-width: 300px) 100vw, 300px\" \/><\/figure>\n\n\n\n<p class=\"has-text-align-justify\" style=\"font-size:16px\">Guitarra refere-se a uma s\u00e9rie de instrumentos de cordas dedilhadas, ou instrumentos cordofones que possuem bra\u00e7o e caixa de resson\u00e2ncia cujas cordas s\u00e3o beliscadas. S\u00e3o formados geralmente por 6 a 12 cordas tensionadas ao longo do bra\u00e7o do instrumento, permitindo ao executante controlar a altura da nota produzida, e possuem um corpo com formato aproximado de um 8 (tamb\u00e9m existam em outros formatos).<\/p>\n\n\n\n<p class=\"has-text-align-justify\" style=\"font-size:16px\">Existem a vers\u00e3o ac\u00fastica, que possui caixa de resson\u00e2ncia, e a vers\u00e3o el\u00e9trica, que podem ou n\u00e3o possuir caixa de resson\u00e2ncia, mas utilizam captadores e amplificadores para aumentar a intensidade sonora do instrumento. As guitarras, bem como a maior parte dos instrumentos de cordas, s\u00e3o constru\u00eddas por um luthier. O musicista que a executa \u00e9 chamado guitarrista.<\/p>\n\n\n\n<p class=\"has-text-align-justify\" style=\"font-size:16px\">Instrumentos similares aos que hoje chamamos de guitarras existem ao menos h\u00e1 5 mil anos. A guitarra parece derivar de outros instrumentos existentes anteriormente na \u00c1sia Central. Instrumentos muito similares \u00e0 guitarra aparecem em antigos altos-relevos e est\u00e1tuas descobertas em Susa, na P\u00e9rsia (atualmente no Ir\u00e3).<\/p>\n\n\n\n<p class=\"has-text-align-justify\" style=\"font-size:16px\">Esse instrumento se assemelhava \u00e0 lira e posteriormente foram acontecendo as seguintes transforma\u00e7\u00f5es: os seus bra\u00e7os dispostos da forma da lira foram se unindo, formando uma caixa ac\u00fastica, \u00e0 qual foi acrescentado um bra\u00e7o de tr\u00eas cravelhas e tr\u00eas cordas, e a esse bra\u00e7o foram feitas divis\u00f5es transversais (trastes).<\/p>\n\n\n\n<p class=\"has-text-align-right\"><a href=\"https:\/\/paracambi.rj.gov.br\/sites\/villa-lobos\/flauta-transversal\/\">Voltar<\/a> <a href=\"https:\/\/paracambi.rj.gov.br\/sites\/villa-lobos\/piano\/\">Pr\u00f3ximo<\/a><\/p>\n","protected":false},"excerpt":{"rendered":"<p>Guitarra refere-se a uma s\u00e9rie de instrumentos de cordas dedilhadas, ou instrumentos cordofones que possuem bra\u00e7o e caixa de resson\u00e2ncia<\/p>\n","protected":false},"author":3,"featured_media":0,"parent":0,"menu_order":0,"comment_status":"closed","ping_status":"closed","template":"","meta":{"colormag_page_container_layout":"default_layout","colormag_page_sidebar_layout":"default_layout","footnotes":""},"class_list":["post-377","page","type-page","status-publish","hentry"],"_links":{"self":[{"href":"https:\/\/paracambi.rj.gov.br\/sites\/villa-lobos\/wp-json\/wp\/v2\/pages\/377","targetHints":{"allow":["GET"]}}],"collection":[{"href":"https:\/\/paracambi.rj.gov.br\/sites\/villa-lobos\/wp-json\/wp\/v2\/pages"}],"about":[{"href":"https:\/\/paracambi.rj.gov.br\/sites\/villa-lobos\/wp-json\/wp\/v2\/types\/page"}],"author":[{"embeddable":true,"href":"https:\/\/paracambi.rj.gov.br\/sites\/villa-lobos\/wp-json\/wp\/v2\/users\/3"}],"replies":[{"embeddable":true,"href":"https:\/\/paracambi.rj.gov.br\/sites\/villa-lobos\/wp-json\/wp\/v2\/comments?post=377"}],"version-history":[{"count":6,"href":"https:\/\/paracambi.rj.gov.br\/sites\/villa-lobos\/wp-json\/wp\/v2\/pages\/377\/revisions"}],"predecessor-version":[{"id":1321,"href":"https:\/\/paracambi.rj.gov.br\/sites\/villa-lobos\/wp-json\/wp\/v2\/pages\/377\/revisions\/1321"}],"wp:attachment":[{"href":"https:\/\/paracambi.rj.gov.br\/sites\/villa-lobos\/wp-json\/wp\/v2\/media?parent=377"}],"curies":[{"name":"wp","href":"https:\/\/api.w.org\/{rel}","templated":true}]}}