{"id":380,"date":"2022-02-15T10:36:31","date_gmt":"2022-02-15T13:36:31","guid":{"rendered":"https:\/\/paracambi.rj.gov.br\/sites\/villa-lobos\/?page_id=380"},"modified":"2022-03-31T06:23:07","modified_gmt":"2022-03-31T09:23:07","slug":"teclado","status":"publish","type":"page","link":"https:\/\/paracambi.rj.gov.br\/sites\/villa-lobos\/teclado\/","title":{"rendered":"Teclado"},"content":{"rendered":"\n<figure class=\"wp-block-image size-medium\"><img data-recalc-dims=\"1\" fetchpriority=\"high\" decoding=\"async\" width=\"300\" height=\"200\" data-attachment-id=\"1271\" data-permalink=\"https:\/\/paracambi.rj.gov.br\/sites\/villa-lobos\/teclado\/teclado-3\/\" data-orig-file=\"https:\/\/i0.wp.com\/paracambi.rj.gov.br\/sites\/villa-lobos\/wp-content\/uploads\/sites\/3\/2022\/03\/Teclado.jpeg?fit=1225%2C817&amp;ssl=1\" data-orig-size=\"1225,817\" data-comments-opened=\"1\" data-image-meta=\"{&quot;aperture&quot;:&quot;0&quot;,&quot;credit&quot;:&quot;&quot;,&quot;camera&quot;:&quot;&quot;,&quot;caption&quot;:&quot;&quot;,&quot;created_timestamp&quot;:&quot;0&quot;,&quot;copyright&quot;:&quot;&quot;,&quot;focal_length&quot;:&quot;0&quot;,&quot;iso&quot;:&quot;0&quot;,&quot;shutter_speed&quot;:&quot;0&quot;,&quot;title&quot;:&quot;&quot;,&quot;orientation&quot;:&quot;0&quot;}\" data-image-title=\"Teclado\" data-image-description=\"\" data-image-caption=\"\" data-medium-file=\"https:\/\/i0.wp.com\/paracambi.rj.gov.br\/sites\/villa-lobos\/wp-content\/uploads\/sites\/3\/2022\/03\/Teclado.jpeg?fit=300%2C200&amp;ssl=1\" data-large-file=\"https:\/\/i0.wp.com\/paracambi.rj.gov.br\/sites\/villa-lobos\/wp-content\/uploads\/sites\/3\/2022\/03\/Teclado.jpeg?fit=800%2C534&amp;ssl=1\" src=\"https:\/\/i0.wp.com\/paracambi.rj.gov.br\/sites\/villa-lobos\/wp-content\/uploads\/sites\/3\/2022\/03\/Teclado.jpeg?resize=300%2C200&#038;ssl=1\" alt=\"\" class=\"wp-image-1271\" srcset=\"https:\/\/i0.wp.com\/paracambi.rj.gov.br\/sites\/villa-lobos\/wp-content\/uploads\/sites\/3\/2022\/03\/Teclado.jpeg?resize=300%2C200&amp;ssl=1 300w, https:\/\/i0.wp.com\/paracambi.rj.gov.br\/sites\/villa-lobos\/wp-content\/uploads\/sites\/3\/2022\/03\/Teclado.jpeg?resize=1024%2C683&amp;ssl=1 1024w, https:\/\/i0.wp.com\/paracambi.rj.gov.br\/sites\/villa-lobos\/wp-content\/uploads\/sites\/3\/2022\/03\/Teclado.jpeg?resize=768%2C512&amp;ssl=1 768w, https:\/\/i0.wp.com\/paracambi.rj.gov.br\/sites\/villa-lobos\/wp-content\/uploads\/sites\/3\/2022\/03\/Teclado.jpeg?w=1225&amp;ssl=1 1225w\" sizes=\"(max-width: 300px) 100vw, 300px\" \/><\/figure>\n\n\n\n<p class=\"has-text-align-justify\" style=\"font-size:16px\">O teclado \u00e9 um instrumento musical de teclas temperado, no qual se executam melodias e notas, formando uma harmonia. \u00c9 composto por um conjunto de teclas adjacentes pretas e brancas, que quando pressionadas produzem os sons. O m\u00fasico que executa instrumentos de teclado chama-se tecladista.<\/p>\n\n\n\n<p class=\"has-text-align-justify\" style=\"font-size:16px\">O n\u00famero de teclas nos teclados atuais pode variar de acordo com o fabricante, pois n\u00e3o h\u00e1 um padr\u00e3o, ainda que sejam bastante comuns as quantidades de 49, 61, 73, 76 e 88 teclas em instrumentos de v\u00e1rias marcas. Teclados arranjadores dom\u00e9sticos, por exemplo, de marcas como Yamaha e Casio, possuem 61 teclas (36 brancas e 25 pretas, abrangendo 5 oitavas, de D\u00f31 a D\u00f36). Sintetizadores como o Roland JP-8000 e o Clavia Nord Wave disp\u00f5em de 49 teclas (20 pretas e 29 brancas, cobrindo 4 oitavas, de D\u00f31 a D\u00f35).<\/p>\n\n\n\n<p class=\"has-text-align-justify\" style=\"font-size:16px\">Outros instrumentos, como os Roland D-70, A-37, Jupiter 80, o Yamaha DX-5 e o Korg N264, entre outros, possuem maior extens\u00e3o, atingindo 76 teclas (45 brancas e 31, com alcance de Mi-1 a Sol6). O n\u00famero de 88 teclas, padr\u00e3o em pianos ac\u00fasticos (L\u00e1-2 a D\u00f37), tamb\u00e9m \u00e9 utilizado em teclados eletr\u00f4nicos como os atuais pianos digitais. O dia do tecladista \u00e9 comemorado no dia 30 de abril, na mesma data em que se comemora o dia do pianista e o dia do Jazz.<\/p>\n\n\n\n<p class=\"has-text-align-justify\" style=\"font-size:16px\"><br><strong>Categorias:<\/strong><\/p>\n\n\n\n<p class=\"has-text-align-justify\"><strong>Arranjadores:<\/strong> S\u00e3o teclados com som pr\u00f3prio que possuem v\u00e1rias op\u00e7\u00f5es de timbres ou acompanhamentos musicais autom\u00e1ticos, no qual a mem\u00f3ria do teclado simula uma banda em diversos estilos musicais (pop, jazz, rock, balada, samba, bossa nova, dance, e muitos outros), onde se pode gravar, na mem\u00f3ria do teclado, timbres e acompanhamentos musicais por parte r\u00edtmica (bateria), baixo, strings, cordas (viol\u00e3o, guitarra), metais (trompete, trombone, etc. S\u00e3o mais utilizados por m\u00fasicos em solo (sem banda) ou por iniciantes, pelo fato de serem teclados mais baratos e sem alguns recursos profissionais, como edi\u00e7\u00e3o e adi\u00e7\u00e3o de efeitos em timbres e outros, recursos estes que est\u00e3o presentes em sintetizadores e principalmente em workstations. No mercado encontram-se predominantemente os modelos de 61 teclas.<\/p>\n\n\n\n<p class=\"has-text-align-justify\"><strong>Sintetizadores:<\/strong> Possuem recursos de edi\u00e7\u00e3o (filtragem, altera\u00e7\u00e3o de frequ\u00eancias, modula\u00e7\u00e3o, efeitos, etc.), por meio dos quais \u00e9 poss\u00edvel a cria\u00e7\u00e3o de novos sons. Os sintetizadores geralmente s\u00e3o destinados ao mercado de m\u00fasicos profissionais, e assim, estes instrumentos n\u00e3o possuem acompanhamento autom\u00e1tico (como nos arranjadores e workstations). Tamb\u00e9m n\u00e3o possuem alto-falantes pr\u00f3prios, e, via de regra, necessitam ser conectados a um equipamento de \u00e1udio externo para poderem emitir som, como um amplificador ou um mixer. Os primeiros sintetizadores, fabricados na d\u00e9cada de 1960, s\u00e3o hoje instrumentos raros e bastante valorizados, podendo atingir elevados pre\u00e7os no mercado.<\/p>\n\n\n\n<p class=\"has-text-align-justify\"><strong>Workstations:<\/strong> S\u00e3o os teclados mais completos, por possu\u00edrem as fun\u00e7\u00f5es das demais categorias de teclados. S\u00e3o caracter\u00edsticas dos workstations possu\u00edrem dispositivos de armazenamento de dados, como unidades de disquete, cart\u00f5es de mem\u00f3ria ou HDs, ou conex\u00f5es que permitem o armazenamento externo, como portas USB. Geralmente contam com extenso banco de timbres, permitem a s\u00edntese de sons e t\u00eam sequenciadores (para composi\u00e7\u00e3o, arranjos de partes musicais ou pe\u00e7as musicais completas). Alguns modelos mais atuais possuem tamb\u00e9m a fun\u00e7\u00e3o de sampler. S\u00e3o frequentemente usados em est\u00fadios e s\u00e3o destinados a m\u00fasicos mais profissionais. No mercado h\u00e1 op\u00e7\u00f5es de 76 e 88 teclas.<\/p>\n\n\n\n<p class=\"has-text-align-justify\"><strong>Teclados Controladores: <\/strong>S\u00e3o teclados que, na maioria das vezes, n\u00e3o possuem som pr\u00f3prio, pois t\u00eam a finalidade de controlar outros instrumentos atrav\u00e9s de MIDI (Interface Digital para Instrumentos Musicais). Estes teclados costumam ser usados para controlar m\u00f3dulos de som externos, baterias eletr\u00f4nicas, computadores, instrumentos virtuais (VSTi), entre outras aplica\u00e7\u00f5es.<\/p>\n\n\n\n<p class=\"has-text-align-justify\"><strong>Pianos Digitais:<\/strong> O piano digital \u00e9 um instrumento eletr\u00f4nico projetado para simular o piano ac\u00fastico, principalmente devido a duas caracter\u00edsticas: o design das teclas e a melhor qualidade na amostragem dos sons de piano. O nome \u201cpiano digital\u201d se deve ao tipo de tecnologia usada para reproduzir o som do piano, que \u00e9 digitalizado e armazenado na mem\u00f3ria do instrumento (sample playback). Os pianos digitais geralmente disp\u00f5em de uma pequena variedade de timbres: al\u00e9m do som de piano, alguns modelos oferecem amostras de cravo, piano el\u00e9trico, \u00f3rg\u00e3o ou cordas, por exemplo. N\u00e3o \u00e9 comum que pianos digitais possuam acompanhamentos r\u00edtmicos. A maioria dos modelos possuem teclados de 88 notas, que, al\u00e9m de igualar a tessitura do piano (L\u00e1-2 a D\u00f37), frequentemente disp\u00f5em de teclas projetadas para imitar as dimens\u00f5es, o formato e o peso dos teclados de madeira, como tamb\u00e9m um sistema que simula a a\u00e7\u00e3o do mecanismo de martelos do piano ac\u00fastico, com o intuito de conferir maior realismo.<\/p>\n\n\n\n<p class=\"has-text-align-right\"><a href=\"https:\/\/paracambi.rj.gov.br\/sites\/villa-lobos\/saxofone\/\">Voltar<\/a> <a href=\"https:\/\/paracambi.rj.gov.br\/sites\/villa-lobos\/trombone\/\">Pr\u00f3ximo<\/a><\/p>\n","protected":false},"excerpt":{"rendered":"<p>O teclado \u00e9 um instrumento musical de teclas temperado, no qual se executam melodias e notas, formando uma harmonia. \u00c9<\/p>\n","protected":false},"author":3,"featured_media":0,"parent":0,"menu_order":0,"comment_status":"closed","ping_status":"closed","template":"","meta":{"colormag_page_container_layout":"default_layout","colormag_page_sidebar_layout":"default_layout","footnotes":""},"class_list":["post-380","page","type-page","status-publish","hentry"],"_links":{"self":[{"href":"https:\/\/paracambi.rj.gov.br\/sites\/villa-lobos\/wp-json\/wp\/v2\/pages\/380","targetHints":{"allow":["GET"]}}],"collection":[{"href":"https:\/\/paracambi.rj.gov.br\/sites\/villa-lobos\/wp-json\/wp\/v2\/pages"}],"about":[{"href":"https:\/\/paracambi.rj.gov.br\/sites\/villa-lobos\/wp-json\/wp\/v2\/types\/page"}],"author":[{"embeddable":true,"href":"https:\/\/paracambi.rj.gov.br\/sites\/villa-lobos\/wp-json\/wp\/v2\/users\/3"}],"replies":[{"embeddable":true,"href":"https:\/\/paracambi.rj.gov.br\/sites\/villa-lobos\/wp-json\/wp\/v2\/comments?post=380"}],"version-history":[{"count":9,"href":"https:\/\/paracambi.rj.gov.br\/sites\/villa-lobos\/wp-json\/wp\/v2\/pages\/380\/revisions"}],"predecessor-version":[{"id":1410,"href":"https:\/\/paracambi.rj.gov.br\/sites\/villa-lobos\/wp-json\/wp\/v2\/pages\/380\/revisions\/1410"}],"wp:attachment":[{"href":"https:\/\/paracambi.rj.gov.br\/sites\/villa-lobos\/wp-json\/wp\/v2\/media?parent=380"}],"curies":[{"name":"wp","href":"https:\/\/api.w.org\/{rel}","templated":true}]}}