{"id":381,"date":"2022-02-15T10:36:32","date_gmt":"2022-02-15T13:36:32","guid":{"rendered":"https:\/\/paracambi.rj.gov.br\/sites\/villa-lobos\/?page_id=381"},"modified":"2022-03-29T07:49:19","modified_gmt":"2022-03-29T10:49:19","slug":"trombone","status":"publish","type":"page","link":"https:\/\/paracambi.rj.gov.br\/sites\/villa-lobos\/trombone\/","title":{"rendered":"Trombone"},"content":{"rendered":"\n<figure class=\"wp-block-image size-medium\"><img data-recalc-dims=\"1\" decoding=\"async\" width=\"300\" height=\"159\" data-attachment-id=\"1233\" data-permalink=\"https:\/\/paracambi.rj.gov.br\/sites\/villa-lobos\/trombone\/trombone-2\/\" data-orig-file=\"https:\/\/i0.wp.com\/paracambi.rj.gov.br\/sites\/villa-lobos\/wp-content\/uploads\/sites\/3\/2022\/03\/Trombone.jpg?fit=787%2C417&amp;ssl=1\" data-orig-size=\"787,417\" data-comments-opened=\"1\" data-image-meta=\"{&quot;aperture&quot;:&quot;0&quot;,&quot;credit&quot;:&quot;&quot;,&quot;camera&quot;:&quot;&quot;,&quot;caption&quot;:&quot;&quot;,&quot;created_timestamp&quot;:&quot;0&quot;,&quot;copyright&quot;:&quot;&quot;,&quot;focal_length&quot;:&quot;0&quot;,&quot;iso&quot;:&quot;0&quot;,&quot;shutter_speed&quot;:&quot;0&quot;,&quot;title&quot;:&quot;&quot;,&quot;orientation&quot;:&quot;0&quot;}\" data-image-title=\"Trombone\" data-image-description=\"\" data-image-caption=\"\" data-large-file=\"https:\/\/i0.wp.com\/paracambi.rj.gov.br\/sites\/villa-lobos\/wp-content\/uploads\/sites\/3\/2022\/03\/Trombone.jpg?fit=787%2C417&amp;ssl=1\" src=\"https:\/\/i0.wp.com\/paracambi.rj.gov.br\/sites\/villa-lobos\/wp-content\/uploads\/sites\/3\/2022\/03\/Trombone.jpg?resize=300%2C159&#038;ssl=1\" alt=\"\" class=\"wp-image-1233\" srcset=\"https:\/\/i0.wp.com\/paracambi.rj.gov.br\/sites\/villa-lobos\/wp-content\/uploads\/sites\/3\/2022\/03\/Trombone.jpg?resize=300%2C159&amp;ssl=1 300w, https:\/\/i0.wp.com\/paracambi.rj.gov.br\/sites\/villa-lobos\/wp-content\/uploads\/sites\/3\/2022\/03\/Trombone.jpg?resize=768%2C407&amp;ssl=1 768w, https:\/\/i0.wp.com\/paracambi.rj.gov.br\/sites\/villa-lobos\/wp-content\/uploads\/sites\/3\/2022\/03\/Trombone.jpg?resize=390%2C205&amp;ssl=1 390w, https:\/\/i0.wp.com\/paracambi.rj.gov.br\/sites\/villa-lobos\/wp-content\/uploads\/sites\/3\/2022\/03\/Trombone.jpg?w=787&amp;ssl=1 787w\" sizes=\"(max-width: 300px) 100vw, 300px\" \/><\/figure>\n\n\n\n<p class=\"has-text-align-justify\" style=\"font-size:16px\">O trombone \u00e9 um aerofone da fam\u00edlia dos metais cuja inven\u00e7\u00e3o remonta ao s\u00e9culo XV. Seu nome deriva do italiano e significa trompete grande. \u00c9 mais grave que o trompete e mais agudo que a tuba e, n\u00e3o sendo um instrumento transpositor, tem sua nota\u00e7\u00e3o na clave de f\u00e1 &#8211; para as regi\u00f5es grave e m\u00e9dia da tessitura &#8211; e clave de d\u00f3 na quarta ou terceira linha &#8211; para os m\u00e9dios e agudos. Eventualmente, especialmente na composi\u00e7\u00e3o francesa e para a regi\u00e3o aguda, o trombone tem sua nota\u00e7\u00e3o em clave de sol.<\/p>\n\n\n\n<p class=\"has-text-align-justify\" style=\"font-size:16px\">A fam\u00edlia do trombone apresentava originalmente os instrumentos soprano, contralto, alto, tenor e Baixo. Ao longo dos s\u00e9culos alguns tipos foram caindo em desuso. O Romantismo consagrou o trombone tenor e o baixo como os mais empregados, entretanto o s\u00e9culo XX trouxe de volta o trombone alto e mesmo o trombone contrabaixo, que apareceu originalmente nas composi\u00e7\u00f5es de Richard Wagner. No Brasil Heitor Villa-Lobos empregou dois tipos de trombone contrabaixo em suas composi\u00e7\u00f5es para banda.<\/p>\n\n\n\n<p class=\"has-text-align-justify\" style=\"font-size:16px\">O trombone possui um mecanismo de \u00eambolo &#8211; chamado de vara. Esta parte \u00e9 m\u00f3vel e, usando um dos bra\u00e7os, o trombonista pode estic\u00e1-la por mais seis posi\u00e7\u00f5es al\u00e9m do \u00eambolo fechado totalizando sete posi\u00e7\u00f5es. Musicalmente a dist\u00e2ncia de uma posi\u00e7\u00e3o para outra significa um semitom o que significa dizer que a nota que esteja soando na primeira posi\u00e7\u00e3o pode ser abaixada em at\u00e9 uma quarta aumentada (6 semitons).<\/p>\n\n\n\n<p class=\"has-text-align-justify\" style=\"font-size:16px\">Esta \u00e9 igualmente a extens\u00e3o m\u00e1xima para o efeito glissando, t\u00edpico do trombone. No come\u00e7o do s\u00e9culo XVIII o sistema de v\u00e1lvulas e de pistos foram inventados para os instrumentos de metais. Assim como nos trompetes e trompas, o trombone de pistos e o de v\u00e1lvulas foram constru\u00eddos, ganhando espa\u00e7o nas composi\u00e7\u00f5es de Giuseppe Verdi e Antonin Dvorak, entre outros. No Brasil o trombone de pisto \u00e9 o mais comum, sendo bastante usado em bandas e em igrejas.<\/p>\n\n\n\n<p class=\"has-text-align-right\"><a href=\"https:\/\/paracambi.rj.gov.br\/sites\/villa-lobos\/teclado\/\">Voltar<\/a> <a href=\"https:\/\/paracambi.rj.gov.br\/sites\/villa-lobos\/trompete\/\">Pr\u00f3ximo<\/a><\/p>\n","protected":false},"excerpt":{"rendered":"<p>O trombone \u00e9 um aerofone da fam\u00edlia dos metais cuja inven\u00e7\u00e3o remonta ao s\u00e9culo XV. Seu nome deriva do italiano<\/p>\n","protected":false},"author":3,"featured_media":0,"parent":0,"menu_order":0,"comment_status":"closed","ping_status":"closed","template":"","meta":{"colormag_page_container_layout":"default_layout","colormag_page_sidebar_layout":"default_layout","footnotes":""},"class_list":["post-381","page","type-page","status-publish","hentry"],"_links":{"self":[{"href":"https:\/\/paracambi.rj.gov.br\/sites\/villa-lobos\/wp-json\/wp\/v2\/pages\/381","targetHints":{"allow":["GET"]}}],"collection":[{"href":"https:\/\/paracambi.rj.gov.br\/sites\/villa-lobos\/wp-json\/wp\/v2\/pages"}],"about":[{"href":"https:\/\/paracambi.rj.gov.br\/sites\/villa-lobos\/wp-json\/wp\/v2\/types\/page"}],"author":[{"embeddable":true,"href":"https:\/\/paracambi.rj.gov.br\/sites\/villa-lobos\/wp-json\/wp\/v2\/users\/3"}],"replies":[{"embeddable":true,"href":"https:\/\/paracambi.rj.gov.br\/sites\/villa-lobos\/wp-json\/wp\/v2\/comments?post=381"}],"version-history":[{"count":4,"href":"https:\/\/paracambi.rj.gov.br\/sites\/villa-lobos\/wp-json\/wp\/v2\/pages\/381\/revisions"}],"predecessor-version":[{"id":1326,"href":"https:\/\/paracambi.rj.gov.br\/sites\/villa-lobos\/wp-json\/wp\/v2\/pages\/381\/revisions\/1326"}],"wp:attachment":[{"href":"https:\/\/paracambi.rj.gov.br\/sites\/villa-lobos\/wp-json\/wp\/v2\/media?parent=381"}],"curies":[{"name":"wp","href":"https:\/\/api.w.org\/{rel}","templated":true}]}}