{"id":383,"date":"2022-02-15T10:36:32","date_gmt":"2022-02-15T13:36:32","guid":{"rendered":"https:\/\/paracambi.rj.gov.br\/sites\/villa-lobos\/?page_id=383"},"modified":"2022-03-29T07:52:58","modified_gmt":"2022-03-29T10:52:58","slug":"violao","status":"publish","type":"page","link":"https:\/\/paracambi.rj.gov.br\/sites\/villa-lobos\/violao\/","title":{"rendered":"Viol\u00e3o"},"content":{"rendered":"\n<figure class=\"wp-block-image size-medium\"><img data-recalc-dims=\"1\" fetchpriority=\"high\" decoding=\"async\" width=\"300\" height=\"300\" data-attachment-id=\"1238\" data-permalink=\"https:\/\/paracambi.rj.gov.br\/sites\/villa-lobos\/violao\/violao-3\/\" data-orig-file=\"https:\/\/i0.wp.com\/paracambi.rj.gov.br\/sites\/villa-lobos\/wp-content\/uploads\/sites\/3\/2022\/03\/Violao.webp?fit=550%2C550&amp;ssl=1\" data-orig-size=\"550,550\" data-comments-opened=\"1\" data-image-meta=\"{&quot;aperture&quot;:&quot;0&quot;,&quot;credit&quot;:&quot;&quot;,&quot;camera&quot;:&quot;&quot;,&quot;caption&quot;:&quot;&quot;,&quot;created_timestamp&quot;:&quot;0&quot;,&quot;copyright&quot;:&quot;&quot;,&quot;focal_length&quot;:&quot;0&quot;,&quot;iso&quot;:&quot;0&quot;,&quot;shutter_speed&quot;:&quot;0&quot;,&quot;title&quot;:&quot;&quot;,&quot;orientation&quot;:&quot;0&quot;}\" data-image-title=\"Violao\" data-image-description=\"\" data-image-caption=\"\" data-medium-file=\"https:\/\/i0.wp.com\/paracambi.rj.gov.br\/sites\/villa-lobos\/wp-content\/uploads\/sites\/3\/2022\/03\/Violao.webp?fit=300%2C300&amp;ssl=1\" data-large-file=\"https:\/\/i0.wp.com\/paracambi.rj.gov.br\/sites\/villa-lobos\/wp-content\/uploads\/sites\/3\/2022\/03\/Violao.webp?fit=550%2C550&amp;ssl=1\" src=\"https:\/\/i0.wp.com\/paracambi.rj.gov.br\/sites\/villa-lobos\/wp-content\/uploads\/sites\/3\/2022\/03\/Violao.webp?resize=300%2C300&#038;ssl=1\" alt=\"\" class=\"wp-image-1238\" srcset=\"https:\/\/i0.wp.com\/paracambi.rj.gov.br\/sites\/villa-lobos\/wp-content\/uploads\/sites\/3\/2022\/03\/Violao.webp?resize=300%2C300&amp;ssl=1 300w, https:\/\/i0.wp.com\/paracambi.rj.gov.br\/sites\/villa-lobos\/wp-content\/uploads\/sites\/3\/2022\/03\/Violao.webp?resize=150%2C150&amp;ssl=1 150w, https:\/\/i0.wp.com\/paracambi.rj.gov.br\/sites\/villa-lobos\/wp-content\/uploads\/sites\/3\/2022\/03\/Violao.webp?w=550&amp;ssl=1 550w\" sizes=\"(max-width: 300px) 100vw, 300px\" \/><\/figure>\n\n\n\n<p class=\"has-text-align-justify\">A guitarra cl\u00e1ssica (conhecida no Brasil como viol\u00e3o) \u00e9 um instrumento musical de cordas (cordofone) ac\u00fastico, possivelmente derivada do ala\u00fade \u00e1rabe ou da c\u00edtara romana h\u00e1 quase 2 000 a.C., modernamente produzida na Espanha para a interpreta\u00e7\u00e3o de pe\u00e7as de m\u00fasica erudita, sendo formado por um corpo oco e chato, em forma de oito, feito de v\u00e1rias madeiras diferentes. O bra\u00e7o possui trastes que o torna um instrumento temperado, comumente \u00e9 composto de seis cordas (de tripa ou com materiais sint\u00e9ticos como nylon, nylgut, fluorocarbono), mas h\u00e1 varia\u00e7\u00f5es com outras configura\u00e7\u00f5es, como o viol\u00e3o de sete cordas e o viol\u00e3o baixo com 4 cordas, afinadas uma oitava abaixo das 4 cordas mais graves do viol\u00e3o\/viola.<\/p>\n\n\n\n<p class=\"has-text-align-justify\">A sua configura\u00e7\u00e3o moderna e desenho foram confeccionados na Espanha. Presente hoje em quase todos os g\u00e9neros musicais populares, sua abrang\u00eancia s\u00f3 se compara \u00e0 do piano. Ao longo do tempo este instrumento sofreu grandes evolu\u00e7\u00f5es e, hoje em dia, possui uma grande variedade de formatos e tamanhos, cada qual mais apropriado a um estilo de execu\u00e7\u00e3o. Entre os g\u00e9neros que mais utilizam a guitarra cl\u00e1ssica est\u00e3o a m\u00fasica erudita, o flamenco espanhol, a valsa peruana, a cumbia colombiana, o joropo venezuelano, as rancheras mexicanas, a MPB, o samba, o fado portugu\u00eas, a modinha, a morna, o choro, a bossa nova, as gaitas, entre outros.<\/p>\n\n\n\n<p class=\"has-text-align-justify\">Na l\u00edngua portuguesa, o nome &#8220;guitarra&#8221; se aplica ao instrumento ac\u00fastico ou el\u00e9trico indistintamente. No Brasil manteve-se a designa\u00e7\u00e3o mais comum viol\u00e3o para a guitarra cl\u00e1ssica. Em Cabo Verde utiliza-se tamb\u00e9m a designa\u00e7\u00e3o viol\u00e3o (a par de &#8220;viola&#8221; e &#8220;guitarra cl\u00e1ssica&#8221;) para a guitarra cl\u00e1ssica. Acredita-se que o nome derive diretamente do termo &#8220;viola&#8221;, que designa as violas portuguesas, da qual a viola caipira brasileira \u00e9 uma evolu\u00e7\u00e3o. Embora possua v\u00e1rias diferen\u00e7as de timbre e de n\u00famero de cordas, a viola \u00e9 muito semelhante em formato \u00e0 guitarra, apenas menor. Apesar de referir-se ao mesmo instrumento que a guitarra, a origem lingu\u00edstica do nome &#8220;viol\u00e3o&#8221; foi o termo &#8220;viola&#8221;, acrescido da desin\u00eancia de grau &#8220;\u00e3o&#8221;.<\/p>\n\n\n\n<p class=\"has-text-align-justify\">O nome viol\u00e3o hoje faz parte do vocabul\u00e1rio de todos os brasileiros e designa de forma inequ\u00edvoca a guitarra cl\u00e1ssica. Muitos compositores e estudiosos tentaram, sem sucesso, fazer com que o termo guitarra voltasse a ser utilizado no Brasil para unificar a nomenclatura a todas as outras l\u00ednguas. Apenas no s\u00e9culo XX o nome guitarra retornou ao vocabul\u00e1rio corrente dos brasileiros, mas apenas para designar a vers\u00e3o eletrificada (guitarra el\u00e9trica). O nome guitarra cl\u00e1ssica tamb\u00e9m acaba sendo alternativamente utilizado, muitas vezes, para designar os modelos de guitarras semiac\u00fasticas do jazz e blues tradicionais.<\/p>\n\n\n\n<p class=\"has-text-align-right\"><a href=\"https:\/\/paracambi.rj.gov.br\/sites\/villa-lobos\/trompete\/\">Voltar<\/a> <a href=\"https:\/\/paracambi.rj.gov.br\/sites\/villa-lobos\/violino\/\">Pr\u00f3ximo<\/a><\/p>\n","protected":false},"excerpt":{"rendered":"<p>A guitarra cl\u00e1ssica (conhecida no Brasil como viol\u00e3o) \u00e9 um instrumento musical de cordas (cordofone) ac\u00fastico, possivelmente derivada do ala\u00fade<\/p>\n","protected":false},"author":3,"featured_media":0,"parent":0,"menu_order":0,"comment_status":"closed","ping_status":"closed","template":"","meta":{"colormag_page_container_layout":"default_layout","colormag_page_sidebar_layout":"default_layout","footnotes":""},"class_list":["post-383","page","type-page","status-publish","hentry"],"_links":{"self":[{"href":"https:\/\/paracambi.rj.gov.br\/sites\/villa-lobos\/wp-json\/wp\/v2\/pages\/383","targetHints":{"allow":["GET"]}}],"collection":[{"href":"https:\/\/paracambi.rj.gov.br\/sites\/villa-lobos\/wp-json\/wp\/v2\/pages"}],"about":[{"href":"https:\/\/paracambi.rj.gov.br\/sites\/villa-lobos\/wp-json\/wp\/v2\/types\/page"}],"author":[{"embeddable":true,"href":"https:\/\/paracambi.rj.gov.br\/sites\/villa-lobos\/wp-json\/wp\/v2\/users\/3"}],"replies":[{"embeddable":true,"href":"https:\/\/paracambi.rj.gov.br\/sites\/villa-lobos\/wp-json\/wp\/v2\/comments?post=383"}],"version-history":[{"count":4,"href":"https:\/\/paracambi.rj.gov.br\/sites\/villa-lobos\/wp-json\/wp\/v2\/pages\/383\/revisions"}],"predecessor-version":[{"id":1329,"href":"https:\/\/paracambi.rj.gov.br\/sites\/villa-lobos\/wp-json\/wp\/v2\/pages\/383\/revisions\/1329"}],"wp:attachment":[{"href":"https:\/\/paracambi.rj.gov.br\/sites\/villa-lobos\/wp-json\/wp\/v2\/media?parent=383"}],"curies":[{"name":"wp","href":"https:\/\/api.w.org\/{rel}","templated":true}]}}