{"id":384,"date":"2022-02-15T10:36:32","date_gmt":"2022-02-15T13:36:32","guid":{"rendered":"https:\/\/paracambi.rj.gov.br\/sites\/villa-lobos\/?page_id=384"},"modified":"2022-03-29T07:54:24","modified_gmt":"2022-03-29T10:54:24","slug":"violino","status":"publish","type":"page","link":"https:\/\/paracambi.rj.gov.br\/sites\/villa-lobos\/violino\/","title":{"rendered":"Violino"},"content":{"rendered":"\n<figure class=\"wp-block-image size-medium\"><img data-recalc-dims=\"1\" fetchpriority=\"high\" decoding=\"async\" width=\"275\" height=\"300\" data-attachment-id=\"1241\" data-permalink=\"https:\/\/paracambi.rj.gov.br\/sites\/villa-lobos\/violino\/violino-2\/\" data-orig-file=\"https:\/\/i0.wp.com\/paracambi.rj.gov.br\/sites\/villa-lobos\/wp-content\/uploads\/sites\/3\/2022\/03\/Violino.jpg?fit=1464%2C1600&amp;ssl=1\" data-orig-size=\"1464,1600\" data-comments-opened=\"1\" data-image-meta=\"{&quot;aperture&quot;:&quot;0&quot;,&quot;credit&quot;:&quot;&quot;,&quot;camera&quot;:&quot;&quot;,&quot;caption&quot;:&quot;&quot;,&quot;created_timestamp&quot;:&quot;0&quot;,&quot;copyright&quot;:&quot;&quot;,&quot;focal_length&quot;:&quot;0&quot;,&quot;iso&quot;:&quot;0&quot;,&quot;shutter_speed&quot;:&quot;0&quot;,&quot;title&quot;:&quot;&quot;,&quot;orientation&quot;:&quot;0&quot;}\" data-image-title=\"Violino\" data-image-description=\"\" data-image-caption=\"\" data-medium-file=\"https:\/\/i0.wp.com\/paracambi.rj.gov.br\/sites\/villa-lobos\/wp-content\/uploads\/sites\/3\/2022\/03\/Violino.jpg?fit=275%2C300&amp;ssl=1\" data-large-file=\"https:\/\/i0.wp.com\/paracambi.rj.gov.br\/sites\/villa-lobos\/wp-content\/uploads\/sites\/3\/2022\/03\/Violino.jpg?fit=800%2C874&amp;ssl=1\" src=\"https:\/\/i0.wp.com\/paracambi.rj.gov.br\/sites\/villa-lobos\/wp-content\/uploads\/sites\/3\/2022\/03\/Violino.jpg?resize=275%2C300&#038;ssl=1\" alt=\"\" class=\"wp-image-1241\" srcset=\"https:\/\/i0.wp.com\/paracambi.rj.gov.br\/sites\/villa-lobos\/wp-content\/uploads\/sites\/3\/2022\/03\/Violino.jpg?resize=275%2C300&amp;ssl=1 275w, https:\/\/i0.wp.com\/paracambi.rj.gov.br\/sites\/villa-lobos\/wp-content\/uploads\/sites\/3\/2022\/03\/Violino.jpg?resize=937%2C1024&amp;ssl=1 937w, https:\/\/i0.wp.com\/paracambi.rj.gov.br\/sites\/villa-lobos\/wp-content\/uploads\/sites\/3\/2022\/03\/Violino.jpg?resize=768%2C839&amp;ssl=1 768w, https:\/\/i0.wp.com\/paracambi.rj.gov.br\/sites\/villa-lobos\/wp-content\/uploads\/sites\/3\/2022\/03\/Violino.jpg?resize=1405%2C1536&amp;ssl=1 1405w, https:\/\/i0.wp.com\/paracambi.rj.gov.br\/sites\/villa-lobos\/wp-content\/uploads\/sites\/3\/2022\/03\/Violino.jpg?w=1464&amp;ssl=1 1464w\" sizes=\"(max-width: 275px) 100vw, 275px\" \/><\/figure>\n\n\n\n<p class=\"has-text-align-justify\">          O violino \u00e9 um instrumento musical, classificado como Instrumento de cordas ou cordofone. Foi inventado por Gasparo de Sal\u00f2, um italiano que viveu entre os anos 1540 e 1609. O termo &#8220;violino&#8221; foi introduzido na l\u00edngua portuguesa no s\u00e9culo XX. At\u00e9 ent\u00e3o, a designa\u00e7\u00e3o do instrumento era rabeca, palavra que ainda se utiliza em muitos lugares. \u00c9 o menor e mais agudo dos instrumentos de sua fam\u00edlia (que ainda possui a viola, o violoncelo e o contrabaixo, correspondendo ao Soprano da voz humana).<\/p>\n\n\n\n<p class=\"has-text-align-justify\">O violino possui quatro cordas percutidas, com afina\u00e7\u00e3o da mais aguda \u00e0 mais grave: O timbre do violino \u00e9 agudo, brilhante e estridente, mas dependendo do encordoamento utilizado e da forma que \u00e9 tocado, podem-se produzir timbres mais aveludados. O som geralmente \u00e9 produzido pela a\u00e7\u00e3o de friccionar as cerdas de um arco de madeira sobre as cordas. Tamb\u00e9m pode ser executado beliscando as cordas (pizzicato), pela fric\u00e7\u00e3o da parte de madeira do arco (col legno), ou mesmo por percuss\u00e3o com os dedos ou com a parte de tr\u00e1s do arco.<\/p>\n\n\n\n<p class=\"has-text-align-justify\">          Toca-se com o arco a passar nas cordas e faz um som diferente de acordo com as cordas tocadas (corda mi aguda, corda sol grave). Assim como outros instrumentos de percuss\u00e3o, os violinos tamb\u00e9m podem ser amplificados eletronicamente. A sua utiliza\u00e7\u00e3o mais comum \u00e9 nos naipes de cordas das orquestras. O g\u00e9nero mais comum \u00e9 a m\u00fasica de concerto. Existem no entanto diversos m\u00fasicos que o utilizam na m\u00fasica folcl\u00f3rica, popular, rock e outros g\u00e9neros.<\/p>\n\n\n\n<p class=\"has-text-align-justify\">          Na orquestra, o l\u00edder do naipe de primeiros-violinos \u00e9 chamado de spalla. Depois do maestro, ele \u00e9 o comandante da orquestra. O spalla fica \u00e0 esquerda do maestro, logo na primeira estante do naipe dos primeiros-violinos. Esticada na parte inferior do arco est\u00e3o as cerdas, que s\u00e3o feitas de v\u00e1rios fios de crina de cavalo, ou de material sint\u00e9tico. A extens\u00e3o do violino \u00e9 do Sol 3 (mais grave e a \u00faltima corda solta), ao Si 6 (3 notas antes da mais aguda que se pode ouvir).<\/p>\n\n\n\n<p class=\"has-text-align-right\"><a href=\"https:\/\/paracambi.rj.gov.br\/sites\/villa-lobos\/violao\/\">Voltar<\/a><\/p>\n","protected":false},"excerpt":{"rendered":"<p>O violino \u00e9 um instrumento musical, classificado como Instrumento de cordas ou cordofone. Foi inventado por Gasparo de Sal\u00f2, um<\/p>\n","protected":false},"author":3,"featured_media":0,"parent":0,"menu_order":0,"comment_status":"closed","ping_status":"closed","template":"","meta":{"colormag_page_container_layout":"default_layout","colormag_page_sidebar_layout":"default_layout","footnotes":""},"class_list":["post-384","page","type-page","status-publish","hentry"],"_links":{"self":[{"href":"https:\/\/paracambi.rj.gov.br\/sites\/villa-lobos\/wp-json\/wp\/v2\/pages\/384","targetHints":{"allow":["GET"]}}],"collection":[{"href":"https:\/\/paracambi.rj.gov.br\/sites\/villa-lobos\/wp-json\/wp\/v2\/pages"}],"about":[{"href":"https:\/\/paracambi.rj.gov.br\/sites\/villa-lobos\/wp-json\/wp\/v2\/types\/page"}],"author":[{"embeddable":true,"href":"https:\/\/paracambi.rj.gov.br\/sites\/villa-lobos\/wp-json\/wp\/v2\/users\/3"}],"replies":[{"embeddable":true,"href":"https:\/\/paracambi.rj.gov.br\/sites\/villa-lobos\/wp-json\/wp\/v2\/comments?post=384"}],"version-history":[{"count":9,"href":"https:\/\/paracambi.rj.gov.br\/sites\/villa-lobos\/wp-json\/wp\/v2\/pages\/384\/revisions"}],"predecessor-version":[{"id":1330,"href":"https:\/\/paracambi.rj.gov.br\/sites\/villa-lobos\/wp-json\/wp\/v2\/pages\/384\/revisions\/1330"}],"wp:attachment":[{"href":"https:\/\/paracambi.rj.gov.br\/sites\/villa-lobos\/wp-json\/wp\/v2\/media?parent=384"}],"curies":[{"name":"wp","href":"https:\/\/api.w.org\/{rel}","templated":true}]}}