{"id":434,"date":"2022-02-15T10:49:39","date_gmt":"2022-02-15T13:49:39","guid":{"rendered":"https:\/\/paracambi.rj.gov.br\/sites\/villa-lobos\/?page_id=434"},"modified":"2022-03-29T10:08:11","modified_gmt":"2022-03-29T13:08:11","slug":"choro","status":"publish","type":"page","link":"https:\/\/paracambi.rj.gov.br\/sites\/villa-lobos\/choro\/","title":{"rendered":"Choro"},"content":{"rendered":"\n<p class=\"has-text-align-justify\">O Grupo de Choro \u00e9 um grupo instrumental e vocal da escola, sendo um dos grupos recentemente criados. Em seu repert\u00f3rio est\u00e3o preferencialmente os choros, que s\u00e3o m\u00fasicas ou can\u00e7\u00f5es com estruturas r\u00edtmicas ricas em agilidade, acordes vibrantes da m\u00fasica brasileira. \u00c9 formado por alunos, ex alunos e professores, contando com instrumentos das fam\u00edlias das cordas dedilhados, madeiras, metais e voz.<\/p>\n\n\n\n<p class=\"has-text-align-justify\">O repert\u00f3rio \u00e9 prioritariamente de choro brasileiro, o que requer tempo de ensaio e preparo dos m\u00fasicos, tendo em vista que o g\u00eanero musical \u00e9 bastante desafiador. Atualmente o grupo \u00e9 regido e acompanhado pelo Professor Carlos Victorino, tendo seus ensaios \u00e0s Ter\u00e7as-feiras, das 14h \u00e0s 16h. Tanto alunos, ex alunos quanto m\u00fasicos externos podem participar do grupo. As audi\u00e7\u00f5es para sele\u00e7\u00e3o de m\u00fasicos acontece sempre no in\u00edcio de cada semestre.<\/p>\n\n\n\n<p class=\"has-text-align-right\"><a href=\"https:\/\/paracambi.rj.gov.br\/sites\/villa-lobos\/big-band\/\">Voltar<\/a> <a href=\"https:\/\/paracambi.rj.gov.br\/sites\/villa-lobos\/coral\/\">Pr\u00f3ximo<\/a><\/p>\n","protected":false},"excerpt":{"rendered":"<p>O Grupo de Choro \u00e9 um grupo instrumental e vocal da escola, sendo um dos grupos recentemente criados. Em seu<\/p>\n","protected":false},"author":3,"featured_media":0,"parent":0,"menu_order":0,"comment_status":"closed","ping_status":"closed","template":"","meta":{"colormag_page_container_layout":"default_layout","colormag_page_sidebar_layout":"default_layout","footnotes":""},"class_list":["post-434","page","type-page","status-publish","hentry"],"_links":{"self":[{"href":"https:\/\/paracambi.rj.gov.br\/sites\/villa-lobos\/wp-json\/wp\/v2\/pages\/434","targetHints":{"allow":["GET"]}}],"collection":[{"href":"https:\/\/paracambi.rj.gov.br\/sites\/villa-lobos\/wp-json\/wp\/v2\/pages"}],"about":[{"href":"https:\/\/paracambi.rj.gov.br\/sites\/villa-lobos\/wp-json\/wp\/v2\/types\/page"}],"author":[{"embeddable":true,"href":"https:\/\/paracambi.rj.gov.br\/sites\/villa-lobos\/wp-json\/wp\/v2\/users\/3"}],"replies":[{"embeddable":true,"href":"https:\/\/paracambi.rj.gov.br\/sites\/villa-lobos\/wp-json\/wp\/v2\/comments?post=434"}],"version-history":[{"count":5,"href":"https:\/\/paracambi.rj.gov.br\/sites\/villa-lobos\/wp-json\/wp\/v2\/pages\/434\/revisions"}],"predecessor-version":[{"id":1375,"href":"https:\/\/paracambi.rj.gov.br\/sites\/villa-lobos\/wp-json\/wp\/v2\/pages\/434\/revisions\/1375"}],"wp:attachment":[{"href":"https:\/\/paracambi.rj.gov.br\/sites\/villa-lobos\/wp-json\/wp\/v2\/media?parent=434"}],"curies":[{"name":"wp","href":"https:\/\/api.w.org\/{rel}","templated":true}]}}