{"id":435,"date":"2022-02-15T10:49:39","date_gmt":"2022-02-15T13:49:39","guid":{"rendered":"https:\/\/paracambi.rj.gov.br\/sites\/villa-lobos\/?page_id=435"},"modified":"2022-03-29T10:00:50","modified_gmt":"2022-03-29T13:00:50","slug":"big-band","status":"publish","type":"page","link":"https:\/\/paracambi.rj.gov.br\/sites\/villa-lobos\/big-band\/","title":{"rendered":"Big Band"},"content":{"rendered":"\n<p class=\"has-text-align-justify\">A Big Band \u00e9 um grupo instrumental de ensaios fixos da nossa escola, sendo um dos grupos mais antigos da escola. Com repert\u00f3rio bem ecl\u00e9tico, a banda j\u00e1 se apresentou tocando temas de filmes, sucessos nacionais e internacionais e tamb\u00e9m m\u00fasicas c\u00edvicas, como o Hino Nacional Brasileiro.&nbsp; \u00c9 formada por alunos em curso ou ex alunos formados pela escola e conta com diversos instrumentos das fam\u00edlias dos metais, madeiras, percuss\u00e3o e instrumentos el\u00e9tricos.&nbsp;<\/p>\n\n\n\n<p class=\"has-text-align-justify\">Atualmente o regente \u00e9 o Professor Val\u00e9rio do Valle e conta com os Professores Rafael Adelino, Natanael Andrade e Robson Holyfield como auxiliares de naipe. Os ensaios acontecem \u00e0s Quartas-feiras, das 14h \u00e0s 16h na sala de ensaios da escola e tanto alunos, ex alunos, quanto m\u00fasicos externos podem participar. As audi\u00e7\u00f5es para sele\u00e7\u00e3o de m\u00fasicos acontece sempre no in\u00edcio de cada semestre.<\/p>\n\n\n\n<p class=\"has-text-align-justify\"><strong>BIG BAND &#8211; PROFESSORES<\/strong><br>A Big Band &#8211; Professores \u00e9 uma importante extens\u00e3o da banda instrumental da escola, por\u00e9m em sua vers\u00e3o apenas com professores. Surgiu da necessidade de ter um grupo instrumental reduzido que tivesse profici\u00eancia instrumental para atender \u00e0s crescentes demandas por agenda de apresenta\u00e7\u00f5es sem a necessidade de muitos dias de ensaios.<\/p>\n\n\n\n<p class=\"has-text-align-justify\">\u00c9 formada apenas pelos professores auxiliares de naipes da Big Band, somando-se a eles o regente Val\u00e9rio do Valle com seu instrumento de sopro da fam\u00edlia das madeiras com palhetas. Os ensaios s\u00e3o abertos com agendamento pr\u00e9vio e acontecem \u00e0s Sextas-feiras, das 9h \u00e0s 11h na sala de ensaios da escola.<\/p>\n\n\n\n<p class=\"has-text-align-right\"><a href=\"https:\/\/paracambi.rj.gov.br\/sites\/villa-lobos\/grupos\/\">Voltar<\/a> <a href=\"https:\/\/paracambi.rj.gov.br\/sites\/villa-lobos\/choro\/\">Pr\u00f3ximo<\/a><\/p>\n","protected":false},"excerpt":{"rendered":"<p>A Big Band \u00e9 um grupo instrumental de ensaios fixos da nossa escola, sendo um dos grupos mais antigos da<\/p>\n","protected":false},"author":3,"featured_media":0,"parent":0,"menu_order":0,"comment_status":"closed","ping_status":"closed","template":"","meta":{"colormag_page_container_layout":"default_layout","colormag_page_sidebar_layout":"default_layout","footnotes":""},"class_list":["post-435","page","type-page","status-publish","hentry"],"_links":{"self":[{"href":"https:\/\/paracambi.rj.gov.br\/sites\/villa-lobos\/wp-json\/wp\/v2\/pages\/435","targetHints":{"allow":["GET"]}}],"collection":[{"href":"https:\/\/paracambi.rj.gov.br\/sites\/villa-lobos\/wp-json\/wp\/v2\/pages"}],"about":[{"href":"https:\/\/paracambi.rj.gov.br\/sites\/villa-lobos\/wp-json\/wp\/v2\/types\/page"}],"author":[{"embeddable":true,"href":"https:\/\/paracambi.rj.gov.br\/sites\/villa-lobos\/wp-json\/wp\/v2\/users\/3"}],"replies":[{"embeddable":true,"href":"https:\/\/paracambi.rj.gov.br\/sites\/villa-lobos\/wp-json\/wp\/v2\/comments?post=435"}],"version-history":[{"count":7,"href":"https:\/\/paracambi.rj.gov.br\/sites\/villa-lobos\/wp-json\/wp\/v2\/pages\/435\/revisions"}],"predecessor-version":[{"id":1369,"href":"https:\/\/paracambi.rj.gov.br\/sites\/villa-lobos\/wp-json\/wp\/v2\/pages\/435\/revisions\/1369"}],"wp:attachment":[{"href":"https:\/\/paracambi.rj.gov.br\/sites\/villa-lobos\/wp-json\/wp\/v2\/media?parent=435"}],"curies":[{"name":"wp","href":"https:\/\/api.w.org\/{rel}","templated":true}]}}