{"id":443,"date":"2022-02-15T10:50:41","date_gmt":"2022-02-15T13:50:41","guid":{"rendered":"https:\/\/paracambi.rj.gov.br\/sites\/villa-lobos\/?page_id=443"},"modified":"2022-03-29T10:24:19","modified_gmt":"2022-03-29T13:24:19","slug":"orquestra-de-camara","status":"publish","type":"page","link":"https:\/\/paracambi.rj.gov.br\/sites\/villa-lobos\/orquestra-de-camara\/","title":{"rendered":"Orquestra de C\u00e2mara"},"content":{"rendered":"\n<p class=\"has-text-align-justify\" style=\"font-size:16px\">O Grupo de C\u00e2mara \u00e9 um dos grupos mais recentemente criados pela escola, de ensaios fixos, contando apenas com professores de instrumentos de concerto em sua forma\u00e7\u00e3o. Com repert\u00f3rio de concerto, costuma ensaiar e apresentar obras de compositores eruditos e populares brasileiros ou estrangeiros. <\/p>\n\n\n\n<p class=\"has-text-align-justify\" style=\"font-size:16px\">\u00c9 formado por professores de instrumentos de sopro, cordas e teclas e por sua configura\u00e7\u00e3o de instrumentistas com n\u00famero reduzido recebe o nome de grupo de c\u00e2mara. Outra caracter\u00edstica marcante \u00e9 o repert\u00f3rio, que num grupo reduzido tende a ser mais complexo e desafiador. Atualmente o regente \u00e9 o Professor Jefferson Lessa e os integrantes s\u00e3o os Professores Isaac Nogueira, Isa\u00edas Quintanilha, Natanael Andrade, Renato Silveira e Ronaldo Souza. Os ensaios s\u00e3o abertos e qualquer aluno, ex aluno ou p\u00fablico externo pode assistir, acontecendo \u00e0s Quintas-feiras, das 9h \u00e0s 11h na sala de ensaios da escola.<\/p>\n\n\n\n<p class=\"has-text-align-right\"><a href=\"https:\/\/paracambi.rj.gov.br\/sites\/villa-lobos\/coral\/\">Voltar<\/a><\/p>\n","protected":false},"excerpt":{"rendered":"<p>O Grupo de C\u00e2mara \u00e9 um dos grupos mais recentemente criados pela escola, de ensaios fixos, contando apenas com professores<\/p>\n","protected":false},"author":3,"featured_media":0,"parent":0,"menu_order":0,"comment_status":"closed","ping_status":"closed","template":"","meta":{"colormag_page_container_layout":"default_layout","colormag_page_sidebar_layout":"default_layout","footnotes":""},"class_list":["post-443","page","type-page","status-publish","hentry"],"_links":{"self":[{"href":"https:\/\/paracambi.rj.gov.br\/sites\/villa-lobos\/wp-json\/wp\/v2\/pages\/443","targetHints":{"allow":["GET"]}}],"collection":[{"href":"https:\/\/paracambi.rj.gov.br\/sites\/villa-lobos\/wp-json\/wp\/v2\/pages"}],"about":[{"href":"https:\/\/paracambi.rj.gov.br\/sites\/villa-lobos\/wp-json\/wp\/v2\/types\/page"}],"author":[{"embeddable":true,"href":"https:\/\/paracambi.rj.gov.br\/sites\/villa-lobos\/wp-json\/wp\/v2\/users\/3"}],"replies":[{"embeddable":true,"href":"https:\/\/paracambi.rj.gov.br\/sites\/villa-lobos\/wp-json\/wp\/v2\/comments?post=443"}],"version-history":[{"count":6,"href":"https:\/\/paracambi.rj.gov.br\/sites\/villa-lobos\/wp-json\/wp\/v2\/pages\/443\/revisions"}],"predecessor-version":[{"id":1381,"href":"https:\/\/paracambi.rj.gov.br\/sites\/villa-lobos\/wp-json\/wp\/v2\/pages\/443\/revisions\/1381"}],"wp:attachment":[{"href":"https:\/\/paracambi.rj.gov.br\/sites\/villa-lobos\/wp-json\/wp\/v2\/media?parent=443"}],"curies":[{"name":"wp","href":"https:\/\/api.w.org\/{rel}","templated":true}]}}