{"id":447,"date":"2022-02-15T10:50:59","date_gmt":"2022-02-15T13:50:59","guid":{"rendered":"https:\/\/paracambi.rj.gov.br\/sites\/villa-lobos\/?page_id=447"},"modified":"2022-03-29T10:11:18","modified_gmt":"2022-03-29T13:11:18","slug":"coral","status":"publish","type":"page","link":"https:\/\/paracambi.rj.gov.br\/sites\/villa-lobos\/coral\/","title":{"rendered":"Coral"},"content":{"rendered":"\n<p class=\"has-text-align-justify\">O Coro Canta Villa \u00e9 um grupo vocal com acompanhamento instrumental da escola e \u00e9 tamb\u00e9m um dos mais antigos existentes na escola. Com repert\u00f3rio variados, do religioso ao popular, suas apresenta\u00e7\u00f5es costumam ser bem alegres e vibrantes, uma vez que seus integrantes transparecem simpatia e bom humor. \u00c9 formado por alunos, ex alunos ou p\u00fablico externo, divididos em vozes femininas ou masculinas, em naipes agudos ou graves. \u00c9 conhecido por ser um grupo acolhedor, pois n\u00e3o h\u00e1 necessidade de experi\u00eancia em m\u00fasica para participar.<\/p>\n\n\n\n<p class=\"has-text-align-justify\">Atualmente o regente \u00e9 o Professor Jefferson Lessa e conta com acompanhamento ao piano do Professor Rafael Souza e com a prepara\u00e7\u00e3o vocal da Professora Vanessa Antunes. Os ensaios acontecem sempre \u00e0s Quintas-feiras, das 16h \u00e0s 18h na sala de ensaios. As audi\u00e7\u00f5es para sele\u00e7\u00e3o de m\u00fasicos acontece sempre no in\u00edcio de cada semestre.<\/p>\n\n\n\n<p class=\"has-text-align-right\"><a href=\"https:\/\/paracambi.rj.gov.br\/sites\/villa-lobos\/choro\/\">Voltar<\/a> <a href=\"https:\/\/paracambi.rj.gov.br\/sites\/villa-lobos\/orquestra-de-camara\/\">Pr\u00f3ximo<\/a><\/p>\n","protected":false},"excerpt":{"rendered":"<p>O Coro Canta Villa \u00e9 um grupo vocal com acompanhamento instrumental da escola e \u00e9 tamb\u00e9m um dos mais antigos<\/p>\n","protected":false},"author":3,"featured_media":0,"parent":0,"menu_order":0,"comment_status":"closed","ping_status":"closed","template":"","meta":{"colormag_page_container_layout":"default_layout","colormag_page_sidebar_layout":"default_layout","footnotes":""},"class_list":["post-447","page","type-page","status-publish","hentry"],"_links":{"self":[{"href":"https:\/\/paracambi.rj.gov.br\/sites\/villa-lobos\/wp-json\/wp\/v2\/pages\/447","targetHints":{"allow":["GET"]}}],"collection":[{"href":"https:\/\/paracambi.rj.gov.br\/sites\/villa-lobos\/wp-json\/wp\/v2\/pages"}],"about":[{"href":"https:\/\/paracambi.rj.gov.br\/sites\/villa-lobos\/wp-json\/wp\/v2\/types\/page"}],"author":[{"embeddable":true,"href":"https:\/\/paracambi.rj.gov.br\/sites\/villa-lobos\/wp-json\/wp\/v2\/users\/3"}],"replies":[{"embeddable":true,"href":"https:\/\/paracambi.rj.gov.br\/sites\/villa-lobos\/wp-json\/wp\/v2\/comments?post=447"}],"version-history":[{"count":5,"href":"https:\/\/paracambi.rj.gov.br\/sites\/villa-lobos\/wp-json\/wp\/v2\/pages\/447\/revisions"}],"predecessor-version":[{"id":1379,"href":"https:\/\/paracambi.rj.gov.br\/sites\/villa-lobos\/wp-json\/wp\/v2\/pages\/447\/revisions\/1379"}],"wp:attachment":[{"href":"https:\/\/paracambi.rj.gov.br\/sites\/villa-lobos\/wp-json\/wp\/v2\/media?parent=447"}],"curies":[{"name":"wp","href":"https:\/\/api.w.org\/{rel}","templated":true}]}}