{"id":57,"date":"2022-02-10T09:33:32","date_gmt":"2022-02-10T12:33:32","guid":{"rendered":"https:\/\/paracambi.rj.gov.br\/sites\/villa-lobos\/?page_id=57"},"modified":"2022-03-08T14:38:53","modified_gmt":"2022-03-08T17:38:53","slug":"cursos","status":"publish","type":"page","link":"https:\/\/paracambi.rj.gov.br\/sites\/villa-lobos\/cursos\/","title":{"rendered":"Cursos"},"content":{"rendered":"\n<ul class=\"wp-block-list\" style=\"font-size:16px\"><li><strong><a href=\"https:\/\/paracambi.rj.gov.br\/sites\/villa-lobos\/musicalizacao-infantil\/\">Musicaliza\u00e7\u00e3o Infantil<\/a><\/strong><\/li><li><strong><a href=\"https:\/\/paracambi.rj.gov.br\/sites\/villa-lobos\/formacao-musical-modulo-i\/\">Forma\u00e7\u00e3o Musical &#8211; M\u00f3dulo I<\/a><\/strong><\/li><li><strong><a href=\"https:\/\/paracambi.rj.gov.br\/sites\/villa-lobos\/formacao-musical-modulo-ii\/\">Forma\u00e7\u00e3o Musical &#8211; M\u00f3dulo II<\/a><\/strong><\/li><li><strong><a href=\"https:\/\/paracambi.rj.gov.br\/sites\/villa-lobos\/cursos-livres\/\">Cursos Livres<\/a><\/strong><\/li><\/ul>\n\n\n\n<p><\/p>\n","protected":false},"excerpt":{"rendered":"<p>Musicaliza\u00e7\u00e3o Infantil Forma\u00e7\u00e3o Musical &#8211; M\u00f3dulo I Forma\u00e7\u00e3o Musical &#8211; M\u00f3dulo II Cursos Livres<\/p>\n","protected":false},"author":3,"featured_media":0,"parent":0,"menu_order":0,"comment_status":"closed","ping_status":"closed","template":"","meta":{"colormag_page_container_layout":"default_layout","colormag_page_sidebar_layout":"default_layout","footnotes":""},"class_list":["post-57","page","type-page","status-publish","hentry"],"_links":{"self":[{"href":"https:\/\/paracambi.rj.gov.br\/sites\/villa-lobos\/wp-json\/wp\/v2\/pages\/57","targetHints":{"allow":["GET"]}}],"collection":[{"href":"https:\/\/paracambi.rj.gov.br\/sites\/villa-lobos\/wp-json\/wp\/v2\/pages"}],"about":[{"href":"https:\/\/paracambi.rj.gov.br\/sites\/villa-lobos\/wp-json\/wp\/v2\/types\/page"}],"author":[{"embeddable":true,"href":"https:\/\/paracambi.rj.gov.br\/sites\/villa-lobos\/wp-json\/wp\/v2\/users\/3"}],"replies":[{"embeddable":true,"href":"https:\/\/paracambi.rj.gov.br\/sites\/villa-lobos\/wp-json\/wp\/v2\/comments?post=57"}],"version-history":[{"count":7,"href":"https:\/\/paracambi.rj.gov.br\/sites\/villa-lobos\/wp-json\/wp\/v2\/pages\/57\/revisions"}],"predecessor-version":[{"id":1045,"href":"https:\/\/paracambi.rj.gov.br\/sites\/villa-lobos\/wp-json\/wp\/v2\/pages\/57\/revisions\/1045"}],"wp:attachment":[{"href":"https:\/\/paracambi.rj.gov.br\/sites\/villa-lobos\/wp-json\/wp\/v2\/media?parent=57"}],"curies":[{"name":"wp","href":"https:\/\/api.w.org\/{rel}","templated":true}]}}