{"id":62,"date":"2022-02-10T09:38:43","date_gmt":"2022-02-10T12:38:43","guid":{"rendered":"https:\/\/paracambi.rj.gov.br\/sites\/villa-lobos\/?page_id=62"},"modified":"2022-03-29T09:32:02","modified_gmt":"2022-03-29T12:32:02","slug":"musicalizacao-infantil","status":"publish","type":"page","link":"https:\/\/paracambi.rj.gov.br\/sites\/villa-lobos\/musicalizacao-infantil\/","title":{"rendered":"Musicaliza\u00e7\u00e3o Infantil"},"content":{"rendered":"\n<ul class=\"wp-block-list\" style=\"font-size:16px\"><li>Curso de <strong>MUSICALIZA\u00c7\u00c3O INFANTIL \u2013 MUS<\/strong><ul><li><strong>Ingresso<\/strong>: Edital de matr\u00edcula<\/li><\/ul><ul><li><strong>Idade<\/strong>: 4 \u2013 7 anos<\/li><\/ul><ul><li><strong>Dura\u00e7\u00e3o total<\/strong>: 2 horas semanais por 2 anos \u2013 136 horas de carga hor\u00e1ria total.<\/li><\/ul><ul><li><strong>Justificativa do curso<\/strong>: ensinar o \u2018abeced\u00e1rio\u2019 da m\u00fasica a crian\u00e7as em idade pr\u00e9 escolar sem a fixa\u00e7\u00e3o num \u00fanico instrumento, propiciando aos alunos uma viv\u00eancia experimental, l\u00fadica e prazerosa com a m\u00fasica e seus fen\u00f4menos de percep\u00e7\u00e3o, aprecia\u00e7\u00e3o, execu\u00e7\u00e3o e outros.<\/li><\/ul><ul><li><strong>Mat\u00e9rias obrigat\u00f3rias:<\/strong><ul><li><strong>MUSICALIZA\u00c7\u00c3O (MUS):<\/strong> Nessa mat\u00e9ria os pequenos v\u00e3o estudar sobre os primeiros conhecimentos da m\u00fasica de forma l\u00fadica, brincando, experimentando e fazendo m\u00fasica da melhor forma: com brinquedos e instrumentos diferentes, diferencia\u00e7\u00e3o de sons longos e cursos, viv\u00eancia de pulso, a diferen\u00e7a entre som e sil\u00eancio, percep\u00e7\u00e3o musical escrita com desenhos e pr\u00e1tica tocando numa bandinha bem divertida.<\/li><\/ul><ul><li><strong>FLAUTA DOCE EM CLASSE (FDC): <\/strong>pr\u00e1tica em grupo com a flauta doce, buscando fazer com que o aluno tenha condi\u00e7\u00f5es de experimentar os primeiros passos musicais com um dos instrumentos mais antigos e f\u00e1ceis da hist\u00f3ria da m\u00fasica.<\/li><\/ul><ul><li><strong>CANTO CORAL (CCO):<\/strong> pr\u00e1tica de conjunto usando o instrumento que j\u00e1 vem no corpo: a voz, buscando conhecer mais sobre seu corpo e a m\u00fasica que h\u00e1 dentro deles enquanto os ajudamos a criar meios de deixar essa m\u00fasica sair pelo corpo, pela voz, e harmonizar isso com o canto em grupo. As aulas tamb\u00e9m s\u00e3o de uma hora semanais.<\/li><\/ul><\/li><\/ul><\/li><\/ul>\n\n\n\n<p class=\"has-text-align-right\"><a href=\"https:\/\/paracambi.rj.gov.br\/sites\/villa-lobos\/formacao-musical-modulo-i\/\">Pr\u00f3ximo<\/a><\/p>\n","protected":false},"excerpt":{"rendered":"<p>Curso de MUSICALIZA\u00c7\u00c3O INFANTIL \u2013 MUS Ingresso: Edital de matr\u00edcula Idade: 4 \u2013 7 anos Dura\u00e7\u00e3o total: 2 horas semanais<\/p>\n","protected":false},"author":3,"featured_media":0,"parent":0,"menu_order":0,"comment_status":"closed","ping_status":"closed","template":"","meta":{"colormag_page_container_layout":"default_layout","colormag_page_sidebar_layout":"default_layout","footnotes":""},"class_list":["post-62","page","type-page","status-publish","hentry"],"_links":{"self":[{"href":"https:\/\/paracambi.rj.gov.br\/sites\/villa-lobos\/wp-json\/wp\/v2\/pages\/62","targetHints":{"allow":["GET"]}}],"collection":[{"href":"https:\/\/paracambi.rj.gov.br\/sites\/villa-lobos\/wp-json\/wp\/v2\/pages"}],"about":[{"href":"https:\/\/paracambi.rj.gov.br\/sites\/villa-lobos\/wp-json\/wp\/v2\/types\/page"}],"author":[{"embeddable":true,"href":"https:\/\/paracambi.rj.gov.br\/sites\/villa-lobos\/wp-json\/wp\/v2\/users\/3"}],"replies":[{"embeddable":true,"href":"https:\/\/paracambi.rj.gov.br\/sites\/villa-lobos\/wp-json\/wp\/v2\/comments?post=62"}],"version-history":[{"count":5,"href":"https:\/\/paracambi.rj.gov.br\/sites\/villa-lobos\/wp-json\/wp\/v2\/pages\/62\/revisions"}],"predecessor-version":[{"id":1409,"href":"https:\/\/paracambi.rj.gov.br\/sites\/villa-lobos\/wp-json\/wp\/v2\/pages\/62\/revisions\/1409"}],"wp:attachment":[{"href":"https:\/\/paracambi.rj.gov.br\/sites\/villa-lobos\/wp-json\/wp\/v2\/media?parent=62"}],"curies":[{"name":"wp","href":"https:\/\/api.w.org\/{rel}","templated":true}]}}