{"id":64,"date":"2022-02-10T09:38:43","date_gmt":"2022-02-10T12:38:43","guid":{"rendered":"https:\/\/paracambi.rj.gov.br\/sites\/villa-lobos\/?page_id=64"},"modified":"2022-02-22T14:30:38","modified_gmt":"2022-02-22T17:30:38","slug":"formacao-musical-modulo-i","status":"publish","type":"page","link":"https:\/\/paracambi.rj.gov.br\/sites\/villa-lobos\/formacao-musical-modulo-i\/","title":{"rendered":"Forma\u00e7\u00e3o Musical &#8211; M\u00f3dulo I"},"content":{"rendered":"\n<ul class=\"wp-block-list\"><li><strong>Curso de INICIA\u00c7\u00c3O MUSICAL \u2013 M\u00d3DULO 1 \u2013 ITP<\/strong><ul><li><strong>Ingresso<\/strong>: edital de matr\u00edcula<\/li><\/ul><ul><li><strong>Idade<\/strong>: 8 \u2013 12 anos<\/li><\/ul><ul><li><strong>Dura\u00e7\u00e3o total<\/strong>: 4 horas semanais por 3 anos \u2013 408 horas de carga hor\u00e1ria total.<\/li><\/ul><ul><li><strong>Justificativa do curso<\/strong>: iniciar em m\u00fasica e num instrumento crian\u00e7as que nunca tenham tido contato com o estudo formal da m\u00fasica e de um instrumento, oferecendo aos alunos experimenta\u00e7\u00f5es sonoras variadas com inten\u00e7\u00e3o de estimular habilidades como mem\u00f3ria auditiva, coordena\u00e7\u00e3o motora fina, introdu\u00e7\u00e3o no universo art\u00edstico-cultural e habilidades instrumentais diversas.<\/li><\/ul><ul><li><strong>Mat\u00e9rias obrigat\u00f3rias<\/strong>:<ul><li><strong>INTRODU\u00c7\u00c3O \u00c0 TEORIA E PERCEP\u00c7\u00c3O (ITP):<\/strong> prepara o aluno para conhecer mais a fundo a escrita, leitura, interpreta\u00e7\u00e3o, percep\u00e7\u00e3o e execu\u00e7\u00e3o musical num \u00fanico instrumento e nessa mat\u00e9ria nossas crian\u00e7as aprendem a ler, escrever, compreender, perceber, falar sobre e compor m\u00fasicas, par\u00e2metros da m\u00fasica, como ler, escrever e interpretar partituras de m\u00fasica, ritmo, solfejo, harmonia e muitos assuntos relacionados \u00e0 teoria e percep\u00e7\u00e3o musical.<\/li><\/ul><ul><li><strong>INSTRUMENTO:<\/strong> aula de um dos 16 instrumentos oferecidos pela Escola, com professores profissionais no instrumento e com habilidade de ensinar como tocar desde pe\u00e7as simples at\u00e9 mais complexas.<\/li><\/ul><ul><li><strong>CANTO CORAL (CCO): <\/strong>pr\u00e1tica de conjunto usando o instrumento que j\u00e1 vem com eles: a voz, ensinando a conhecer mais sobre seu corpo e a m\u00fasica que h\u00e1 dentro deles enquanto os ajudamos a criar meios de deixar essa m\u00fasica sair pelo corpo, pela voz, e harmonizar com o canto em grupo.<\/li><\/ul><ul><li><strong>CONJUNTO DE PERCUSS\u00c3O POPULAR (CPP): <\/strong>pr\u00e1tica de conjunto instrumental de m\u00fasica utilizando percuss\u00e3o popular para ensinar que a m\u00fasica pode ser mais do que estudar apenas um instrumento, estudando os principais ritmos brasileiros e conhecendo mais sobre cada um deles a fim de torn\u00e1-los mais conhecidos.<\/li><li><strong> CONJUNTO DE FLAUTA DOCE (CFD): <\/strong>pr\u00e1tica em grupo com a flauta doce, buscando fazer com que o aluno tenha condi\u00e7\u00f5es de experimentar os primeiros passos musicais com um dos instrumentos mais antigos e f\u00e1ceis da hist\u00f3ria da m\u00fasica.<\/li><\/ul><\/li><\/ul><\/li><\/ul>\n\n\n\n<p class=\"has-text-align-right\"><a href=\"https:\/\/paracambi.rj.gov.br\/sites\/villa-lobos\/musicalizacao-infantil\/\">Voltar<\/a>  <a href=\"https:\/\/paracambi.rj.gov.br\/sites\/villa-lobos\/formacao-musical-modulo-ii\/\">Pr\u00f3ximo<\/a><\/p>\n","protected":false},"excerpt":{"rendered":"<p>Curso de INICIA\u00c7\u00c3O MUSICAL \u2013 M\u00d3DULO 1 \u2013 ITP Ingresso: edital de matr\u00edcula Idade: 8 \u2013 12 anos Dura\u00e7\u00e3o total:<\/p>\n","protected":false},"author":3,"featured_media":0,"parent":0,"menu_order":0,"comment_status":"closed","ping_status":"closed","template":"","meta":{"colormag_page_container_layout":"default_layout","colormag_page_sidebar_layout":"default_layout","footnotes":""},"class_list":["post-64","page","type-page","status-publish","hentry"],"_links":{"self":[{"href":"https:\/\/paracambi.rj.gov.br\/sites\/villa-lobos\/wp-json\/wp\/v2\/pages\/64","targetHints":{"allow":["GET"]}}],"collection":[{"href":"https:\/\/paracambi.rj.gov.br\/sites\/villa-lobos\/wp-json\/wp\/v2\/pages"}],"about":[{"href":"https:\/\/paracambi.rj.gov.br\/sites\/villa-lobos\/wp-json\/wp\/v2\/types\/page"}],"author":[{"embeddable":true,"href":"https:\/\/paracambi.rj.gov.br\/sites\/villa-lobos\/wp-json\/wp\/v2\/users\/3"}],"replies":[{"embeddable":true,"href":"https:\/\/paracambi.rj.gov.br\/sites\/villa-lobos\/wp-json\/wp\/v2\/comments?post=64"}],"version-history":[{"count":5,"href":"https:\/\/paracambi.rj.gov.br\/sites\/villa-lobos\/wp-json\/wp\/v2\/pages\/64\/revisions"}],"predecessor-version":[{"id":638,"href":"https:\/\/paracambi.rj.gov.br\/sites\/villa-lobos\/wp-json\/wp\/v2\/pages\/64\/revisions\/638"}],"wp:attachment":[{"href":"https:\/\/paracambi.rj.gov.br\/sites\/villa-lobos\/wp-json\/wp\/v2\/media?parent=64"}],"curies":[{"name":"wp","href":"https:\/\/api.w.org\/{rel}","templated":true}]}}